{"id":890,"date":"2024-06-19T07:45:34","date_gmt":"2024-06-19T07:45:34","guid":{"rendered":"https:\/\/kljajic.element-web.com\/?page_id=890"},"modified":"2025-06-19T12:22:42","modified_gmt":"2025-06-19T10:22:42","slug":"grubbers","status":"publish","type":"page","link":"https:\/\/siatehnikadoo.rs\/bs\/masine\/pocetna\/gruberi\/","title":{"rendered":"Grubers"},"content":{"rendered":"\t\t<div data-elementor-type=\"wp-page\" data-elementor-id=\"890\" class=\"elementor elementor-890\" data-elementor-post-type=\"page\">\n\t\t\t\t<div class=\"elementor-element elementor-element-c17f223 e-flex e-con-boxed e-con e-parent\" data-id=\"c17f223\" data-element_type=\"container\" data-e-type=\"container\" data-settings=\"{&quot;background_background&quot;:&quot;classic&quot;}\">\n\t\t\t\t\t<div class=\"e-con-inner\">\n\t\t\t\t\t<\/div>\n\t\t\t\t<\/div>\n\t\t<div class=\"elementor-element elementor-element-11a9040 e-flex e-con-boxed e-con e-parent\" data-id=\"11a9040\" data-element_type=\"container\" data-e-type=\"container\">\n\t\t\t\t\t<div class=\"e-con-inner\">\n\t\t<div class=\"elementor-element elementor-element-d64e70f e-con-full e-flex e-con e-child\" data-id=\"d64e70f\" data-element_type=\"container\" data-e-type=\"container\">\n\t\t\t\t<div class=\"elementor-element elementor-element-4ab5051 elementor-drop-cap-yes elementor-drop-cap-view-default elementor-widget elementor-widget-text-editor\" data-id=\"4ab5051\" data-element_type=\"widget\" data-e-type=\"widget\" data-settings=\"{&quot;drop_cap&quot;:&quot;yes&quot;}\" data-widget_type=\"text-editor.default\">\n\t\t\t\t<div class=\"elementor-widget-container\">\n\t\t\t\t\t\t\t\t\t<p>Gruberi su specijalizovane poljoprivredne ma\u0161ine namenjene dubinskoj obradi zemlji\u0161ta. Njihova glavna uloga je rastresanje i me\u0161anje tla, \u0161to pobolj\u0161ava njegovu strukturu, olak\u0161ava prodiranje vode i pove\u0107ava dostupnost hranljivih materija biljkama. \u010cesto se koriste nakon oranja, ali pre setve, kako bi se obezbedili idealni uslovi za klijanje i rast useva.<\/p><p>SIA TEHNIKA DOO ponosno nudi vrhunske grubere, prilago\u0111ene razli\u010ditim potrebama i tipovima zemlji\u0161ta. Na\u0161i gruberi imaju robusne radne organe, podesivu dubinu rada i izdr\u017eljive okvire koji garantuju dug vek i pouzdanost.<\/p><p>Iskoristite prednosti savremene tehnologije i pru\u017eite svojim usevima najbolje uslove za rast sa grubera iz na\u0161e ponude.<\/p>\t\t\t\t\t\t\t\t<\/div>\n\t\t\t\t<\/div>\n\t\t\t\t<div class=\"elementor-element elementor-element-94e31e1 elementor-align-left elementor-mobile-align-justify elementor-widget-mobile__width-inherit elementor-widget elementor-widget-button\" data-id=\"94e31e1\" data-element_type=\"widget\" data-e-type=\"widget\" data-widget_type=\"button.default\">\n\t\t\t\t<div class=\"elementor-widget-container\">\n\t\t\t\t\t\t\t\t\t<div class=\"elementor-button-wrapper\">\n\t\t\t\t\t<a class=\"elementor-button elementor-button-link elementor-size-sm\" href=\"#elementor-action%3Aaction%3Dpopup%3Aopen%26settings%3DeyJpZCI6IjQ1MyIsInRvZ2dsZSI6ZmFsc2V9\">\n\t\t\t\t\t\t<span class=\"elementor-button-content-wrapper\">\n\t\t\t\t\t\t\t\t\t<span class=\"elementor-button-text\">Po\u0161aljite upit<\/span>\n\t\t\t\t\t<\/span>\n\t\t\t\t\t<\/a>\n\t\t\t\t<\/div>\n\t\t\t\t\t\t\t\t<\/div>\n\t\t\t\t<\/div>\n\t\t\t\t<\/div>\n\t\t<div class=\"elementor-element elementor-element-72f3a15 e-con-full e-flex e-con e-child\" data-id=\"72f3a15\" data-element_type=\"container\" data-e-type=\"container\">\n\t\t\t\t<div class=\"elementor-element elementor-element-0a355fd elementor-widget-tablet__width-inherit elementor-widget__width-inherit elementor-widget elementor-widget-image\" data-id=\"0a355fd\" data-element_type=\"widget\" data-e-type=\"widget\" data-widget_type=\"image.default\">\n\t\t\t\t<div class=\"elementor-widget-container\">\n\t\t\t\t\t\t\t\t\t\t\t\t\t\t\t<img fetchpriority=\"high\" decoding=\"async\" width=\"1200\" height=\"900\" src=\"https:\/\/siatehnikadoo.rs\/wp-content\/uploads\/2024\/11\/KRYPTON-3.jpg\" class=\"attachment-full size-full wp-image-2837\" alt=\"\" srcset=\"https:\/\/siatehnikadoo.rs\/wp-content\/uploads\/2024\/11\/KRYPTON-3.jpg 1200w, https:\/\/siatehnikadoo.rs\/wp-content\/uploads\/2024\/11\/KRYPTON-3-300x225.jpg 300w, https:\/\/siatehnikadoo.rs\/wp-content\/uploads\/2024\/11\/KRYPTON-3-1024x768.jpg 1024w, https:\/\/siatehnikadoo.rs\/wp-content\/uploads\/2024\/11\/KRYPTON-3-768x576.jpg 768w\" sizes=\"(max-width: 1200px) 100vw, 1200px\" \/>\t\t\t\t\t\t\t\t\t\t\t\t\t\t\t<\/div>\n\t\t\t\t<\/div>\n\t\t\t\t<\/div>\n\t\t\t\t<div class=\"elementor-element elementor-element-84bad7f elementor-absolute elementor-widget elementor-widget-image\" data-id=\"84bad7f\" data-element_type=\"widget\" data-e-type=\"widget\" data-settings=\"{&quot;_position&quot;:&quot;absolute&quot;,&quot;motion_fx_motion_fx_scrolling&quot;:&quot;yes&quot;,&quot;motion_fx_translateX_effect&quot;:&quot;yes&quot;,&quot;motion_fx_translateX_speed&quot;:{&quot;unit&quot;:&quot;px&quot;,&quot;size&quot;:4,&quot;sizes&quot;:[]},&quot;motion_fx_translateX_affectedRange&quot;:{&quot;unit&quot;:&quot;%&quot;,&quot;size&quot;:&quot;&quot;,&quot;sizes&quot;:{&quot;start&quot;:0,&quot;end&quot;:100}},&quot;motion_fx_devices&quot;:[&quot;desktop&quot;,&quot;laptop&quot;,&quot;tablet&quot;,&quot;mobile&quot;]}\" data-widget_type=\"image.default\">\n\t\t\t\t<div class=\"elementor-widget-container\">\n\t\t\t\t\t\t\t\t\t\t\t\t\t\t\t<img decoding=\"async\" width=\"405\" height=\"296\" src=\"https:\/\/siatehnikadoo.rs\/wp-content\/uploads\/2024\/06\/favicon1.png\" class=\"attachment-full size-full wp-image-420\" alt=\"\" srcset=\"https:\/\/siatehnikadoo.rs\/wp-content\/uploads\/2024\/06\/favicon1.png 405w, https:\/\/siatehnikadoo.rs\/wp-content\/uploads\/2024\/06\/favicon1-300x219.png 300w, https:\/\/siatehnikadoo.rs\/wp-content\/uploads\/2024\/06\/favicon1-16x12.png 16w\" sizes=\"(max-width: 405px) 100vw, 405px\" \/>\t\t\t\t\t\t\t\t\t\t\t\t\t\t\t<\/div>\n\t\t\t\t<\/div>\n\t\t<div class=\"elementor-element elementor-element-d38142b e-con-full e-flex e-con e-child\" data-id=\"d38142b\" data-element_type=\"container\" data-e-type=\"container\">\n\t\t\t\t<div class=\"elementor-element elementor-element-000c34a elementor-widget elementor-widget-gallery\" data-id=\"000c34a\" data-element_type=\"widget\" data-e-type=\"widget\" data-settings=\"{&quot;gallery_layout&quot;:&quot;grid&quot;,&quot;columns&quot;:4,&quot;columns_tablet&quot;:2,&quot;columns_mobile&quot;:1,&quot;gap&quot;:{&quot;unit&quot;:&quot;px&quot;,&quot;size&quot;:10,&quot;sizes&quot;:[]},&quot;gap_laptop&quot;:{&quot;unit&quot;:&quot;px&quot;,&quot;size&quot;:10,&quot;sizes&quot;:[]},&quot;gap_tablet&quot;:{&quot;unit&quot;:&quot;px&quot;,&quot;size&quot;:10,&quot;sizes&quot;:[]},&quot;gap_mobile&quot;:{&quot;unit&quot;:&quot;px&quot;,&quot;size&quot;:10,&quot;sizes&quot;:[]},&quot;link_to&quot;:&quot;file&quot;,&quot;aspect_ratio&quot;:&quot;3:2&quot;,&quot;overlay_background&quot;:&quot;yes&quot;,&quot;content_hover_animation&quot;:&quot;fade-in&quot;}\" data-widget_type=\"gallery.default\">\n\t\t\t\t<div class=\"elementor-widget-container\">\n\t\t\t\t\t\t\t<div class=\"elementor-gallery__container\">\n\t\t\t\t\t\t\t<a class=\"e-gallery-item elementor-gallery-item elementor-animated-content\" href=\"https:\/\/siatehnikadoo.rs\/wp-content\/uploads\/2024\/11\/KRYPTON-3.jpg\" data-elementor-open-lightbox=\"yes\" data-elementor-lightbox-slideshow=\"000c34a\" data-elementor-lightbox-title=\"KRYPTON 3\" data-e-action-hash=\"#elementor-action%3Aaction%3Dlightbox%26settings%3DeyJpZCI6MjgzNywidXJsIjoiaHR0cHM6XC9cL3NpYXRlaG5pa2Fkb28ucnNcL3dwLWNvbnRlbnRcL3VwbG9hZHNcLzIwMjRcLzExXC9LUllQVE9OLTMuanBnIiwic2xpZGVzaG93IjoiMDAwYzM0YSJ9\">\n\t\t\t\t\t<div class=\"e-gallery-image elementor-gallery-item__image\" data-thumbnail=\"https:\/\/siatehnikadoo.rs\/wp-content\/uploads\/2024\/11\/KRYPTON-3.jpg\" data-width=\"1200\" data-height=\"900\" aria-label=\"\" role=\"img\" ><\/div>\n\t\t\t\t\t\t\t\t\t\t\t<div class=\"elementor-gallery-item__overlay\"><\/div>\n\t\t\t\t\t\t\t\t\t\t\t\t\t\t<\/a>\n\t\t\t\t\t\t\t<a class=\"e-gallery-item elementor-gallery-item elementor-animated-content\" href=\"https:\/\/siatehnikadoo.rs\/wp-content\/uploads\/2024\/11\/KYPTON-PLUS-2.jpg\" data-elementor-open-lightbox=\"yes\" data-elementor-lightbox-slideshow=\"000c34a\" data-elementor-lightbox-title=\"KYPTON PLUS 2\" data-e-action-hash=\"#elementor-action%3Aaction%3Dlightbox%26settings%3DeyJpZCI6Mjg0MiwidXJsIjoiaHR0cHM6XC9cL3NpYXRlaG5pa2Fkb28ucnNcL3dwLWNvbnRlbnRcL3VwbG9hZHNcLzIwMjRcLzExXC9LWVBUT04tUExVUy0yLmpwZyIsInNsaWRlc2hvdyI6IjAwMGMzNGEifQ%3D%3D\">\n\t\t\t\t\t<div class=\"e-gallery-image elementor-gallery-item__image\" data-thumbnail=\"https:\/\/siatehnikadoo.rs\/wp-content\/uploads\/2024\/11\/KYPTON-PLUS-2.jpg\" data-width=\"1560\" data-height=\"876\" aria-label=\"\" role=\"img\" ><\/div>\n\t\t\t\t\t\t\t\t\t\t\t<div class=\"elementor-gallery-item__overlay\"><\/div>\n\t\t\t\t\t\t\t\t\t\t\t\t\t\t<\/a>\n\t\t\t\t\t\t\t<a class=\"e-gallery-item elementor-gallery-item elementor-animated-content\" href=\"https:\/\/siatehnikadoo.rs\/wp-content\/uploads\/2024\/11\/KRYPTON-PLUS-4.jpg\" data-elementor-open-lightbox=\"yes\" data-elementor-lightbox-slideshow=\"000c34a\" data-elementor-lightbox-title=\"KRYPTON PLUS 4\" data-e-action-hash=\"#elementor-action%3Aaction%3Dlightbox%26settings%3DeyJpZCI6MjgzOSwidXJsIjoiaHR0cHM6XC9cL3NpYXRlaG5pa2Fkb28ucnNcL3dwLWNvbnRlbnRcL3VwbG9hZHNcLzIwMjRcLzExXC9LUllQVE9OLVBMVVMtNC5qcGciLCJzbGlkZXNob3ciOiIwMDBjMzRhIn0%3D\">\n\t\t\t\t\t<div class=\"e-gallery-image elementor-gallery-item__image\" data-thumbnail=\"https:\/\/siatehnikadoo.rs\/wp-content\/uploads\/2024\/11\/KRYPTON-PLUS-4.jpg\" data-width=\"2016\" data-height=\"1512\" aria-label=\"\" role=\"img\" ><\/div>\n\t\t\t\t\t\t\t\t\t\t\t<div class=\"elementor-gallery-item__overlay\"><\/div>\n\t\t\t\t\t\t\t\t\t\t\t\t\t\t<\/a>\n\t\t\t\t\t\t\t<a class=\"e-gallery-item elementor-gallery-item elementor-animated-content\" href=\"https:\/\/siatehnikadoo.rs\/wp-content\/uploads\/2024\/11\/KRYPTON.jpg\" data-elementor-open-lightbox=\"yes\" data-elementor-lightbox-slideshow=\"000c34a\" data-elementor-lightbox-title=\"KRYPTON\" data-e-action-hash=\"#elementor-action%3Aaction%3Dlightbox%26settings%3DeyJpZCI6Mjg0MSwidXJsIjoiaHR0cHM6XC9cL3NpYXRlaG5pa2Fkb28ucnNcL3dwLWNvbnRlbnRcL3VwbG9hZHNcLzIwMjRcLzExXC9LUllQVE9OLmpwZyIsInNsaWRlc2hvdyI6IjAwMGMzNGEifQ%3D%3D\">\n\t\t\t\t\t<div class=\"e-gallery-image elementor-gallery-item__image\" data-thumbnail=\"https:\/\/siatehnikadoo.rs\/wp-content\/uploads\/2024\/11\/KRYPTON.jpg\" data-width=\"1875\" data-height=\"1250\" aria-label=\"\" role=\"img\" ><\/div>\n\t\t\t\t\t\t\t\t\t\t\t<div class=\"elementor-gallery-item__overlay\"><\/div>\n\t\t\t\t\t\t\t\t\t\t\t\t\t\t<\/a>\n\t\t\t\t\t\t\t<a class=\"e-gallery-item elementor-gallery-item elementor-animated-content\" href=\"https:\/\/siatehnikadoo.rs\/wp-content\/uploads\/2024\/11\/raptor-3.jpg\" data-elementor-open-lightbox=\"yes\" data-elementor-lightbox-slideshow=\"000c34a\" data-elementor-lightbox-title=\"raptor 3\" data-e-action-hash=\"#elementor-action%3Aaction%3Dlightbox%26settings%3DeyJpZCI6Mjg0MywidXJsIjoiaHR0cHM6XC9cL3NpYXRlaG5pa2Fkb28ucnNcL3dwLWNvbnRlbnRcL3VwbG9hZHNcLzIwMjRcLzExXC9yYXB0b3ItMy5qcGciLCJzbGlkZXNob3ciOiIwMDBjMzRhIn0%3D\">\n\t\t\t\t\t<div class=\"e-gallery-image elementor-gallery-item__image\" data-thumbnail=\"https:\/\/siatehnikadoo.rs\/wp-content\/uploads\/2024\/11\/raptor-3.jpg\" data-width=\"600\" data-height=\"800\" aria-label=\"\" role=\"img\" ><\/div>\n\t\t\t\t\t\t\t\t\t\t\t<div class=\"elementor-gallery-item__overlay\"><\/div>\n\t\t\t\t\t\t\t\t\t\t\t\t\t\t<\/a>\n\t\t\t\t\t\t\t<a class=\"e-gallery-item elementor-gallery-item elementor-animated-content\" href=\"https:\/\/siatehnikadoo.rs\/wp-content\/uploads\/2024\/11\/RAPTOR-F.jpg\" data-elementor-open-lightbox=\"yes\" data-elementor-lightbox-slideshow=\"000c34a\" data-elementor-lightbox-title=\"RAPTOR F\" data-e-action-hash=\"#elementor-action%3Aaction%3Dlightbox%26settings%3DeyJpZCI6Mjg0NCwidXJsIjoiaHR0cHM6XC9cL3NpYXRlaG5pa2Fkb28ucnNcL3dwLWNvbnRlbnRcL3VwbG9hZHNcLzIwMjRcLzExXC9SQVBUT1ItRi5qcGciLCJzbGlkZXNob3ciOiIwMDBjMzRhIn0%3D\">\n\t\t\t\t\t<div class=\"e-gallery-image elementor-gallery-item__image\" data-thumbnail=\"https:\/\/siatehnikadoo.rs\/wp-content\/uploads\/2024\/11\/RAPTOR-F.jpg\" data-width=\"2048\" data-height=\"1365\" aria-label=\"\" role=\"img\" ><\/div>\n\t\t\t\t\t\t\t\t\t\t\t<div class=\"elementor-gallery-item__overlay\"><\/div>\n\t\t\t\t\t\t\t\t\t\t\t\t\t\t<\/a>\n\t\t\t\t\t\t\t<a class=\"e-gallery-item elementor-gallery-item elementor-animated-content\" href=\"https:\/\/siatehnikadoo.rs\/wp-content\/uploads\/2024\/11\/RAPTOR.jpg\" data-elementor-open-lightbox=\"yes\" data-elementor-lightbox-slideshow=\"000c34a\" data-elementor-lightbox-title=\"RAPTOR\" data-e-action-hash=\"#elementor-action%3Aaction%3Dlightbox%26settings%3DeyJpZCI6Mjg0NSwidXJsIjoiaHR0cHM6XC9cL3NpYXRlaG5pa2Fkb28ucnNcL3dwLWNvbnRlbnRcL3VwbG9hZHNcLzIwMjRcLzExXC9SQVBUT1IuanBnIiwic2xpZGVzaG93IjoiMDAwYzM0YSJ9\">\n\t\t\t\t\t<div class=\"e-gallery-image elementor-gallery-item__image\" data-thumbnail=\"https:\/\/siatehnikadoo.rs\/wp-content\/uploads\/2024\/11\/RAPTOR.jpg\" data-width=\"2048\" data-height=\"1365\" aria-label=\"\" role=\"img\" ><\/div>\n\t\t\t\t\t\t\t\t\t\t\t<div class=\"elementor-gallery-item__overlay\"><\/div>\n\t\t\t\t\t\t\t\t\t\t\t\t\t\t<\/a>\n\t\t\t\t\t\t\t<a class=\"e-gallery-item elementor-gallery-item elementor-animated-content\" href=\"https:\/\/siatehnikadoo.rs\/wp-content\/uploads\/2024\/11\/KRYPTON-PLUS-3.jpg\" data-elementor-open-lightbox=\"yes\" data-elementor-lightbox-slideshow=\"000c34a\" data-elementor-lightbox-title=\"KRYPTON PLUS 3\" data-e-action-hash=\"#elementor-action%3Aaction%3Dlightbox%26settings%3DeyJpZCI6MjgzOCwidXJsIjoiaHR0cHM6XC9cL3NpYXRlaG5pa2Fkb28ucnNcL3dwLWNvbnRlbnRcL3VwbG9hZHNcLzIwMjRcLzExXC9LUllQVE9OLVBMVVMtMy5qcGciLCJzbGlkZXNob3ciOiIwMDBjMzRhIn0%3D\">\n\t\t\t\t\t<div class=\"e-gallery-image elementor-gallery-item__image\" data-thumbnail=\"https:\/\/siatehnikadoo.rs\/wp-content\/uploads\/2024\/11\/KRYPTON-PLUS-3.jpg\" data-width=\"1560\" data-height=\"876\" aria-label=\"\" role=\"img\" ><\/div>\n\t\t\t\t\t\t\t\t\t\t\t<div class=\"elementor-gallery-item__overlay\"><\/div>\n\t\t\t\t\t\t\t\t\t\t\t\t\t\t<\/a>\n\t\t\t\t\t\t\t<a class=\"e-gallery-item elementor-gallery-item elementor-animated-content\" href=\"https:\/\/siatehnikadoo.rs\/wp-content\/uploads\/2024\/11\/KRYPTON-1.jpg\" data-elementor-open-lightbox=\"yes\" data-elementor-lightbox-slideshow=\"000c34a\" data-elementor-lightbox-title=\"KRYPTON 1\" data-e-action-hash=\"#elementor-action%3Aaction%3Dlightbox%26settings%3DeyJpZCI6MjgzNSwidXJsIjoiaHR0cHM6XC9cL3NpYXRlaG5pa2Fkb28ucnNcL3dwLWNvbnRlbnRcL3VwbG9hZHNcLzIwMjRcLzExXC9LUllQVE9OLTEuanBnIiwic2xpZGVzaG93IjoiMDAwYzM0YSJ9\">\n\t\t\t\t\t<div class=\"e-gallery-image elementor-gallery-item__image\" data-thumbnail=\"https:\/\/siatehnikadoo.rs\/wp-content\/uploads\/2024\/11\/KRYPTON-1.jpg\" data-width=\"1200\" data-height=\"900\" aria-label=\"\" role=\"img\" ><\/div>\n\t\t\t\t\t\t\t\t\t\t\t<div class=\"elementor-gallery-item__overlay\"><\/div>\n\t\t\t\t\t\t\t\t\t\t\t\t\t\t<\/a>\n\t\t\t\t\t\t\t<a class=\"e-gallery-item elementor-gallery-item elementor-animated-content\" href=\"https:\/\/siatehnikadoo.rs\/wp-content\/uploads\/2024\/11\/KRYPTON-2.jpg\" data-elementor-open-lightbox=\"yes\" data-elementor-lightbox-slideshow=\"000c34a\" data-elementor-lightbox-title=\"KRYPTON 2\" data-e-action-hash=\"#elementor-action%3Aaction%3Dlightbox%26settings%3DeyJpZCI6MjgzNiwidXJsIjoiaHR0cHM6XC9cL3NpYXRlaG5pa2Fkb28ucnNcL3dwLWNvbnRlbnRcL3VwbG9hZHNcLzIwMjRcLzExXC9LUllQVE9OLTIuanBnIiwic2xpZGVzaG93IjoiMDAwYzM0YSJ9\">\n\t\t\t\t\t<div class=\"e-gallery-image elementor-gallery-item__image\" data-thumbnail=\"https:\/\/siatehnikadoo.rs\/wp-content\/uploads\/2024\/11\/KRYPTON-2.jpg\" data-width=\"1200\" data-height=\"900\" aria-label=\"\" role=\"img\" ><\/div>\n\t\t\t\t\t\t\t\t\t\t\t<div class=\"elementor-gallery-item__overlay\"><\/div>\n\t\t\t\t\t\t\t\t\t\t\t\t\t\t<\/a>\n\t\t\t\t\t<\/div>\n\t\t\t\t\t<\/div>\n\t\t\t\t<\/div>\n\t\t\t\t<\/div>\n\t\t\t\t\t<\/div>\n\t\t\t\t<\/div>\n\t\t<div class=\"elementor-element elementor-element-f8511da e-flex e-con-boxed e-con e-parent\" data-id=\"f8511da\" data-element_type=\"container\" data-e-type=\"container\" data-settings=\"{&quot;background_background&quot;:&quot;classic&quot;}\">\n\t\t\t\t\t<div class=\"e-con-inner\">\n\t\t\t\t<div class=\"elementor-element elementor-element-988e222 elementor-widget elementor-widget-heading\" data-id=\"988e222\" data-element_type=\"widget\" data-e-type=\"widget\" data-widget_type=\"heading.default\">\n\t\t\t\t<div class=\"elementor-widget-container\">\n\t\t\t\t\t<span class=\"elementor-heading-title elementor-size-default\">SIA TEHNIKA DOO<\/span>\t\t\t\t<\/div>\n\t\t\t\t<\/div>\n\t\t\t\t<div class=\"elementor-element elementor-element-6244d40 elementor-widget__width-initial elementor-widget-tablet__width-inherit elementor-widget elementor-widget-heading\" data-id=\"6244d40\" data-element_type=\"widget\" data-e-type=\"widget\" data-widget_type=\"heading.default\">\n\t\t\t\t<div class=\"elementor-widget-container\">\n\t\t\t\t\t<h2 class=\"elementor-heading-title elementor-size-default\">Potreban Vam je ekspert za poljoprivredne ma\u0161ine?<\/h2>\t\t\t\t<\/div>\n\t\t\t\t<\/div>\n\t\t\t\t<div class=\"elementor-element elementor-element-678f333 elementor-align-center elementor-mobile-align-justify elementor-widget-mobile__width-inherit elementor-widget elementor-widget-button\" data-id=\"678f333\" data-element_type=\"widget\" data-e-type=\"widget\" data-widget_type=\"button.default\">\n\t\t\t\t<div class=\"elementor-widget-container\">\n\t\t\t\t\t\t\t\t\t<div class=\"elementor-button-wrapper\">\n\t\t\t\t\t<a class=\"elementor-button elementor-button-link elementor-size-sm\" href=\"https:\/\/siatehnikadoo.rs\/bs\/kontakt\/\">\n\t\t\t\t\t\t<span class=\"elementor-button-content-wrapper\">\n\t\t\t\t\t\t\t\t\t<span class=\"elementor-button-text\">Kontaktirajte nas<\/span>\n\t\t\t\t\t<\/span>\n\t\t\t\t\t<\/a>\n\t\t\t\t<\/div>\n\t\t\t\t\t\t\t\t<\/div>\n\t\t\t\t<\/div>\n\t\t\t\t\t<\/div>\n\t\t\t\t<\/div>\n\t\t\t\t<\/div>\n\t\t","protected":false},"excerpt":{"rendered":"<p>Gruberi su specijalizovane poljoprivredne ma\u0161ine namenjene dubinskoj obradi zemlji\u0161ta. Njihova glavna uloga je rastresanje i me\u0161anje tla, \u0161to pobolj\u0161ava njegovu strukturu, olak\u0161ava prodiranje vode i pove\u0107ava dostupnost hranljivih materija biljkama. \u010cesto se koriste nakon oranja, ali pre setve, kako bi se obezbedili idealni uslovi za klijanje i rast useva. SIA TEHNIKA DOO ponosno nudi vrhunske [&hellip;]<\/p>\n","protected":false},"author":2,"featured_media":0,"parent":297,"menu_order":0,"comment_status":"closed","ping_status":"closed","template":"","meta":{"content-type":"","footnotes":""},"class_list":["post-890","page","type-page","status-publish","hentry"],"_links":{"self":[{"href":"https:\/\/siatehnikadoo.rs\/bs\/wp-json\/wp\/v2\/pages\/890","targetHints":{"allow":["GET"]}}],"collection":[{"href":"https:\/\/siatehnikadoo.rs\/bs\/wp-json\/wp\/v2\/pages"}],"about":[{"href":"https:\/\/siatehnikadoo.rs\/bs\/wp-json\/wp\/v2\/types\/page"}],"author":[{"embeddable":true,"href":"https:\/\/siatehnikadoo.rs\/bs\/wp-json\/wp\/v2\/users\/2"}],"replies":[{"embeddable":true,"href":"https:\/\/siatehnikadoo.rs\/bs\/wp-json\/wp\/v2\/comments?post=890"}],"version-history":[{"count":32,"href":"https:\/\/siatehnikadoo.rs\/bs\/wp-json\/wp\/v2\/pages\/890\/revisions"}],"predecessor-version":[{"id":3454,"href":"https:\/\/siatehnikadoo.rs\/bs\/wp-json\/wp\/v2\/pages\/890\/revisions\/3454"}],"up":[{"embeddable":true,"href":"https:\/\/siatehnikadoo.rs\/bs\/wp-json\/wp\/v2\/pages\/297"}],"wp:attachment":[{"href":"https:\/\/siatehnikadoo.rs\/bs\/wp-json\/wp\/v2\/media?parent=890"}],"curies":[{"name":"radni list","href":"https:\/\/api.w.org\/{rel}","templated":true}]}}