{"id":19,"date":"2024-06-05T13:47:25","date_gmt":"2024-06-05T13:47:25","guid":{"rendered":"https:\/\/kljajic.element-web.com\/?page_id=19"},"modified":"2025-10-07T10:13:20","modified_gmt":"2025-10-07T08:13:20","slug":"uber-uns","status":"publish","type":"page","link":"https:\/\/siatehnikadoo.rs\/de\/o-nama\/","title":{"rendered":"\u00dcber uns"},"content":{"rendered":"\t\t<div data-elementor-type=\"wp-page\" data-elementor-id=\"19\" class=\"elementor elementor-19\" data-elementor-post-type=\"page\">\n\t\t\t\t<div class=\"elementor-element elementor-element-e1398b5 e-flex e-con-boxed e-con e-parent\" data-id=\"e1398b5\" data-element_type=\"container\" data-e-type=\"container\" data-settings=\"{&quot;background_background&quot;:&quot;classic&quot;}\">\n\t\t\t\t\t<div class=\"e-con-inner\">\n\t\t\t\t\t<\/div>\n\t\t\t\t<\/div>\n\t\t<div class=\"elementor-element elementor-element-863b501 e-flex e-con-boxed e-con e-parent\" data-id=\"863b501\" data-element_type=\"container\" data-e-type=\"container\">\n\t\t\t\t\t<div class=\"e-con-inner\">\n\t\t<div class=\"elementor-element elementor-element-6ef671b e-con-full e-flex e-con e-child\" data-id=\"6ef671b\" data-element_type=\"container\" data-e-type=\"container\">\n\t\t\t\t<div class=\"elementor-element elementor-element-8a0cdac elementor-drop-cap-yes elementor-drop-cap-view-default elementor-widget elementor-widget-text-editor\" data-id=\"8a0cdac\" data-element_type=\"widget\" data-e-type=\"widget\" data-settings=\"{&quot;drop_cap&quot;:&quot;yes&quot;}\" data-widget_type=\"text-editor.default\">\n\t\t\t\t<div class=\"elementor-widget-container\">\n\t\t\t\t\t\t\t\t\t<p data-start=\"195\" data-end=\"505\"><strong data-start=\"195\" data-end=\"210\">SIA TEHNIKA<\/strong> je preduze\u0107e specijalizovano za <strong data-start=\"243\" data-end=\"292\">proizvodnju savremenih poljoprivrednih ma\u0161ina<\/strong> i <strong data-start=\"295\" data-end=\"341\">prodaju kvalitetne priklju\u010dne mehanizacije<\/strong>. Na\u0161 cilj je da svakom poljoprivredniku obezbedimo pouzdanu opremu koja pove\u0107ava produktivnost, olak\u0161ava rad i traje dugi niz godina.<\/p><p data-start=\"507\" data-end=\"548\">U na\u0161em prodajnom asortimanu nalaze se:<\/p><ul data-start=\"549\" data-end=\"977\"><li data-start=\"549\" data-end=\"613\"><p data-start=\"551\" data-end=\"613\"><strong data-start=\"551\" data-end=\"568\">Plugovi Leken<\/strong><\/p><\/li><li data-start=\"614\" data-end=\"671\"><p data-start=\"616\" data-end=\"671\"><strong data-start=\"616\" data-end=\"636\">Tanjira\u010de Jeegee<\/strong><\/p><\/li><li data-start=\"672\" data-end=\"747\"><p data-start=\"674\" data-end=\"747\"><strong data-start=\"674\" data-end=\"702\">Setvosprema\u010di Germinator<\/strong>\u00a0<\/p><\/li><li data-start=\"748\" data-end=\"812\"><p data-start=\"750\" data-end=\"812\"><strong data-start=\"750\" data-end=\"769\">Vo\u0107arska kolica<\/strong>\u00a0<\/p><\/li><li data-start=\"813\" data-end=\"872\"><p data-start=\"815\" data-end=\"872\"><strong data-start=\"815\" data-end=\"835\">Kolica za hedere<\/strong>\u00a0<\/p><\/li><li data-start=\"873\" data-end=\"977\"><p data-start=\"875\" data-end=\"977\"><strong data-start=\"875\" data-end=\"907\">Truck up sistemi za traktore<\/strong> i jo\u0161 mnogo toga \u0161to poljoprivredu \u010dini jednostavnijom i efikasnijom.<\/p><\/li><\/ul><p data-start=\"979\" data-end=\"1285\">Na\u0161 tim stoji vam na raspolaganju da Vam pomogne <strong data-start=\"1028\" data-end=\"1065\">pri izboru ma\u0161ine i specifikacije<\/strong> koja najbolje odgovara Va\u0161im potrebama i uslovima rada na njivama. Sa dugogodi\u0161njim iskustvom u industriji, razumemo izazove savremene poljoprivrede i spremni smo da pru\u017eimo stru\u010dnu podr\u0161ku od prve ideje do realizacije.<\/p><p data-start=\"1287\" data-end=\"1392\"><strong data-start=\"1290\" data-end=\"1321\">Kontaktirajte nas ve\u0107 danas<\/strong> i dozvolite da zajedno prona\u0111emo najbolje re\u0161enje za Va\u0161u proizvodnju!<\/p>\t\t\t\t\t\t\t\t<\/div>\n\t\t\t\t<\/div>\n\t\t\t\t<div class=\"elementor-element elementor-element-2d1b2d9 elementor-mobile-align-justify elementor-widget-mobile__width-inherit elementor-widget elementor-widget-button\" data-id=\"2d1b2d9\" data-element_type=\"widget\" data-e-type=\"widget\" data-widget_type=\"button.default\">\n\t\t\t\t<div class=\"elementor-widget-container\">\n\t\t\t\t\t\t\t\t\t<div class=\"elementor-button-wrapper\">\n\t\t\t\t\t<a class=\"elementor-button elementor-button-link elementor-size-sm\" href=\"https:\/\/siatehnikadoo.rs\/de\/kontakt\/\">\n\t\t\t\t\t\t<span class=\"elementor-button-content-wrapper\">\n\t\t\t\t\t\t\t\t\t<span class=\"elementor-button-text\">Kontakt<\/span>\n\t\t\t\t\t<\/span>\n\t\t\t\t\t<\/a>\n\t\t\t\t<\/div>\n\t\t\t\t\t\t\t\t<\/div>\n\t\t\t\t<\/div>\n\t\t\t\t<\/div>\n\t\t<div class=\"elementor-element elementor-element-196c0f7 e-con-full e-flex e-con e-child\" data-id=\"196c0f7\" data-element_type=\"container\" data-e-type=\"container\">\n\t\t\t\t<div class=\"elementor-element elementor-element-0443e0c elementor-widget-tablet__width-inherit elementor-widget-mobile__width-initial elementor-widget-laptop__width-initial elementor-widget elementor-widget-image\" data-id=\"0443e0c\" data-element_type=\"widget\" data-e-type=\"widget\" data-widget_type=\"image.default\">\n\t\t\t\t<div class=\"elementor-widget-container\">\n\t\t\t\t\t\t\t\t\t\t\t\t\t\t\t<img fetchpriority=\"high\" decoding=\"async\" width=\"2048\" height=\"1152\" src=\"https:\/\/siatehnikadoo.rs\/wp-content\/uploads\/2024\/11\/IMG_4772-2048x1152.jpg\" class=\"attachment-2048x2048 size-2048x2048 wp-image-2677\" alt=\"\" srcset=\"https:\/\/siatehnikadoo.rs\/wp-content\/uploads\/2024\/11\/IMG_4772-2048x1152.jpg 2048w, https:\/\/siatehnikadoo.rs\/wp-content\/uploads\/2024\/11\/IMG_4772-300x169.jpg 300w, https:\/\/siatehnikadoo.rs\/wp-content\/uploads\/2024\/11\/IMG_4772-1024x576.jpg 1024w, https:\/\/siatehnikadoo.rs\/wp-content\/uploads\/2024\/11\/IMG_4772-768x432.jpg 768w, https:\/\/siatehnikadoo.rs\/wp-content\/uploads\/2024\/11\/IMG_4772-1536x864.jpg 1536w\" sizes=\"(max-width: 2048px) 100vw, 2048px\" \/>\t\t\t\t\t\t\t\t\t\t\t\t\t\t\t<\/div>\n\t\t\t\t<\/div>\n\t\t\t\t<\/div>\n\t\t\t\t<div class=\"elementor-element elementor-element-5a69ba8 elementor-absolute elementor-widget elementor-widget-image\" data-id=\"5a69ba8\" data-element_type=\"widget\" data-e-type=\"widget\" data-settings=\"{&quot;_position&quot;:&quot;absolute&quot;,&quot;motion_fx_motion_fx_scrolling&quot;:&quot;yes&quot;,&quot;motion_fx_translateX_effect&quot;:&quot;yes&quot;,&quot;motion_fx_translateX_speed&quot;:{&quot;unit&quot;:&quot;px&quot;,&quot;size&quot;:4,&quot;sizes&quot;:[]},&quot;motion_fx_translateX_affectedRange&quot;:{&quot;unit&quot;:&quot;%&quot;,&quot;size&quot;:&quot;&quot;,&quot;sizes&quot;:{&quot;start&quot;:0,&quot;end&quot;:100}},&quot;motion_fx_devices&quot;:[&quot;desktop&quot;,&quot;laptop&quot;,&quot;tablet&quot;,&quot;mobile&quot;]}\" data-widget_type=\"image.default\">\n\t\t\t\t<div class=\"elementor-widget-container\">\n\t\t\t\t\t\t\t\t\t\t\t\t\t\t\t<img decoding=\"async\" width=\"405\" height=\"296\" src=\"https:\/\/siatehnikadoo.rs\/wp-content\/uploads\/2024\/06\/favicon1.png\" class=\"attachment-full size-full wp-image-420\" alt=\"\" srcset=\"https:\/\/siatehnikadoo.rs\/wp-content\/uploads\/2024\/06\/favicon1.png 405w, https:\/\/siatehnikadoo.rs\/wp-content\/uploads\/2024\/06\/favicon1-300x219.png 300w, https:\/\/siatehnikadoo.rs\/wp-content\/uploads\/2024\/06\/favicon1-16x12.png 16w\" sizes=\"(max-width: 405px) 100vw, 405px\" \/>\t\t\t\t\t\t\t\t\t\t\t\t\t\t\t<\/div>\n\t\t\t\t<\/div>\n\t\t\t\t\t<\/div>\n\t\t\t\t<\/div>\n\t\t<div class=\"elementor-element elementor-element-28d10912 e-flex e-con-boxed e-con e-parent\" data-id=\"28d10912\" data-element_type=\"container\" data-e-type=\"container\" data-settings=\"{&quot;background_background&quot;:&quot;classic&quot;}\">\n\t\t\t\t\t<div class=\"e-con-inner\">\n\t\t\t\t<div class=\"elementor-element elementor-element-7d945fdc elementor-widget elementor-widget-heading\" data-id=\"7d945fdc\" data-element_type=\"widget\" data-e-type=\"widget\" data-widget_type=\"heading.default\">\n\t\t\t\t<div class=\"elementor-widget-container\">\n\t\t\t\t\t<span class=\"elementor-heading-title elementor-size-default\">SIA TEHNIKA DOO<\/span>\t\t\t\t<\/div>\n\t\t\t\t<\/div>\n\t\t\t\t<div class=\"elementor-element elementor-element-3783cc2a elementor-widget__width-initial elementor-widget-tablet__width-inherit elementor-widget elementor-widget-heading\" data-id=\"3783cc2a\" data-element_type=\"widget\" data-e-type=\"widget\" data-widget_type=\"heading.default\">\n\t\t\t\t<div class=\"elementor-widget-container\">\n\t\t\t\t\t<h2 class=\"elementor-heading-title elementor-size-default\">Potreban Vam je ekspert za poljoprivredne ma\u0161ine?<\/h2>\t\t\t\t<\/div>\n\t\t\t\t<\/div>\n\t\t\t\t<div class=\"elementor-element elementor-element-574ffe12 elementor-align-center elementor-mobile-align-justify elementor-widget-mobile__width-inherit elementor-widget elementor-widget-button\" data-id=\"574ffe12\" data-element_type=\"widget\" data-e-type=\"widget\" data-widget_type=\"button.default\">\n\t\t\t\t<div class=\"elementor-widget-container\">\n\t\t\t\t\t\t\t\t\t<div class=\"elementor-button-wrapper\">\n\t\t\t\t\t<a class=\"elementor-button elementor-button-link elementor-size-sm\" href=\"https:\/\/siatehnikadoo.rs\/de\/kontakt\/\">\n\t\t\t\t\t\t<span class=\"elementor-button-content-wrapper\">\n\t\t\t\t\t\t\t\t\t<span class=\"elementor-button-text\">Kontaktirajte nas<\/span>\n\t\t\t\t\t<\/span>\n\t\t\t\t\t<\/a>\n\t\t\t\t<\/div>\n\t\t\t\t\t\t\t\t<\/div>\n\t\t\t\t<\/div>\n\t\t\t\t\t<\/div>\n\t\t\t\t<\/div>\n\t\t\t\t<\/div>\n\t\t","protected":false},"excerpt":{"rendered":"<p>SIA TEHNIKA je preduze\u0107e specijalizovano za proizvodnju savremenih poljoprivrednih ma\u0161ina i prodaju kvalitetne priklju\u010dne mehanizacije. Na\u0161 cilj je da svakom poljoprivredniku obezbedimo pouzdanu opremu koja pove\u0107ava produktivnost, olak\u0161ava rad i traje dugi niz godina. U na\u0161em prodajnom asortimanu nalaze se: Plugovi Leken Tanjira\u010de Jeegee Setvosprema\u010di Germinator\u00a0 Vo\u0107arska kolica\u00a0 Kolica za hedere\u00a0 Truck up sistemi za [&hellip;]<\/p>\n","protected":false},"author":2,"featured_media":0,"parent":0,"menu_order":0,"comment_status":"closed","ping_status":"closed","template":"elementor_header_footer","meta":{"content-type":"","footnotes":""},"class_list":["post-19","page","type-page","status-publish","hentry"],"_links":{"self":[{"href":"https:\/\/siatehnikadoo.rs\/de\/wp-json\/wp\/v2\/pages\/19","targetHints":{"allow":["GET"]}}],"collection":[{"href":"https:\/\/siatehnikadoo.rs\/de\/wp-json\/wp\/v2\/pages"}],"about":[{"href":"https:\/\/siatehnikadoo.rs\/de\/wp-json\/wp\/v2\/types\/page"}],"author":[{"embeddable":true,"href":"https:\/\/siatehnikadoo.rs\/de\/wp-json\/wp\/v2\/users\/2"}],"replies":[{"embeddable":true,"href":"https:\/\/siatehnikadoo.rs\/de\/wp-json\/wp\/v2\/comments?post=19"}],"version-history":[{"count":95,"href":"https:\/\/siatehnikadoo.rs\/de\/wp-json\/wp\/v2\/pages\/19\/revisions"}],"predecessor-version":[{"id":3680,"href":"https:\/\/siatehnikadoo.rs\/de\/wp-json\/wp\/v2\/pages\/19\/revisions\/3680"}],"wp:attachment":[{"href":"https:\/\/siatehnikadoo.rs\/de\/wp-json\/wp\/v2\/media?parent=19"}],"curies":[{"name":"wp","href":"https:\/\/api.w.org\/{rel}","templated":true}]}}