{"id":3357,"date":"2025-06-14T20:04:28","date_gmt":"2025-06-14T18:04:28","guid":{"rendered":"https:\/\/siatehnikadoo.rs\/?page_id=3357"},"modified":"2025-06-19T11:52:55","modified_gmt":"2025-06-19T09:52:55","slug":"leken","status":"publish","type":"page","link":"https:\/\/siatehnikadoo.rs\/en\/leken\/","title":{"rendered":"LEKEN"},"content":{"rendered":"\t\t<div data-elementor-type=\"wp-page\" data-elementor-id=\"3357\" class=\"elementor elementor-3357\" data-elementor-post-type=\"page\">\n\t\t\t\t<div class=\"elementor-element elementor-element-7469c68 e-flex e-con-boxed e-con e-parent\" data-id=\"7469c68\" data-element_type=\"container\" data-e-type=\"container\" data-settings=\"{&quot;background_background&quot;:&quot;classic&quot;}\">\n\t\t\t\t\t<div class=\"e-con-inner\">\n\t\t\t\t<div class=\"elementor-element elementor-element-8f83d58 elementor-widget elementor-widget-heading\" data-id=\"8f83d58\" data-element_type=\"widget\" data-e-type=\"widget\" data-widget_type=\"heading.default\">\n\t\t\t\t<div class=\"elementor-widget-container\">\n\t\t\t\t\t<h1 class=\"elementor-heading-title elementor-size-default\">LEKEN PLUGOVI<\/h1>\t\t\t\t<\/div>\n\t\t\t\t<\/div>\n\t\t\t\t\t<\/div>\n\t\t\t\t<\/div>\n\t\t<div class=\"elementor-element elementor-element-0cec417 e-flex e-con-boxed e-con e-parent\" data-id=\"0cec417\" data-element_type=\"container\" data-e-type=\"container\">\n\t\t\t\t\t<div class=\"e-con-inner\">\n\t\t<div class=\"elementor-element elementor-element-e4c4b7b e-con-full e-flex e-con e-child\" data-id=\"e4c4b7b\" data-element_type=\"container\" data-e-type=\"container\">\n\t\t<div class=\"elementor-element elementor-element-be7e2ad e-con-full e-flex e-con e-child\" data-id=\"be7e2ad\" data-element_type=\"container\" data-e-type=\"container\">\n\t\t\t\t<div class=\"elementor-element elementor-element-c3a1ef3 elementor-drop-cap-yes elementor-drop-cap-view-default elementor-widget elementor-widget-text-editor\" data-id=\"c3a1ef3\" data-element_type=\"widget\" data-e-type=\"widget\" data-settings=\"{&quot;drop_cap&quot;:&quot;yes&quot;}\" data-widget_type=\"text-editor.default\">\n\t\t\t\t<div class=\"elementor-widget-container\">\n\t\t\t\t\t\t\t\t\t<h2 data-start=\"171\" data-end=\"234\"><strong data-start=\"174\" data-end=\"234\">Plugovi Leken \u2013 Nema\u010dka tehnologija, kineska proizvodnja<\/strong><\/h2><p>P<strong>rednosti:<\/strong><\/p><p>\u00a0&#8211; Me\u0111unarodni razvojni tim sastavljen od nema\u010dkih stru\u010dnjaka i eksperata iz celog sveta, fokusiran na re\u0161avanje izazova u poljoprivrednoj tehnici.<\/p><p>\u00a0&#8211; Upotreba visokokvalitetnih materijala.<\/p><p>\u00a0&#8211; Nezavisna proizvodnja klju\u010dnih komponenti.<\/p><p>\u00a0&#8211; Strogi sistem kontrole kvaliteta.<\/p><p>Svi plugovi izra\u0111eni su od posebnog, visokokvalitetnog \u010delika, uz primenu vode\u0107e tehnologije termi\u010dke obrade i najsavremenijih procesnih tehnologija.<\/p><p>Zahvaljuju\u0107i ovim tehnologijama, te\u017eina plugova je zna\u010dajno smanjena u pore\u0111enju sa konkurencijom, a istovremeno su zadr\u017eani visoka pouzdanost, vrhunske performanse i efikasnost u radu, uz primetno manju potro\u0161nju goriva tokom oranja.<\/p>\t\t\t\t\t\t\t\t<\/div>\n\t\t\t\t<\/div>\n\t\t\t\t<div class=\"elementor-element elementor-element-b963a18 elementor-align-left elementor-mobile-align-justify elementor-widget-mobile__width-inherit elementor-widget elementor-widget-button\" data-id=\"b963a18\" data-element_type=\"widget\" data-e-type=\"widget\" data-widget_type=\"button.default\">\n\t\t\t\t<div class=\"elementor-widget-container\">\n\t\t\t\t\t\t\t\t\t<div class=\"elementor-button-wrapper\">\n\t\t\t\t\t<a class=\"elementor-button elementor-button-link elementor-size-sm\" href=\"#elementor-action%3Aaction%3Dpopup%3Aopen%26settings%3DeyJpZCI6IjQ1MyIsInRvZ2dsZSI6ZmFsc2V9\">\n\t\t\t\t\t\t<span class=\"elementor-button-content-wrapper\">\n\t\t\t\t\t\t\t\t\t<span class=\"elementor-button-text\">Po\u0161aljite upit<\/span>\n\t\t\t\t\t<\/span>\n\t\t\t\t\t<\/a>\n\t\t\t\t<\/div>\n\t\t\t\t\t\t\t\t<\/div>\n\t\t\t\t<\/div>\n\t\t\t\t<\/div>\n\t\t<div class=\"elementor-element elementor-element-d7eeff5 e-con-full e-flex e-con e-child\" data-id=\"d7eeff5\" data-element_type=\"container\" data-e-type=\"container\">\n\t\t\t\t<div class=\"elementor-element elementor-element-4959c84 elementor-widget-tablet__width-inherit elementor-widget__width-inherit elementor-widget elementor-widget-image\" data-id=\"4959c84\" data-element_type=\"widget\" data-e-type=\"widget\" data-widget_type=\"image.default\">\n\t\t\t\t<div class=\"elementor-widget-container\">\n\t\t\t\t\t\t\t\t\t\t\t\t\t\t\t<img fetchpriority=\"high\" decoding=\"async\" width=\"593\" height=\"395\" src=\"https:\/\/siatehnikadoo.rs\/wp-content\/uploads\/2025\/06\/slika-L8.jpg\" class=\"attachment-2048x2048 size-2048x2048 wp-image-3370\" alt=\"\" srcset=\"https:\/\/siatehnikadoo.rs\/wp-content\/uploads\/2025\/06\/slika-L8.jpg 593w, https:\/\/siatehnikadoo.rs\/wp-content\/uploads\/2025\/06\/slika-L8-300x200.jpg 300w, https:\/\/siatehnikadoo.rs\/wp-content\/uploads\/2025\/06\/slika-L8-18x12.jpg 18w\" sizes=\"(max-width: 593px) 100vw, 593px\" \/>\t\t\t\t\t\t\t\t\t\t\t\t\t\t\t<\/div>\n\t\t\t\t<\/div>\n\t\t\t\t<\/div>\n\t\t\t\t<div class=\"elementor-element elementor-element-17d8fb1 elementor-absolute elementor-widget elementor-widget-image\" data-id=\"17d8fb1\" data-element_type=\"widget\" data-e-type=\"widget\" data-settings=\"{&quot;_position&quot;:&quot;absolute&quot;,&quot;motion_fx_motion_fx_scrolling&quot;:&quot;yes&quot;,&quot;motion_fx_translateX_effect&quot;:&quot;yes&quot;,&quot;motion_fx_translateX_speed&quot;:{&quot;unit&quot;:&quot;px&quot;,&quot;size&quot;:4,&quot;sizes&quot;:[]},&quot;motion_fx_translateX_affectedRange&quot;:{&quot;unit&quot;:&quot;%&quot;,&quot;size&quot;:&quot;&quot;,&quot;sizes&quot;:{&quot;start&quot;:0,&quot;end&quot;:100}},&quot;motion_fx_devices&quot;:[&quot;desktop&quot;,&quot;laptop&quot;,&quot;tablet&quot;,&quot;mobile&quot;]}\" data-widget_type=\"image.default\">\n\t\t\t\t<div class=\"elementor-widget-container\">\n\t\t\t\t\t\t\t\t\t\t\t\t\t\t\t<img decoding=\"async\" width=\"405\" height=\"296\" src=\"https:\/\/siatehnikadoo.rs\/wp-content\/uploads\/2024\/06\/favicon1.png\" class=\"attachment-full size-full wp-image-420\" alt=\"\" srcset=\"https:\/\/siatehnikadoo.rs\/wp-content\/uploads\/2024\/06\/favicon1.png 405w, https:\/\/siatehnikadoo.rs\/wp-content\/uploads\/2024\/06\/favicon1-300x219.png 300w, https:\/\/siatehnikadoo.rs\/wp-content\/uploads\/2024\/06\/favicon1-16x12.png 16w\" sizes=\"(max-width: 405px) 100vw, 405px\" \/>\t\t\t\t\t\t\t\t\t\t\t\t\t\t\t<\/div>\n\t\t\t\t<\/div>\n\t\t<div class=\"elementor-element elementor-element-b2e467d e-con-full e-flex e-con e-child\" data-id=\"b2e467d\" data-element_type=\"container\" data-e-type=\"container\">\n\t\t\t\t<div class=\"elementor-element elementor-element-baafe43 elementor-widget-tablet__width-inherit elementor-widget__width-inherit elementor-widget elementor-widget-image\" data-id=\"baafe43\" data-element_type=\"widget\" data-e-type=\"widget\" data-widget_type=\"image.default\">\n\t\t\t\t<div class=\"elementor-widget-container\">\n\t\t\t\t\t\t\t\t\t\t\t\t\t\t\t<img decoding=\"async\" width=\"1600\" height=\"852\" src=\"https:\/\/siatehnikadoo.rs\/wp-content\/uploads\/2025\/06\/slika-2.jpg\" class=\"attachment-2048x2048 size-2048x2048 wp-image-3282\" alt=\"\" srcset=\"https:\/\/siatehnikadoo.rs\/wp-content\/uploads\/2025\/06\/slika-2.jpg 1600w, https:\/\/siatehnikadoo.rs\/wp-content\/uploads\/2025\/06\/slika-2-300x160.jpg 300w, https:\/\/siatehnikadoo.rs\/wp-content\/uploads\/2025\/06\/slika-2-1024x545.jpg 1024w, https:\/\/siatehnikadoo.rs\/wp-content\/uploads\/2025\/06\/slika-2-768x409.jpg 768w, https:\/\/siatehnikadoo.rs\/wp-content\/uploads\/2025\/06\/slika-2-1536x818.jpg 1536w, https:\/\/siatehnikadoo.rs\/wp-content\/uploads\/2025\/06\/slika-2-18x10.jpg 18w\" sizes=\"(max-width: 1600px) 100vw, 1600px\" \/>\t\t\t\t\t\t\t\t\t\t\t\t\t\t\t<\/div>\n\t\t\t\t<\/div>\n\t\t\t\t<div class=\"elementor-element elementor-element-eefa91c elementor-widget-tablet__width-inherit elementor-widget__width-inherit elementor-widget elementor-widget-image\" data-id=\"eefa91c\" data-element_type=\"widget\" data-e-type=\"widget\" data-widget_type=\"image.default\">\n\t\t\t\t<div class=\"elementor-widget-container\">\n\t\t\t\t\t\t\t\t\t\t\t\t\t\t\t<img loading=\"lazy\" decoding=\"async\" width=\"593\" height=\"394\" src=\"https:\/\/siatehnikadoo.rs\/wp-content\/uploads\/2025\/06\/slika-L7.jpg\" class=\"attachment-2048x2048 size-2048x2048 wp-image-3371\" alt=\"\" srcset=\"https:\/\/siatehnikadoo.rs\/wp-content\/uploads\/2025\/06\/slika-L7.jpg 593w, https:\/\/siatehnikadoo.rs\/wp-content\/uploads\/2025\/06\/slika-L7-300x199.jpg 300w, https:\/\/siatehnikadoo.rs\/wp-content\/uploads\/2025\/06\/slika-L7-18x12.jpg 18w\" sizes=\"(max-width: 593px) 100vw, 593px\" \/>\t\t\t\t\t\t\t\t\t\t\t\t\t\t\t<\/div>\n\t\t\t\t<\/div>\n\t\t\t\t<div class=\"elementor-element elementor-element-e089c96 elementor-widget-tablet__width-inherit elementor-widget__width-inherit elementor-widget elementor-widget-image\" data-id=\"e089c96\" data-element_type=\"widget\" data-e-type=\"widget\" data-widget_type=\"image.default\">\n\t\t\t\t<div class=\"elementor-widget-container\">\n\t\t\t\t\t\t\t\t\t\t\t\t\t\t\t<img loading=\"lazy\" decoding=\"async\" width=\"1600\" height=\"814\" src=\"https:\/\/siatehnikadoo.rs\/wp-content\/uploads\/2025\/06\/slika-1-.jpg\" class=\"attachment-2048x2048 size-2048x2048 wp-image-3284\" alt=\"\" srcset=\"https:\/\/siatehnikadoo.rs\/wp-content\/uploads\/2025\/06\/slika-1-.jpg 1600w, https:\/\/siatehnikadoo.rs\/wp-content\/uploads\/2025\/06\/slika-1--300x153.jpg 300w, https:\/\/siatehnikadoo.rs\/wp-content\/uploads\/2025\/06\/slika-1--1024x521.jpg 1024w, https:\/\/siatehnikadoo.rs\/wp-content\/uploads\/2025\/06\/slika-1--768x391.jpg 768w, https:\/\/siatehnikadoo.rs\/wp-content\/uploads\/2025\/06\/slika-1--1536x781.jpg 1536w, https:\/\/siatehnikadoo.rs\/wp-content\/uploads\/2025\/06\/slika-1--18x9.jpg 18w\" sizes=\"(max-width: 1600px) 100vw, 1600px\" \/>\t\t\t\t\t\t\t\t\t\t\t\t\t\t\t<\/div>\n\t\t\t\t<\/div>\n\t\t\t\t<\/div>\n\t\t\t\t<\/div>\n\t\t\t\t\t<\/div>\n\t\t\t\t<\/div>\n\t\t\t\t<\/div>\n\t\t","protected":false},"excerpt":{"rendered":"<p>LEKEN PLUGOVI Plugovi Leken \u2013 Nema\u010dka tehnologija, kineska proizvodnja Prednosti: \u00a0&#8211; Me\u0111unarodni razvojni tim sastavljen od nema\u010dkih stru\u010dnjaka i eksperata iz celog sveta, fokusiran na re\u0161avanje izazova u poljoprivrednoj tehnici. \u00a0&#8211; Upotreba visokokvalitetnih materijala. \u00a0&#8211; Nezavisna proizvodnja klju\u010dnih komponenti. \u00a0&#8211; Strogi sistem kontrole kvaliteta. Svi plugovi izra\u0111eni su od posebnog, visokokvalitetnog \u010delika, uz primenu vode\u0107e [&hellip;]<\/p>\n","protected":false},"author":2,"featured_media":0,"parent":0,"menu_order":0,"comment_status":"closed","ping_status":"closed","template":"","meta":{"content-type":"","footnotes":""},"class_list":["post-3357","page","type-page","status-publish","hentry"],"_links":{"self":[{"href":"https:\/\/siatehnikadoo.rs\/en\/wp-json\/wp\/v2\/pages\/3357","targetHints":{"allow":["GET"]}}],"collection":[{"href":"https:\/\/siatehnikadoo.rs\/en\/wp-json\/wp\/v2\/pages"}],"about":[{"href":"https:\/\/siatehnikadoo.rs\/en\/wp-json\/wp\/v2\/types\/page"}],"author":[{"embeddable":true,"href":"https:\/\/siatehnikadoo.rs\/en\/wp-json\/wp\/v2\/users\/2"}],"replies":[{"embeddable":true,"href":"https:\/\/siatehnikadoo.rs\/en\/wp-json\/wp\/v2\/comments?post=3357"}],"version-history":[{"count":10,"href":"https:\/\/siatehnikadoo.rs\/en\/wp-json\/wp\/v2\/pages\/3357\/revisions"}],"predecessor-version":[{"id":3445,"href":"https:\/\/siatehnikadoo.rs\/en\/wp-json\/wp\/v2\/pages\/3357\/revisions\/3445"}],"wp:attachment":[{"href":"https:\/\/siatehnikadoo.rs\/en\/wp-json\/wp\/v2\/media?parent=3357"}],"curies":[{"name":"wp","href":"https:\/\/api.w.org\/{rel}","templated":true}]}}