{"id":918,"date":"2024-06-19T09:03:50","date_gmt":"2024-06-19T09:03:50","guid":{"rendered":"https:\/\/kljajic.element-web.com\/?page_id=918"},"modified":"2024-11-19T14:00:14","modified_gmt":"2024-11-19T14:00:14","slug":"hedere-za-soju","status":"publish","type":"page","link":"https:\/\/siatehnikadoo.rs\/hr\/masine\/pocetna\/hederi-za-soju\/","title":{"rendered":"Hederi za soju"},"content":{"rendered":"\t\t<div data-elementor-type=\"wp-page\" data-elementor-id=\"918\" class=\"elementor elementor-918\" data-elementor-post-type=\"page\">\n\t\t\t\t<div class=\"elementor-element elementor-element-ad98eb0 e-flex e-con-boxed e-con e-parent\" data-id=\"ad98eb0\" data-element_type=\"container\" data-e-type=\"container\" data-settings=\"{&quot;background_background&quot;:&quot;classic&quot;}\">\n\t\t\t\t\t<div class=\"e-con-inner\">\n\t\t\t\t\t<\/div>\n\t\t\t\t<\/div>\n\t\t<div class=\"elementor-element elementor-element-c26ba16 e-flex e-con-boxed e-con e-parent\" data-id=\"c26ba16\" data-element_type=\"container\" data-e-type=\"container\">\n\t\t\t\t\t<div class=\"e-con-inner\">\n\t\t<div class=\"elementor-element elementor-element-cb5e2fd e-con-full e-flex e-con e-child\" data-id=\"cb5e2fd\" data-element_type=\"container\" data-e-type=\"container\">\n\t\t\t\t<div class=\"elementor-element elementor-element-3c7c8af elementor-drop-cap-yes elementor-drop-cap-view-default elementor-widget elementor-widget-text-editor\" data-id=\"3c7c8af\" data-element_type=\"widget\" data-e-type=\"widget\" data-settings=\"{&quot;drop_cap&quot;:&quot;yes&quot;}\" data-widget_type=\"text-editor.default\">\n\t\t\t\t<div class=\"elementor-widget-container\">\n\t\t\t\t\t\t\t\t\t<p><strong>CRESSONI CRX Sojaflex<\/strong>\u00a0za \u017eetvu do poslenjeg zrna, skida i najni\u017ee mahune, sa plivaju\u0107im sistemom kopiranje terena je izvanredno, 25 mm od povr\u0161ine zemlje celom \u0161irinom platforme.<\/p><p>Fleksibilna platforma ima mogu\u0107nost blokade i tada zauzima formu krutog rada.<br \/>Po zahtevu na CRX adapter se mo\u017ee montirati nastavak za uljanu repicu.<br \/>Na ovaj adapter lako se montira nastavak za razdeljivanje mase kod useva uljane repice uz pomo\u0107 quick-release sistema.<br \/>Heder je sklopiv iz kabine pritiskom na prekida\u010d, za par minuta je spreman za transport sa parcele na parcelu i isto toliko je potrebno da se rasklopi i da bude spreman za rad.<\/p>\t\t\t\t\t\t\t\t<\/div>\n\t\t\t\t<\/div>\n\t\t\t\t<div class=\"elementor-element elementor-element-9aada25 elementor-align-left elementor-mobile-align-justify elementor-widget-mobile__width-inherit elementor-widget elementor-widget-button\" data-id=\"9aada25\" data-element_type=\"widget\" data-e-type=\"widget\" data-widget_type=\"button.default\">\n\t\t\t\t<div class=\"elementor-widget-container\">\n\t\t\t\t\t\t\t\t\t<div class=\"elementor-button-wrapper\">\n\t\t\t\t\t<a class=\"elementor-button elementor-button-link elementor-size-sm\" href=\"#elementor-action%3Aaction%3Dpopup%3Aopen%26settings%3DeyJpZCI6IjQ1MyIsInRvZ2dsZSI6ZmFsc2V9\">\n\t\t\t\t\t\t<span class=\"elementor-button-content-wrapper\">\n\t\t\t\t\t\t\t\t\t<span class=\"elementor-button-text\">Po\u0161aljite upit<\/span>\n\t\t\t\t\t<\/span>\n\t\t\t\t\t<\/a>\n\t\t\t\t<\/div>\n\t\t\t\t\t\t\t\t<\/div>\n\t\t\t\t<\/div>\n\t\t\t\t<\/div>\n\t\t<div class=\"elementor-element elementor-element-d4d982e e-con-full e-flex e-con e-child\" data-id=\"d4d982e\" data-element_type=\"container\" data-e-type=\"container\">\n\t\t\t\t<div class=\"elementor-element elementor-element-272eb4d elementor-widget-tablet__width-inherit elementor-widget__width-inherit elementor-widget elementor-widget-image\" data-id=\"272eb4d\" data-element_type=\"widget\" data-e-type=\"widget\" data-widget_type=\"image.default\">\n\t\t\t\t<div class=\"elementor-widget-container\">\n\t\t\t\t\t\t\t\t\t\t\t\t\t\t\t<img fetchpriority=\"high\" decoding=\"async\" width=\"973\" height=\"730\" src=\"https:\/\/siatehnikadoo.rs\/wp-content\/uploads\/2024\/06\/Cressoni-soya-flex-Claas_Poljoservis-Kljakic-1.jpg\" class=\"attachment-full size-full wp-image-920\" alt=\"\" srcset=\"https:\/\/siatehnikadoo.rs\/wp-content\/uploads\/2024\/06\/Cressoni-soya-flex-Claas_Poljoservis-Kljakic-1.jpg 973w, https:\/\/siatehnikadoo.rs\/wp-content\/uploads\/2024\/06\/Cressoni-soya-flex-Claas_Poljoservis-Kljakic-1-300x225.jpg 300w, https:\/\/siatehnikadoo.rs\/wp-content\/uploads\/2024\/06\/Cressoni-soya-flex-Claas_Poljoservis-Kljakic-1-768x576.jpg 768w\" sizes=\"(max-width: 973px) 100vw, 973px\" \/>\t\t\t\t\t\t\t\t\t\t\t\t\t\t\t<\/div>\n\t\t\t\t<\/div>\n\t\t\t\t<\/div>\n\t\t\t\t<div class=\"elementor-element elementor-element-f493e20 elementor-absolute elementor-widget elementor-widget-image\" data-id=\"f493e20\" data-element_type=\"widget\" data-e-type=\"widget\" data-settings=\"{&quot;_position&quot;:&quot;absolute&quot;,&quot;motion_fx_motion_fx_scrolling&quot;:&quot;yes&quot;,&quot;motion_fx_translateX_effect&quot;:&quot;yes&quot;,&quot;motion_fx_translateX_speed&quot;:{&quot;unit&quot;:&quot;px&quot;,&quot;size&quot;:4,&quot;sizes&quot;:[]},&quot;motion_fx_translateX_affectedRange&quot;:{&quot;unit&quot;:&quot;%&quot;,&quot;size&quot;:&quot;&quot;,&quot;sizes&quot;:{&quot;start&quot;:0,&quot;end&quot;:100}},&quot;motion_fx_devices&quot;:[&quot;desktop&quot;,&quot;laptop&quot;,&quot;tablet&quot;,&quot;mobile&quot;]}\" data-widget_type=\"image.default\">\n\t\t\t\t<div class=\"elementor-widget-container\">\n\t\t\t\t\t\t\t\t\t\t\t\t\t\t\t<img decoding=\"async\" width=\"405\" height=\"296\" src=\"https:\/\/siatehnikadoo.rs\/wp-content\/uploads\/2024\/06\/favicon1.png\" class=\"attachment-full size-full wp-image-420\" alt=\"\" srcset=\"https:\/\/siatehnikadoo.rs\/wp-content\/uploads\/2024\/06\/favicon1.png 405w, https:\/\/siatehnikadoo.rs\/wp-content\/uploads\/2024\/06\/favicon1-300x219.png 300w, https:\/\/siatehnikadoo.rs\/wp-content\/uploads\/2024\/06\/favicon1-16x12.png 16w\" sizes=\"(max-width: 405px) 100vw, 405px\" \/>\t\t\t\t\t\t\t\t\t\t\t\t\t\t\t<\/div>\n\t\t\t\t<\/div>\n\t\t<div class=\"elementor-element elementor-element-c499122 e-con-full e-flex e-con e-child\" data-id=\"c499122\" data-element_type=\"container\" data-e-type=\"container\">\n\t\t\t\t<div class=\"elementor-element elementor-element-ef294fb elementor-widget elementor-widget-gallery\" data-id=\"ef294fb\" data-element_type=\"widget\" data-e-type=\"widget\" data-settings=\"{&quot;gallery_layout&quot;:&quot;grid&quot;,&quot;columns&quot;:4,&quot;columns_tablet&quot;:2,&quot;columns_mobile&quot;:1,&quot;gap&quot;:{&quot;unit&quot;:&quot;px&quot;,&quot;size&quot;:10,&quot;sizes&quot;:[]},&quot;gap_laptop&quot;:{&quot;unit&quot;:&quot;px&quot;,&quot;size&quot;:10,&quot;sizes&quot;:[]},&quot;gap_tablet&quot;:{&quot;unit&quot;:&quot;px&quot;,&quot;size&quot;:10,&quot;sizes&quot;:[]},&quot;gap_mobile&quot;:{&quot;unit&quot;:&quot;px&quot;,&quot;size&quot;:10,&quot;sizes&quot;:[]},&quot;link_to&quot;:&quot;file&quot;,&quot;aspect_ratio&quot;:&quot;3:2&quot;,&quot;overlay_background&quot;:&quot;yes&quot;,&quot;content_hover_animation&quot;:&quot;fade-in&quot;}\" data-widget_type=\"gallery.default\">\n\t\t\t\t<div class=\"elementor-widget-container\">\n\t\t\t\t\t\t\t<div class=\"elementor-gallery__container\">\n\t\t\t\t\t\t\t<a class=\"e-gallery-item elementor-gallery-item elementor-animated-content\" href=\"https:\/\/siatehnikadoo.rs\/wp-content\/uploads\/2024\/06\/Cressoni-heder-za-soju_Poljoservis-Kljakic.jpg\" data-elementor-open-lightbox=\"yes\" data-elementor-lightbox-slideshow=\"ef294fb\" data-elementor-lightbox-title=\"Cressoni-heder-za-soju_Poljoservis-Kljakic\" data-e-action-hash=\"#elementor-action%3Aaction%3Dlightbox%26settings%3DeyJpZCI6OTIxLCJ1cmwiOiJodHRwczpcL1wvc2lhdGVobmlrYWRvby5yc1wvd3AtY29udGVudFwvdXBsb2Fkc1wvMjAyNFwvMDZcL0NyZXNzb25pLWhlZGVyLXphLXNvanVfUG9sam9zZXJ2aXMtS2xqYWtpYy5qcGciLCJzbGlkZXNob3ciOiJlZjI5NGZiIn0%3D\">\n\t\t\t\t\t<div class=\"e-gallery-image elementor-gallery-item__image\" data-thumbnail=\"https:\/\/siatehnikadoo.rs\/wp-content\/uploads\/2024\/06\/Cressoni-heder-za-soju_Poljoservis-Kljakic.jpg\" data-width=\"885\" data-height=\"663\" aria-label=\"\" role=\"img\" ><\/div>\n\t\t\t\t\t\t\t\t\t\t\t<div class=\"elementor-gallery-item__overlay\"><\/div>\n\t\t\t\t\t\t\t\t\t\t\t\t\t\t<\/a>\n\t\t\t\t\t\t\t<a class=\"e-gallery-item elementor-gallery-item elementor-animated-content\" href=\"https:\/\/siatehnikadoo.rs\/wp-content\/uploads\/2024\/06\/New-Holland_Cressoni_Poljoservis-Kljakic-1024x768-1.jpg\" data-elementor-open-lightbox=\"yes\" data-elementor-lightbox-slideshow=\"ef294fb\" data-elementor-lightbox-title=\"New-Holland_Cressoni_Poljoservis-Kljakic-1024x768\" data-e-action-hash=\"#elementor-action%3Aaction%3Dlightbox%26settings%3DeyJpZCI6OTIyLCJ1cmwiOiJodHRwczpcL1wvc2lhdGVobmlrYWRvby5yc1wvd3AtY29udGVudFwvdXBsb2Fkc1wvMjAyNFwvMDZcL05ldy1Ib2xsYW5kX0NyZXNzb25pX1BvbGpvc2VydmlzLUtsamFraWMtMTAyNHg3NjgtMS5qcGciLCJzbGlkZXNob3ciOiJlZjI5NGZiIn0%3D\">\n\t\t\t\t\t<div class=\"e-gallery-image elementor-gallery-item__image\" data-thumbnail=\"https:\/\/siatehnikadoo.rs\/wp-content\/uploads\/2024\/06\/New-Holland_Cressoni_Poljoservis-Kljakic-1024x768-1.jpg\" data-width=\"1024\" data-height=\"768\" aria-label=\"\" role=\"img\" ><\/div>\n\t\t\t\t\t\t\t\t\t\t\t<div class=\"elementor-gallery-item__overlay\"><\/div>\n\t\t\t\t\t\t\t\t\t\t\t\t\t\t<\/a>\n\t\t\t\t\t<\/div>\n\t\t\t\t\t<\/div>\n\t\t\t\t<\/div>\n\t\t\t\t<\/div>\n\t\t\t\t\t<\/div>\n\t\t\t\t<\/div>\n\t\t<div class=\"elementor-element elementor-element-19b6f06 e-flex e-con-boxed e-con e-parent\" data-id=\"19b6f06\" data-element_type=\"container\" data-e-type=\"container\" data-settings=\"{&quot;background_background&quot;:&quot;classic&quot;}\">\n\t\t\t\t\t<div class=\"e-con-inner\">\n\t\t<div class=\"elementor-element elementor-element-90ede52 e-con-full e-flex e-con e-child\" data-id=\"90ede52\" data-element_type=\"container\" data-e-type=\"container\">\n\t\t\t\t<div class=\"elementor-element elementor-element-00c6f11 elementor-widget elementor-widget-heading\" data-id=\"00c6f11\" data-element_type=\"widget\" data-e-type=\"widget\" data-widget_type=\"heading.default\">\n\t\t\t\t<div class=\"elementor-widget-container\">\n\t\t\t\t\t<h3 class=\"elementor-heading-title elementor-size-default\">ZA SVE BRENDOVE I MODELE KOMBAJNA<\/h3>\t\t\t\t<\/div>\n\t\t\t\t<\/div>\n\t\t\t\t<div class=\"elementor-element elementor-element-8accd7c elementor-widget__width-inherit elementor-widget elementor-widget-text-editor\" data-id=\"8accd7c\" data-element_type=\"widget\" data-e-type=\"widget\" data-widget_type=\"text-editor.default\">\n\t\t\t\t<div class=\"elementor-widget-container\">\n\t\t\t\t\t\t\t\t\t<p>Radni zahvati:<br \/><strong>SKLOPIVI ADAPTERI CRX<\/strong>\u00a0Sojaflex \u2013 5,4 m; 6,0 m; 6,6 m; 7,2 m;<br \/><strong>FIKSNI ADAPTERI SF3 Sojaflex<\/strong>\u00a0\u2013 3,8 m; 4,4 m; 5,4 m; 6,0 m; 7,5 m; 9,0 m;<\/p>\t\t\t\t\t\t\t\t<\/div>\n\t\t\t\t<\/div>\n\t\t\t\t<div class=\"elementor-element elementor-element-68b2bdd elementor-align-left elementor-mobile-align-justify elementor-widget-mobile__width-inherit elementor-widget elementor-widget-button\" data-id=\"68b2bdd\" data-element_type=\"widget\" data-e-type=\"widget\" data-widget_type=\"button.default\">\n\t\t\t\t<div class=\"elementor-widget-container\">\n\t\t\t\t\t\t\t\t\t<div class=\"elementor-button-wrapper\">\n\t\t\t\t\t<a class=\"elementor-button elementor-button-link elementor-size-sm\" href=\"https:\/\/www.cressoni.it\/eng_prodotti_grano_CRX.htm\" target=\"_blank\" rel=\"nofollow noopener\">\n\t\t\t\t\t\t<span class=\"elementor-button-content-wrapper\">\n\t\t\t\t\t\t\t\t\t<span class=\"elementor-button-text\">Vi\u0161e<\/span>\n\t\t\t\t\t<\/span>\n\t\t\t\t\t<\/a>\n\t\t\t\t<\/div>\n\t\t\t\t\t\t\t\t<\/div>\n\t\t\t\t<\/div>\n\t\t\t\t<div class=\"elementor-element elementor-element-7d6ead4 elementor-align-left elementor-mobile-align-justify elementor-widget-mobile__width-inherit elementor-widget elementor-widget-button\" data-id=\"7d6ead4\" data-element_type=\"widget\" data-e-type=\"widget\" data-widget_type=\"button.default\">\n\t\t\t\t<div class=\"elementor-widget-container\">\n\t\t\t\t\t\t\t\t\t<div class=\"elementor-button-wrapper\">\n\t\t\t\t\t<a class=\"elementor-button elementor-button-link elementor-size-sm\" href=\"#elementor-action%3Aaction%3Dpopup%3Aopen%26settings%3DeyJpZCI6IjQ1MyIsInRvZ2dsZSI6ZmFsc2V9\">\n\t\t\t\t\t\t<span class=\"elementor-button-content-wrapper\">\n\t\t\t\t\t\t\t\t\t<span class=\"elementor-button-text\">Po\u0161aljite upit<\/span>\n\t\t\t\t\t<\/span>\n\t\t\t\t\t<\/a>\n\t\t\t\t<\/div>\n\t\t\t\t\t\t\t\t<\/div>\n\t\t\t\t<\/div>\n\t\t\t\t<\/div>\n\t\t<div class=\"elementor-element elementor-element-37e21db e-con-full e-flex e-con e-child\" data-id=\"37e21db\" data-element_type=\"container\" data-e-type=\"container\">\n\t\t\t\t<div class=\"elementor-element elementor-element-4ca8262 elementor-widget elementor-widget-gallery\" data-id=\"4ca8262\" data-element_type=\"widget\" data-e-type=\"widget\" data-settings=\"{&quot;columns&quot;:2,&quot;gallery_layout&quot;:&quot;grid&quot;,&quot;columns_tablet&quot;:2,&quot;columns_mobile&quot;:1,&quot;gap&quot;:{&quot;unit&quot;:&quot;px&quot;,&quot;size&quot;:10,&quot;sizes&quot;:[]},&quot;gap_laptop&quot;:{&quot;unit&quot;:&quot;px&quot;,&quot;size&quot;:10,&quot;sizes&quot;:[]},&quot;gap_tablet&quot;:{&quot;unit&quot;:&quot;px&quot;,&quot;size&quot;:10,&quot;sizes&quot;:[]},&quot;gap_mobile&quot;:{&quot;unit&quot;:&quot;px&quot;,&quot;size&quot;:10,&quot;sizes&quot;:[]},&quot;link_to&quot;:&quot;file&quot;,&quot;aspect_ratio&quot;:&quot;3:2&quot;,&quot;overlay_background&quot;:&quot;yes&quot;,&quot;content_hover_animation&quot;:&quot;fade-in&quot;}\" data-widget_type=\"gallery.default\">\n\t\t\t\t<div class=\"elementor-widget-container\">\n\t\t\t\t\t\t\t<div class=\"elementor-gallery__container\">\n\t\t\t\t\t\t\t<a class=\"e-gallery-item elementor-gallery-item elementor-animated-content\" href=\"https:\/\/siatehnikadoo.rs\/wp-content\/uploads\/2024\/06\/Cressoni-3-Kljakic.jpg\" data-elementor-open-lightbox=\"yes\" data-elementor-lightbox-slideshow=\"4ca8262\" data-elementor-lightbox-title=\"Cressoni-3-Kljakic\" data-e-action-hash=\"#elementor-action%3Aaction%3Dlightbox%26settings%3DeyJpZCI6OTI3LCJ1cmwiOiJodHRwczpcL1wvc2lhdGVobmlrYWRvby5yc1wvd3AtY29udGVudFwvdXBsb2Fkc1wvMjAyNFwvMDZcL0NyZXNzb25pLTMtS2xqYWtpYy5qcGciLCJzbGlkZXNob3ciOiI0Y2E4MjYyIn0%3D\">\n\t\t\t\t\t<div class=\"e-gallery-image elementor-gallery-item__image\" data-thumbnail=\"https:\/\/siatehnikadoo.rs\/wp-content\/uploads\/2024\/06\/Cressoni-3-Kljakic.jpg\" data-width=\"486\" data-height=\"365\" aria-label=\"\" role=\"img\" ><\/div>\n\t\t\t\t\t\t\t\t\t\t\t<div class=\"elementor-gallery-item__overlay\"><\/div>\n\t\t\t\t\t\t\t\t\t\t\t\t\t\t<\/a>\n\t\t\t\t\t\t\t<a class=\"e-gallery-item elementor-gallery-item elementor-animated-content\" href=\"https:\/\/siatehnikadoo.rs\/wp-content\/uploads\/2024\/06\/Claas_Cressoni_Kljakic-2.jpg\" data-elementor-open-lightbox=\"yes\" data-elementor-lightbox-slideshow=\"4ca8262\" data-elementor-lightbox-title=\"Claas_Cressoni_Kljakic (2)\" data-e-action-hash=\"#elementor-action%3Aaction%3Dlightbox%26settings%3DeyJpZCI6OTI0LCJ1cmwiOiJodHRwczpcL1wvc2lhdGVobmlrYWRvby5yc1wvd3AtY29udGVudFwvdXBsb2Fkc1wvMjAyNFwvMDZcL0NsYWFzX0NyZXNzb25pX0tsamFraWMtMi5qcGciLCJzbGlkZXNob3ciOiI0Y2E4MjYyIn0%3D\">\n\t\t\t\t\t<div class=\"e-gallery-image elementor-gallery-item__image\" data-thumbnail=\"https:\/\/siatehnikadoo.rs\/wp-content\/uploads\/2024\/06\/Claas_Cressoni_Kljakic-2.jpg\" data-width=\"1425\" data-height=\"1069\" aria-label=\"\" role=\"img\" ><\/div>\n\t\t\t\t\t\t\t\t\t\t\t<div class=\"elementor-gallery-item__overlay\"><\/div>\n\t\t\t\t\t\t\t\t\t\t\t\t\t\t<\/a>\n\t\t\t\t\t\t\t<a class=\"e-gallery-item elementor-gallery-item elementor-animated-content\" href=\"https:\/\/siatehnikadoo.rs\/wp-content\/uploads\/2024\/06\/Cressoni_heder_Poljoservis-Kljakic-2.jpg\" data-elementor-open-lightbox=\"yes\" data-elementor-lightbox-slideshow=\"4ca8262\" data-elementor-lightbox-title=\"Cressoni_heder_Poljoservis-Kljakic (2)\" data-e-action-hash=\"#elementor-action%3Aaction%3Dlightbox%26settings%3DeyJpZCI6OTI2LCJ1cmwiOiJodHRwczpcL1wvc2lhdGVobmlrYWRvby5yc1wvd3AtY29udGVudFwvdXBsb2Fkc1wvMjAyNFwvMDZcL0NyZXNzb25pX2hlZGVyX1BvbGpvc2VydmlzLUtsamFraWMtMi5qcGciLCJzbGlkZXNob3ciOiI0Y2E4MjYyIn0%3D\">\n\t\t\t\t\t<div class=\"e-gallery-image elementor-gallery-item__image\" data-thumbnail=\"https:\/\/siatehnikadoo.rs\/wp-content\/uploads\/2024\/06\/Cressoni_heder_Poljoservis-Kljakic-2.jpg\" data-width=\"1080\" data-height=\"810\" aria-label=\"\" role=\"img\" ><\/div>\n\t\t\t\t\t\t\t\t\t\t\t<div class=\"elementor-gallery-item__overlay\"><\/div>\n\t\t\t\t\t\t\t\t\t\t\t\t\t\t<\/a>\n\t\t\t\t\t\t\t<a class=\"e-gallery-item elementor-gallery-item elementor-animated-content\" href=\"https:\/\/siatehnikadoo.rs\/wp-content\/uploads\/2024\/06\/cressoni_flex-system_Kjakic.jpg\" data-elementor-open-lightbox=\"yes\" data-elementor-lightbox-slideshow=\"4ca8262\" data-elementor-lightbox-title=\"cressoni_flex-system_Kjakic\" data-e-action-hash=\"#elementor-action%3Aaction%3Dlightbox%26settings%3DeyJpZCI6OTI1LCJ1cmwiOiJodHRwczpcL1wvc2lhdGVobmlrYWRvby5yc1wvd3AtY29udGVudFwvdXBsb2Fkc1wvMjAyNFwvMDZcL2NyZXNzb25pX2ZsZXgtc3lzdGVtX0tqYWtpYy5qcGciLCJzbGlkZXNob3ciOiI0Y2E4MjYyIn0%3D\">\n\t\t\t\t\t<div class=\"e-gallery-image elementor-gallery-item__image\" data-thumbnail=\"https:\/\/siatehnikadoo.rs\/wp-content\/uploads\/2024\/06\/cressoni_flex-system_Kjakic.jpg\" data-width=\"500\" data-height=\"182\" aria-label=\"\" role=\"img\" ><\/div>\n\t\t\t\t\t\t\t\t\t\t\t<div class=\"elementor-gallery-item__overlay\"><\/div>\n\t\t\t\t\t\t\t\t\t\t\t\t\t\t<\/a>\n\t\t\t\t\t<\/div>\n\t\t\t\t\t<\/div>\n\t\t\t\t<\/div>\n\t\t\t\t<\/div>\n\t\t\t\t\t<\/div>\n\t\t\t\t<\/div>\n\t\t<div class=\"elementor-element elementor-element-abc8f7a e-flex e-con-boxed e-con e-parent\" data-id=\"abc8f7a\" data-element_type=\"container\" data-e-type=\"container\" data-settings=\"{&quot;background_background&quot;:&quot;classic&quot;}\">\n\t\t\t\t\t<div class=\"e-con-inner\">\n\t\t\t\t<div class=\"elementor-element elementor-element-171a723 elementor-widget elementor-widget-heading\" data-id=\"171a723\" data-element_type=\"widget\" data-e-type=\"widget\" data-widget_type=\"heading.default\">\n\t\t\t\t<div class=\"elementor-widget-container\">\n\t\t\t\t\t<span class=\"elementor-heading-title elementor-size-default\">SIA TEHNIKA DOO<\/span>\t\t\t\t<\/div>\n\t\t\t\t<\/div>\n\t\t\t\t<div class=\"elementor-element elementor-element-c39b9af elementor-widget__width-initial elementor-widget-tablet__width-inherit elementor-widget elementor-widget-heading\" data-id=\"c39b9af\" data-element_type=\"widget\" data-e-type=\"widget\" data-widget_type=\"heading.default\">\n\t\t\t\t<div class=\"elementor-widget-container\">\n\t\t\t\t\t<h2 class=\"elementor-heading-title elementor-size-default\">Potreban Vam je ekspert za poljoprivredne ma\u0161ine?<\/h2>\t\t\t\t<\/div>\n\t\t\t\t<\/div>\n\t\t\t\t<div class=\"elementor-element elementor-element-0cd64fb elementor-align-center elementor-mobile-align-justify elementor-widget-mobile__width-inherit elementor-widget elementor-widget-button\" data-id=\"0cd64fb\" data-element_type=\"widget\" data-e-type=\"widget\" data-widget_type=\"button.default\">\n\t\t\t\t<div class=\"elementor-widget-container\">\n\t\t\t\t\t\t\t\t\t<div class=\"elementor-button-wrapper\">\n\t\t\t\t\t<a class=\"elementor-button elementor-button-link elementor-size-sm\" href=\"https:\/\/siatehnikadoo.rs\/hr\/kontakt\/\">\n\t\t\t\t\t\t<span class=\"elementor-button-content-wrapper\">\n\t\t\t\t\t\t\t\t\t<span class=\"elementor-button-text\">Kontaktirajte nas<\/span>\n\t\t\t\t\t<\/span>\n\t\t\t\t\t<\/a>\n\t\t\t\t<\/div>\n\t\t\t\t\t\t\t\t<\/div>\n\t\t\t\t<\/div>\n\t\t\t\t\t<\/div>\n\t\t\t\t<\/div>\n\t\t\t\t<\/div>\n\t\t","protected":false},"excerpt":{"rendered":"<p>CRESSONI CRX Sojaflex\u00a0za \u017eetvu do poslenjeg zrna, skida i najni\u017ee mahune, sa plivaju\u0107im sistemom kopiranje terena je izvanredno, 25 mm od povr\u0161ine zemlje celom \u0161irinom platforme. Fleksibilna platforma ima mogu\u0107nost blokade i tada zauzima formu krutog rada.Po zahtevu na CRX adapter se mo\u017ee montirati nastavak za uljanu repicu.Na ovaj adapter lako se montira nastavak za [&hellip;]<\/p>\n","protected":false},"author":2,"featured_media":0,"parent":297,"menu_order":0,"comment_status":"closed","ping_status":"closed","template":"","meta":{"content-type":"","footnotes":""},"class_list":["post-918","page","type-page","status-publish","hentry"],"_links":{"self":[{"href":"https:\/\/siatehnikadoo.rs\/hr\/wp-json\/wp\/v2\/pages\/918","targetHints":{"allow":["GET"]}}],"collection":[{"href":"https:\/\/siatehnikadoo.rs\/hr\/wp-json\/wp\/v2\/pages"}],"about":[{"href":"https:\/\/siatehnikadoo.rs\/hr\/wp-json\/wp\/v2\/types\/page"}],"author":[{"embeddable":true,"href":"https:\/\/siatehnikadoo.rs\/hr\/wp-json\/wp\/v2\/users\/2"}],"replies":[{"embeddable":true,"href":"https:\/\/siatehnikadoo.rs\/hr\/wp-json\/wp\/v2\/comments?post=918"}],"version-history":[{"count":27,"href":"https:\/\/siatehnikadoo.rs\/hr\/wp-json\/wp\/v2\/pages\/918\/revisions"}],"predecessor-version":[{"id":2863,"href":"https:\/\/siatehnikadoo.rs\/hr\/wp-json\/wp\/v2\/pages\/918\/revisions\/2863"}],"up":[{"embeddable":true,"href":"https:\/\/siatehnikadoo.rs\/hr\/wp-json\/wp\/v2\/pages\/297"}],"wp:attachment":[{"href":"https:\/\/siatehnikadoo.rs\/hr\/wp-json\/wp\/v2\/media?parent=918"}],"curies":[{"name":"radni list","href":"https:\/\/api.w.org\/{rel}","templated":true}]}}