{"id":307,"date":"2024-06-14T11:20:09","date_gmt":"2024-06-14T11:20:09","guid":{"rendered":"https:\/\/kljajic.element-web.com\/?page_id=307"},"modified":"2024-11-19T23:14:13","modified_gmt":"2024-11-19T23:14:13","slug":"benzin-es-dizel-generatorok","status":"publish","type":"page","link":"https:\/\/siatehnikadoo.rs\/hu\/masine\/benzinski-i-dizel-agregati\/","title":{"rendered":"Benzin \u00e9s d\u00edzel aggreg\u00e1tumok"},"content":{"rendered":"<div data-elementor-type=\"wp-page\" data-elementor-id=\"307\" class=\"elementor elementor-307\" data-elementor-post-type=\"page\">\n\t\t\t\t<div class=\"elementor-element elementor-element-51aa1a5 e-flex e-con-boxed e-con e-parent\" data-id=\"51aa1a5\" data-element_type=\"container\" data-e-type=\"container\" data-settings=\"{&quot;background_background&quot;:&quot;classic&quot;}\">\n\t\t\t\t\t<div class=\"e-con-inner\">\n\t\t\t\t\t<\/div>\n\t\t\t\t<\/div>\n\t\t<div class=\"elementor-element elementor-element-0a8c842 e-flex e-con-boxed e-con e-parent\" data-id=\"0a8c842\" data-element_type=\"container\" data-e-type=\"container\" data-settings=\"{&quot;background_background&quot;:&quot;classic&quot;}\">\n\t\t\t\t\t<div class=\"e-con-inner\">\n\t\t<div class=\"elementor-element elementor-element-299c2b1 e-con-full e-flex e-con e-child\" data-id=\"299c2b1\" data-element_type=\"container\" data-e-type=\"container\">\n\t\t\t\t<div class=\"elementor-element elementor-element-2225dcf elementor-widget elementor-widget-heading\" data-id=\"2225dcf\" data-element_type=\"widget\" data-e-type=\"widget\" data-widget_type=\"heading.default\">\n\t\t\t\t<div class=\"elementor-widget-container\">\n\t\t\t\t\t<h2 class=\"elementor-heading-title elementor-size-default\">Hordozhat\u00f3 aggreg\u00e1tumok<\/h2>\t\t\t\t<\/div>\n\t\t\t\t<\/div>\n\t\t\t\t<\/div>\n\t\t<div class=\"elementor-element elementor-element-b6998fa e-con-full e-flex e-con e-child\" data-id=\"b6998fa\" data-element_type=\"container\" data-e-type=\"container\">\n\t\t\t\t<div class=\"elementor-element elementor-element-d097348 elementor-widget elementor-widget-image\" data-id=\"d097348\" data-element_type=\"widget\" data-e-type=\"widget\" data-widget_type=\"image.default\">\n\t\t\t\t<div class=\"elementor-widget-container\">\n\t\t\t\t\t\t\t\t\t\t\t\t\t\t\t\t<a href=\"https:\/\/siatehnikadoo.rs\/wp-content\/uploads\/2024\/06\/2-2.png\" data-elementor-open-lightbox=\"yes\" data-elementor-lightbox-title=\"2 (2)\" data-e-action-hash=\"#elementor-action%3Aaction%3Dlightbox%26settings%3DeyJpZCI6MTI4OCwidXJsIjoiaHR0cHM6XC9cL3NpYXRlaG5pa2Fkb28ucnNcL3dwLWNvbnRlbnRcL3VwbG9hZHNcLzIwMjRcLzA2XC8yLTIucG5nIn0%3D\">\n\t\t\t\t\t\t\t<img fetchpriority=\"high\" decoding=\"async\" width=\"800\" height=\"600\" src=\"https:\/\/siatehnikadoo.rs\/wp-content\/uploads\/2024\/06\/2-2-1024x768.png\" class=\"attachment-large size-large wp-image-1288\" alt=\"\" srcset=\"https:\/\/siatehnikadoo.rs\/wp-content\/uploads\/2024\/06\/2-2-1024x768.png 1024w, https:\/\/siatehnikadoo.rs\/wp-content\/uploads\/2024\/06\/2-2-300x225.png 300w, https:\/\/siatehnikadoo.rs\/wp-content\/uploads\/2024\/06\/2-2-768x576.png 768w, https:\/\/siatehnikadoo.rs\/wp-content\/uploads\/2024\/06\/2-2.png 1200w\" sizes=\"(max-width: 800px) 100vw, 800px\" \/>\t\t\t\t\t\t\t\t<\/a>\n\t\t\t\t\t\t\t\t\t\t\t\t\t\t\t<\/div>\n\t\t\t\t<\/div>\n\t\t\t\t<div class=\"elementor-element elementor-element-ddae403 elementor-widget elementor-widget-heading\" data-id=\"ddae403\" data-element_type=\"widget\" data-e-type=\"widget\" data-widget_type=\"heading.default\">\n\t\t\t\t<div class=\"elementor-widget-container\">\n\t\t\t\t\t<h3 class=\"elementor-heading-title elementor-size-default\">BS.3001.R<\/h3>\t\t\t\t<\/div>\n\t\t\t\t<\/div>\n\t\t\t\t<div class=\"elementor-element elementor-element-41a7304 elementor-widget elementor-widget-text-editor\" data-id=\"41a7304\" data-element_type=\"widget\" data-e-type=\"widget\" data-widget_type=\"text-editor.default\">\n\t\t\t\t<div class=\"elementor-widget-container\">\n\t\t\t\t\t\t\t\t\t<p>Egyf\u00e1zis\u00fa benzinmotor k\u00e9zi ind\u00edt\u00e1ssal 3 kW\u00a0<\/p><p>Kateg\u00f3ria: Benzin \/ Hordozhat\u00f3 gener\u00e1torok M\u00e1rka: Briggs &amp; Stratton, NSM Srl Italy<\/p>\t\t\t\t\t\t\t\t<\/div>\n\t\t\t\t<\/div>\n\t\t\t\t<div class=\"elementor-element elementor-element-916b560 elementor-align-left elementor-mobile-align-justify elementor-widget-mobile__width-inherit elementor-widget elementor-widget-button\" data-id=\"916b560\" data-element_type=\"widget\" data-e-type=\"widget\" data-widget_type=\"button.default\">\n\t\t\t\t<div class=\"elementor-widget-container\">\n\t\t\t\t\t\t\t\t\t<div class=\"elementor-button-wrapper\">\n\t\t\t\t\t<a class=\"elementor-button elementor-button-link elementor-size-sm\" href=\"https:\/\/orgonpower.com\/product\/model-bs-3001-r\/\" target=\"_blank\" rel=\"nofollow noopener\">\n\t\t\t\t\t\t<span class=\"elementor-button-content-wrapper\">\n\t\t\t\t\t\t\t\t\t<span class=\"elementor-button-text\">T\u00f6bb<\/span>\n\t\t\t\t\t<\/span>\n\t\t\t\t\t<\/a>\n\t\t\t\t<\/div>\n\t\t\t\t\t\t\t\t<\/div>\n\t\t\t\t<\/div>\n\t\t\t\t<div class=\"elementor-element elementor-element-0eeb85b elementor-align-left elementor-mobile-align-justify elementor-widget-mobile__width-inherit elementor-widget elementor-widget-button\" data-id=\"0eeb85b\" data-element_type=\"widget\" data-e-type=\"widget\" data-widget_type=\"button.default\">\n\t\t\t\t<div class=\"elementor-widget-container\">\n\t\t\t\t\t\t\t\t\t<div class=\"elementor-button-wrapper\">\n\t\t\t\t\t<a class=\"elementor-button elementor-button-link elementor-size-sm\" href=\"#elementor-action%3Aaction%3Dpopup%3Aopen%26settings%3DeyJpZCI6IjQ1MyIsInRvZ2dsZSI6ZmFsc2V9\">\n\t\t\t\t\t\t<span class=\"elementor-button-content-wrapper\">\n\t\t\t\t\t\t\t\t\t<span class=\"elementor-button-text\">K\u00fcldj egy \u00e9rdekl\u0151d\u00e9st<\/span>\n\t\t\t\t\t<\/span>\n\t\t\t\t\t<\/a>\n\t\t\t\t<\/div>\n\t\t\t\t\t\t\t\t<\/div>\n\t\t\t\t<\/div>\n\t\t\t\t<\/div>\n\t\t<div class=\"elementor-element elementor-element-4427482 e-con-full e-flex e-con e-child\" data-id=\"4427482\" data-element_type=\"container\" data-e-type=\"container\">\n\t\t\t\t<div class=\"elementor-element elementor-element-c6e4a72 elementor-widget elementor-widget-image\" data-id=\"c6e4a72\" data-element_type=\"widget\" data-e-type=\"widget\" data-widget_type=\"image.default\">\n\t\t\t\t<div class=\"elementor-widget-container\">\n\t\t\t\t\t\t\t\t\t\t\t\t\t\t\t\t<a href=\"https:\/\/siatehnikadoo.rs\/wp-content\/uploads\/2024\/06\/6-2.png\" data-elementor-open-lightbox=\"yes\" data-elementor-lightbox-title=\"6 (2)\" data-e-action-hash=\"#elementor-action%3Aaction%3Dlightbox%26settings%3DeyJpZCI6MTI4OSwidXJsIjoiaHR0cHM6XC9cL3NpYXRlaG5pa2Fkb28ucnNcL3dwLWNvbnRlbnRcL3VwbG9hZHNcLzIwMjRcLzA2XC82LTIucG5nIn0%3D\">\n\t\t\t\t\t\t\t<img decoding=\"async\" width=\"800\" height=\"600\" src=\"https:\/\/siatehnikadoo.rs\/wp-content\/uploads\/2024\/06\/6-2-1024x768.png\" class=\"attachment-large size-large wp-image-1289\" alt=\"\" srcset=\"https:\/\/siatehnikadoo.rs\/wp-content\/uploads\/2024\/06\/6-2-1024x768.png 1024w, https:\/\/siatehnikadoo.rs\/wp-content\/uploads\/2024\/06\/6-2-300x225.png 300w, https:\/\/siatehnikadoo.rs\/wp-content\/uploads\/2024\/06\/6-2-768x576.png 768w, https:\/\/siatehnikadoo.rs\/wp-content\/uploads\/2024\/06\/6-2.png 1200w\" sizes=\"(max-width: 800px) 100vw, 800px\" \/>\t\t\t\t\t\t\t\t<\/a>\n\t\t\t\t\t\t\t\t\t\t\t\t\t\t\t<\/div>\n\t\t\t\t<\/div>\n\t\t\t\t<div class=\"elementor-element elementor-element-61abc2e elementor-widget elementor-widget-heading\" data-id=\"61abc2e\" data-element_type=\"widget\" data-e-type=\"widget\" data-widget_type=\"heading.default\">\n\t\t\t\t<div class=\"elementor-widget-container\">\n\t\t\t\t\t<h3 class=\"elementor-heading-title elementor-size-default\">BS.4201.R<\/h3>\t\t\t\t<\/div>\n\t\t\t\t<\/div>\n\t\t\t\t<div class=\"elementor-element elementor-element-9670885 elementor-widget elementor-widget-text-editor\" data-id=\"9670885\" data-element_type=\"widget\" data-e-type=\"widget\" data-widget_type=\"text-editor.default\">\n\t\t\t\t<div class=\"elementor-widget-container\">\n\t\t\t\t\t\t\t\t\t<p>4,2 kW teljes\u00edtm\u00e9ny\u0171, egyf\u00e1zis\u00fa benzines k\u00e9zi ind\u00edt\u00e1ssal\u00a0<\/p><p>Kateg\u00f3ria: Benzin \/ Hordozhat\u00f3 gener\u00e1torok M\u00e1rka: Briggs &amp; Stratton, NSM Srl Italy<\/p>\t\t\t\t\t\t\t\t<\/div>\n\t\t\t\t<\/div>\n\t\t\t\t<div class=\"elementor-element elementor-element-13031ef elementor-align-left elementor-mobile-align-justify elementor-widget-mobile__width-inherit elementor-widget elementor-widget-button\" data-id=\"13031ef\" data-element_type=\"widget\" data-e-type=\"widget\" data-widget_type=\"button.default\">\n\t\t\t\t<div class=\"elementor-widget-container\">\n\t\t\t\t\t\t\t\t\t<div class=\"elementor-button-wrapper\">\n\t\t\t\t\t<a class=\"elementor-button elementor-button-link elementor-size-sm\" href=\"https:\/\/orgonpower.com\/product\/model-bs-4201-r\/\" target=\"_blank\" rel=\"nofollow noopener\">\n\t\t\t\t\t\t<span class=\"elementor-button-content-wrapper\">\n\t\t\t\t\t\t\t\t\t<span class=\"elementor-button-text\">T\u00f6bb<\/span>\n\t\t\t\t\t<\/span>\n\t\t\t\t\t<\/a>\n\t\t\t\t<\/div>\n\t\t\t\t\t\t\t\t<\/div>\n\t\t\t\t<\/div>\n\t\t\t\t<div class=\"elementor-element elementor-element-f5fe4e5 elementor-align-left elementor-mobile-align-justify elementor-widget-mobile__width-inherit elementor-widget elementor-widget-button\" data-id=\"f5fe4e5\" data-element_type=\"widget\" data-e-type=\"widget\" data-widget_type=\"button.default\">\n\t\t\t\t<div class=\"elementor-widget-container\">\n\t\t\t\t\t\t\t\t\t<div class=\"elementor-button-wrapper\">\n\t\t\t\t\t<a class=\"elementor-button elementor-button-link elementor-size-sm\" href=\"#elementor-action%3Aaction%3Dpopup%3Aopen%26settings%3DeyJpZCI6IjQ1MyIsInRvZ2dsZSI6ZmFsc2V9\">\n\t\t\t\t\t\t<span class=\"elementor-button-content-wrapper\">\n\t\t\t\t\t\t\t\t\t<span class=\"elementor-button-text\">K\u00fcldj egy \u00e9rdekl\u0151d\u00e9st<\/span>\n\t\t\t\t\t<\/span>\n\t\t\t\t\t<\/a>\n\t\t\t\t<\/div>\n\t\t\t\t\t\t\t\t<\/div>\n\t\t\t\t<\/div>\n\t\t\t\t<\/div>\n\t\t<div class=\"elementor-element elementor-element-8823ac0 e-con-full e-flex e-con e-child\" data-id=\"8823ac0\" data-element_type=\"container\" data-e-type=\"container\">\n\t\t\t\t<div class=\"elementor-element elementor-element-97bdd5e elementor-widget elementor-widget-image\" data-id=\"97bdd5e\" data-element_type=\"widget\" data-e-type=\"widget\" data-widget_type=\"image.default\">\n\t\t\t\t<div class=\"elementor-widget-container\">\n\t\t\t\t\t\t\t\t\t\t\t\t\t\t\t\t<a href=\"https:\/\/siatehnikadoo.rs\/wp-content\/uploads\/2024\/06\/14-2.png\" data-elementor-open-lightbox=\"yes\" data-elementor-lightbox-title=\"14 (2)\" data-e-action-hash=\"#elementor-action%3Aaction%3Dlightbox%26settings%3DeyJpZCI6MTI5MCwidXJsIjoiaHR0cHM6XC9cL3NpYXRlaG5pa2Fkb28ucnNcL3dwLWNvbnRlbnRcL3VwbG9hZHNcLzIwMjRcLzA2XC8xNC0yLnBuZyJ9\">\n\t\t\t\t\t\t\t<img decoding=\"async\" width=\"800\" height=\"600\" src=\"https:\/\/siatehnikadoo.rs\/wp-content\/uploads\/2024\/06\/14-2-1024x768.png\" class=\"attachment-large size-large wp-image-1290\" alt=\"\" srcset=\"https:\/\/siatehnikadoo.rs\/wp-content\/uploads\/2024\/06\/14-2-1024x768.png 1024w, https:\/\/siatehnikadoo.rs\/wp-content\/uploads\/2024\/06\/14-2-300x225.png 300w, https:\/\/siatehnikadoo.rs\/wp-content\/uploads\/2024\/06\/14-2-768x576.png 768w, https:\/\/siatehnikadoo.rs\/wp-content\/uploads\/2024\/06\/14-2.png 1200w\" sizes=\"(max-width: 800px) 100vw, 800px\" \/>\t\t\t\t\t\t\t\t<\/a>\n\t\t\t\t\t\t\t\t\t\t\t\t\t\t\t<\/div>\n\t\t\t\t<\/div>\n\t\t\t\t<div class=\"elementor-element elementor-element-c44ce42 elementor-widget elementor-widget-heading\" data-id=\"c44ce42\" data-element_type=\"widget\" data-e-type=\"widget\" data-widget_type=\"heading.default\">\n\t\t\t\t<div class=\"elementor-widget-container\">\n\t\t\t\t\t<h3 class=\"elementor-heading-title elementor-size-default\">BS.7001.E<\/h3>\t\t\t\t<\/div>\n\t\t\t\t<\/div>\n\t\t\t\t<div class=\"elementor-element elementor-element-10cc5cd elementor-widget elementor-widget-text-editor\" data-id=\"10cc5cd\" data-element_type=\"widget\" data-e-type=\"widget\" data-widget_type=\"text-editor.default\">\n\t\t\t\t<div class=\"elementor-widget-container\">\n\t\t\t\t\t\t\t\t\t<p>Egyf\u00e1zis\u00fa benzines gener\u00e1tor 7 kW elektromos ind\u00edt\u00e1ssal\u00a0<\/p><p>Kateg\u00f3ria: Benzin \/ Hordozhat\u00f3 gener\u00e1torok M\u00e1rka: Briggs &amp; Stratton, NSM Srl Italy<\/p>\t\t\t\t\t\t\t\t<\/div>\n\t\t\t\t<\/div>\n\t\t\t\t<div class=\"elementor-element elementor-element-c74afb3 elementor-align-left elementor-mobile-align-justify elementor-widget-mobile__width-inherit elementor-widget elementor-widget-button\" data-id=\"c74afb3\" data-element_type=\"widget\" data-e-type=\"widget\" data-widget_type=\"button.default\">\n\t\t\t\t<div class=\"elementor-widget-container\">\n\t\t\t\t\t\t\t\t\t<div class=\"elementor-button-wrapper\">\n\t\t\t\t\t<a class=\"elementor-button elementor-button-link elementor-size-sm\" href=\"https:\/\/orgonpower.com\/product\/model-bs-7001-e\/\" target=\"_blank\" rel=\"nofollow noopener\">\n\t\t\t\t\t\t<span class=\"elementor-button-content-wrapper\">\n\t\t\t\t\t\t\t\t\t<span class=\"elementor-button-text\">T\u00f6bb<\/span>\n\t\t\t\t\t<\/span>\n\t\t\t\t\t<\/a>\n\t\t\t\t<\/div>\n\t\t\t\t\t\t\t\t<\/div>\n\t\t\t\t<\/div>\n\t\t\t\t<div class=\"elementor-element elementor-element-7566adb elementor-align-left elementor-mobile-align-justify elementor-widget-mobile__width-inherit elementor-widget elementor-widget-button\" data-id=\"7566adb\" data-element_type=\"widget\" data-e-type=\"widget\" data-widget_type=\"button.default\">\n\t\t\t\t<div class=\"elementor-widget-container\">\n\t\t\t\t\t\t\t\t\t<div class=\"elementor-button-wrapper\">\n\t\t\t\t\t<a class=\"elementor-button elementor-button-link elementor-size-sm\" href=\"#elementor-action%3Aaction%3Dpopup%3Aopen%26settings%3DeyJpZCI6IjQ1MyIsInRvZ2dsZSI6ZmFsc2V9\">\n\t\t\t\t\t\t<span class=\"elementor-button-content-wrapper\">\n\t\t\t\t\t\t\t\t\t<span class=\"elementor-button-text\">K\u00fcldj egy \u00e9rdekl\u0151d\u00e9st<\/span>\n\t\t\t\t\t<\/span>\n\t\t\t\t\t<\/a>\n\t\t\t\t<\/div>\n\t\t\t\t\t\t\t\t<\/div>\n\t\t\t\t<\/div>\n\t\t\t\t<\/div>\n\t\t<div class=\"elementor-element elementor-element-1894642 e-con-full e-flex e-con e-child\" data-id=\"1894642\" data-element_type=\"container\" data-e-type=\"container\">\n\t\t\t\t<div class=\"elementor-element elementor-element-20ed8cf elementor-widget elementor-widget-image\" data-id=\"20ed8cf\" data-element_type=\"widget\" data-e-type=\"widget\" data-widget_type=\"image.default\">\n\t\t\t\t<div class=\"elementor-widget-container\">\n\t\t\t\t\t\t\t\t\t\t\t\t\t\t\t\t<a href=\"https:\/\/siatehnikadoo.rs\/wp-content\/uploads\/2024\/06\/16-2.png\" data-elementor-open-lightbox=\"yes\" data-elementor-lightbox-title=\"16 (2)\" data-e-action-hash=\"#elementor-action%3Aaction%3Dlightbox%26settings%3DeyJpZCI6MTI5MSwidXJsIjoiaHR0cHM6XC9cL3NpYXRlaG5pa2Fkb28ucnNcL3dwLWNvbnRlbnRcL3VwbG9hZHNcLzIwMjRcLzA2XC8xNi0yLnBuZyJ9\">\n\t\t\t\t\t\t\t<img loading=\"lazy\" decoding=\"async\" width=\"800\" height=\"600\" src=\"https:\/\/siatehnikadoo.rs\/wp-content\/uploads\/2024\/06\/16-2-1024x768.png\" class=\"attachment-large size-large wp-image-1291\" alt=\"\" srcset=\"https:\/\/siatehnikadoo.rs\/wp-content\/uploads\/2024\/06\/16-2-1024x768.png 1024w, https:\/\/siatehnikadoo.rs\/wp-content\/uploads\/2024\/06\/16-2-300x225.png 300w, https:\/\/siatehnikadoo.rs\/wp-content\/uploads\/2024\/06\/16-2-768x576.png 768w, https:\/\/siatehnikadoo.rs\/wp-content\/uploads\/2024\/06\/16-2.png 1200w\" sizes=\"(max-width: 800px) 100vw, 800px\" \/>\t\t\t\t\t\t\t\t<\/a>\n\t\t\t\t\t\t\t\t\t\t\t\t\t\t\t<\/div>\n\t\t\t\t<\/div>\n\t\t\t\t<div class=\"elementor-element elementor-element-068130e elementor-widget elementor-widget-heading\" data-id=\"068130e\" data-element_type=\"widget\" data-e-type=\"widget\" data-widget_type=\"heading.default\">\n\t\t\t\t<div class=\"elementor-widget-container\">\n\t\t\t\t\t<h3 class=\"elementor-heading-title elementor-size-default\">BS.8503.E<\/h3>\t\t\t\t<\/div>\n\t\t\t\t<\/div>\n\t\t\t\t<div class=\"elementor-element elementor-element-891b4cd elementor-widget elementor-widget-text-editor\" data-id=\"891b4cd\" data-element_type=\"widget\" data-e-type=\"widget\" data-widget_type=\"text-editor.default\">\n\t\t\t\t<div class=\"elementor-widget-container\">\n\t\t\t\t\t\t\t\t\t<p>Benzines h\u00e1romf\u00e1zis\u00fa gener\u00e1tor 8,5 kW elektromos ind\u00edt\u00e1ssal (automatikus fesz\u00fclts\u00e9gszab\u00e1lyoz\u00e1ssal)<\/p><p>Kateg\u00f3ria: Benzin \/ Hordozhat\u00f3 gener\u00e1torok M\u00e1rka: Briggs &amp; Stratton, NSM Srl Italy<\/p>\t\t\t\t\t\t\t\t<\/div>\n\t\t\t\t<\/div>\n\t\t\t\t<div class=\"elementor-element elementor-element-4fd9358 elementor-align-left elementor-mobile-align-justify elementor-widget-mobile__width-inherit elementor-widget elementor-widget-button\" data-id=\"4fd9358\" data-element_type=\"widget\" data-e-type=\"widget\" data-widget_type=\"button.default\">\n\t\t\t\t<div class=\"elementor-widget-container\">\n\t\t\t\t\t\t\t\t\t<div class=\"elementor-button-wrapper\">\n\t\t\t\t\t<a class=\"elementor-button elementor-button-link elementor-size-sm\" href=\"https:\/\/orgonpower.com\/product\/model-bs-8503-e\/\" target=\"_blank\" rel=\"nofollow noopener\">\n\t\t\t\t\t\t<span class=\"elementor-button-content-wrapper\">\n\t\t\t\t\t\t\t\t\t<span class=\"elementor-button-text\">T\u00f6bb<\/span>\n\t\t\t\t\t<\/span>\n\t\t\t\t\t<\/a>\n\t\t\t\t<\/div>\n\t\t\t\t\t\t\t\t<\/div>\n\t\t\t\t<\/div>\n\t\t\t\t<div class=\"elementor-element elementor-element-7402bb7 elementor-align-left elementor-mobile-align-justify elementor-widget-mobile__width-inherit elementor-widget elementor-widget-button\" data-id=\"7402bb7\" data-element_type=\"widget\" data-e-type=\"widget\" data-widget_type=\"button.default\">\n\t\t\t\t<div class=\"elementor-widget-container\">\n\t\t\t\t\t\t\t\t\t<div class=\"elementor-button-wrapper\">\n\t\t\t\t\t<a class=\"elementor-button elementor-button-link elementor-size-sm\" href=\"#elementor-action%3Aaction%3Dpopup%3Aopen%26settings%3DeyJpZCI6IjQ1MyIsInRvZ2dsZSI6ZmFsc2V9\">\n\t\t\t\t\t\t<span class=\"elementor-button-content-wrapper\">\n\t\t\t\t\t\t\t\t\t<span class=\"elementor-button-text\">K\u00fcldj egy \u00e9rdekl\u0151d\u00e9st<\/span>\n\t\t\t\t\t<\/span>\n\t\t\t\t\t<\/a>\n\t\t\t\t<\/div>\n\t\t\t\t\t\t\t\t<\/div>\n\t\t\t\t<\/div>\n\t\t\t\t<\/div>\n\t\t\t\t\t<\/div>\n\t\t\t\t<\/div>\n\t\t<div class=\"elementor-element elementor-element-4beb8daa e-flex e-con-boxed e-con e-parent\" data-id=\"4beb8daa\" data-element_type=\"container\" data-e-type=\"container\" data-settings=\"{&quot;background_background&quot;:&quot;classic&quot;}\">\n\t\t\t\t\t<div class=\"e-con-inner\">\n\t\t\t\t<div class=\"elementor-element elementor-element-23fb39cf elementor-widget elementor-widget-heading\" data-id=\"23fb39cf\" data-element_type=\"widget\" data-e-type=\"widget\" data-widget_type=\"heading.default\">\n\t\t\t\t<div class=\"elementor-widget-container\">\n\t\t\t\t\t<span class=\"elementor-heading-title elementor-size-default\">SIA TEHNIKA DOO<\/span>\t\t\t\t<\/div>\n\t\t\t\t<\/div>\n\t\t\t\t<div class=\"elementor-element elementor-element-5d8defd7 elementor-widget__width-initial elementor-widget-tablet__width-inherit elementor-widget elementor-widget-heading\" data-id=\"5d8defd7\" data-element_type=\"widget\" data-e-type=\"widget\" data-widget_type=\"heading.default\">\n\t\t\t\t<div class=\"elementor-widget-container\">\n\t\t\t\t\t<h2 class=\"elementor-heading-title elementor-size-default\">Szak\u00e9rt\u0151re van sz\u00fcks\u00e9ge a mez\u0151gazdas\u00e1gi g\u00e9pekhez?<\/h2>\t\t\t\t<\/div>\n\t\t\t\t<\/div>\n\t\t\t\t<div class=\"elementor-element elementor-element-111a8a41 elementor-align-center elementor-mobile-align-justify elementor-widget-mobile__width-inherit elementor-widget elementor-widget-button\" data-id=\"111a8a41\" data-element_type=\"widget\" data-e-type=\"widget\" data-widget_type=\"button.default\">\n\t\t\t\t<div class=\"elementor-widget-container\">\n\t\t\t\t\t\t\t\t\t<div class=\"elementor-button-wrapper\">\n\t\t\t\t\t<a class=\"elementor-button elementor-button-link elementor-size-sm\" href=\"https:\/\/siatehnikadoo.rs\/hu\/kontakt\/\">\n\t\t\t\t\t\t<span class=\"elementor-button-content-wrapper\">\n\t\t\t\t\t\t\t\t\t<span class=\"elementor-button-text\">Vegye fel vel\u00fcnk a kapcsolatot<\/span>\n\t\t\t\t\t<\/span>\n\t\t\t\t\t<\/a>\n\t\t\t\t<\/div>\n\t\t\t\t\t\t\t\t<\/div>\n\t\t\t\t<\/div>\n\t\t\t\t\t<\/div>\n\t\t\t\t<\/div>\n\t\t\t\t<\/div>","protected":false},"excerpt":{"rendered":"<p>Portabl agregati BS.3001.R Benzinski monofazni agregat sa ru\u010dnim startom snage 3 kW\u00a0 Kategorija: Benzinski \/ Portabl agregati\u00a0 \u00a0 \u00a0 \u00a0 \u00a0 \u00a0 \u00a0 \u00a0 Brend: Briggs &amp; Stratton, NSM S.r.l. Italy Vi\u0161e Po\u0161aljite upit BS.4201.R Benzinski monofazni agregat sa ru\u010dnim startom snage 4.2 kW\u00a0 Kategorija: Benzinski \/ Portabl agregati\u00a0 \u00a0 \u00a0 \u00a0 \u00a0 \u00a0 \u00a0 [&hellip;]<\/p>\n","protected":false},"author":2,"featured_media":0,"parent":25,"menu_order":0,"comment_status":"closed","ping_status":"closed","template":"","meta":{"content-type":"","footnotes":""},"class_list":["post-307","page","type-page","status-publish","hentry"],"_links":{"self":[{"href":"https:\/\/siatehnikadoo.rs\/hu\/wp-json\/wp\/v2\/pages\/307","targetHints":{"allow":["GET"]}}],"collection":[{"href":"https:\/\/siatehnikadoo.rs\/hu\/wp-json\/wp\/v2\/pages"}],"about":[{"href":"https:\/\/siatehnikadoo.rs\/hu\/wp-json\/wp\/v2\/types\/page"}],"author":[{"embeddable":true,"href":"https:\/\/siatehnikadoo.rs\/hu\/wp-json\/wp\/v2\/users\/2"}],"replies":[{"embeddable":true,"href":"https:\/\/siatehnikadoo.rs\/hu\/wp-json\/wp\/v2\/comments?post=307"}],"version-history":[{"count":26,"href":"https:\/\/siatehnikadoo.rs\/hu\/wp-json\/wp\/v2\/pages\/307\/revisions"}],"predecessor-version":[{"id":3062,"href":"https:\/\/siatehnikadoo.rs\/hu\/wp-json\/wp\/v2\/pages\/307\/revisions\/3062"}],"up":[{"embeddable":true,"href":"https:\/\/siatehnikadoo.rs\/hu\/wp-json\/wp\/v2\/pages\/25"}],"wp:attachment":[{"href":"https:\/\/siatehnikadoo.rs\/hu\/wp-json\/wp\/v2\/media?parent=307"}],"curies":[{"name":"munkaf\u00fczet","href":"https:\/\/api.w.org\/{rel}","templated":true}]}}