{"id":502,"date":"2024-06-18T12:18:27","date_gmt":"2024-06-18T12:18:27","guid":{"rendered":"https:\/\/kljajic.element-web.com\/?page_id=502"},"modified":"2024-11-19T23:26:43","modified_gmt":"2024-11-19T23:26:43","slug":"%d0%b7%d0%b0%d0%b2%d0%be%d0%b4%d1%8b-%d0%bf%d0%be-%d1%81%d0%be%d1%80%d1%82%d0%b8%d1%80%d0%be%d0%b2%d0%ba%d0%b5-%d1%84%d1%80%d1%83%d0%ba%d1%82%d0%be%d0%b2","status":"publish","type":"page","link":"https:\/\/siatehnikadoo.rs\/ru\/masine\/vocarske-masine\/sortirnice-za-voce\/","title":{"rendered":"\u041c\u0430\u0448\u0438\u043d\u044b \u0434\u043b\u044f \u0441\u043e\u0440\u0442\u0438\u0440\u043e\u0432\u043a\u0438 \u0444\u0440\u0443\u043a\u0442\u043e\u0432"},"content":{"rendered":"\t\t<div data-elementor-type=\"wp-page\" data-elementor-id=\"502\" class=\"elementor elementor-502\" data-elementor-post-type=\"page\">\n\t\t\t\t<div class=\"elementor-element elementor-element-f40b350 e-flex e-con-boxed e-con e-parent\" data-id=\"f40b350\" data-element_type=\"container\" data-e-type=\"container\" data-settings=\"{&quot;background_background&quot;:&quot;classic&quot;}\">\n\t\t\t\t\t<div class=\"e-con-inner\">\n\t\t\t\t\t<\/div>\n\t\t\t\t<\/div>\n\t\t<div class=\"elementor-element elementor-element-78627c6 e-flex e-con-boxed e-con e-parent\" data-id=\"78627c6\" data-element_type=\"container\" data-e-type=\"container\">\n\t\t\t\t\t<div class=\"e-con-inner\">\n\t\t<div class=\"elementor-element elementor-element-c749908 e-con-full e-flex e-con e-child\" data-id=\"c749908\" data-element_type=\"container\" data-e-type=\"container\">\n\t\t\t\t<div class=\"elementor-element elementor-element-dc9799e elementor-widget elementor-widget-heading\" data-id=\"dc9799e\" data-element_type=\"widget\" data-e-type=\"widget\" data-widget_type=\"heading.default\">\n\t\t\t\t<div class=\"elementor-widget-container\">\n\t\t\t\t\t<h3 class=\"elementor-heading-title elementor-size-default\">STAS linije za sortiranje vo\u0107a i povr\u0107a\n<\/h3>\t\t\t\t<\/div>\n\t\t\t\t<\/div>\n\t\t\t\t<div class=\"elementor-element elementor-element-6cc0ffa elementor-widget elementor-widget-text-editor\" data-id=\"6cc0ffa\" data-element_type=\"widget\" data-e-type=\"widget\" data-widget_type=\"text-editor.default\">\n\t\t\t\t<div class=\"elementor-widget-container\">\n\t\t\t\t\t\t\t\t\t<p>Linije za sortiranje vo\u0107a i povr\u0107a: jabuke, kru\u0161ke, nektarine, tre\u0161nje, paradajz\u2026 belgijske firme STAS.<\/p>\t\t\t\t\t\t\t\t<\/div>\n\t\t\t\t<\/div>\n\t\t\t\t<div class=\"elementor-element elementor-element-0bb57f2 elementor-align-left elementor-mobile-align-justify elementor-widget-mobile__width-inherit elementor-widget elementor-widget-button\" data-id=\"0bb57f2\" data-element_type=\"widget\" data-e-type=\"widget\" data-widget_type=\"button.default\">\n\t\t\t\t<div class=\"elementor-widget-container\">\n\t\t\t\t\t\t\t\t\t<div class=\"elementor-button-wrapper\">\n\t\t\t\t\t<a class=\"elementor-button elementor-button-link elementor-size-sm\" href=\"#elementor-action%3Aaction%3Dpopup%3Aopen%26settings%3DeyJpZCI6IjQ1MyIsInRvZ2dsZSI6ZmFsc2V9\">\n\t\t\t\t\t\t<span class=\"elementor-button-content-wrapper\">\n\t\t\t\t\t\t\t\t\t<span class=\"elementor-button-text\">Po\u0161aljite upit<\/span>\n\t\t\t\t\t<\/span>\n\t\t\t\t\t<\/a>\n\t\t\t\t<\/div>\n\t\t\t\t\t\t\t\t<\/div>\n\t\t\t\t<\/div>\n\t\t\t\t<\/div>\n\t\t<div class=\"elementor-element elementor-element-41635dd e-con-full e-flex e-con e-child\" data-id=\"41635dd\" data-element_type=\"container\" data-e-type=\"container\">\n\t\t\t\t<div class=\"elementor-element elementor-element-3c2cd82 elementor-widget-tablet__width-inherit elementor-widget__width-inherit elementor-widget elementor-widget-image\" data-id=\"3c2cd82\" data-element_type=\"widget\" data-e-type=\"widget\" data-widget_type=\"image.default\">\n\t\t\t\t<div class=\"elementor-widget-container\">\n\t\t\t\t\t\t\t\t\t\t\t\t\t\t\t<img fetchpriority=\"high\" decoding=\"async\" width=\"900\" height=\"600\" src=\"https:\/\/siatehnikadoo.rs\/wp-content\/uploads\/2024\/06\/Sortirnice-za-voce-1.jpg\" class=\"attachment-full size-full wp-image-718\" alt=\"\" srcset=\"https:\/\/siatehnikadoo.rs\/wp-content\/uploads\/2024\/06\/Sortirnice-za-voce-1.jpg 900w, https:\/\/siatehnikadoo.rs\/wp-content\/uploads\/2024\/06\/Sortirnice-za-voce-1-300x200.jpg 300w, https:\/\/siatehnikadoo.rs\/wp-content\/uploads\/2024\/06\/Sortirnice-za-voce-1-768x512.jpg 768w\" sizes=\"(max-width: 900px) 100vw, 900px\" \/>\t\t\t\t\t\t\t\t\t\t\t\t\t\t\t<\/div>\n\t\t\t\t<\/div>\n\t\t\t\t<\/div>\n\t\t\t\t<div class=\"elementor-element elementor-element-4c773c6 elementor-absolute elementor-widget elementor-widget-image\" data-id=\"4c773c6\" data-element_type=\"widget\" data-e-type=\"widget\" data-settings=\"{&quot;_position&quot;:&quot;absolute&quot;,&quot;motion_fx_motion_fx_scrolling&quot;:&quot;yes&quot;,&quot;motion_fx_translateX_effect&quot;:&quot;yes&quot;,&quot;motion_fx_translateX_speed&quot;:{&quot;unit&quot;:&quot;px&quot;,&quot;size&quot;:4,&quot;sizes&quot;:[]},&quot;motion_fx_translateX_affectedRange&quot;:{&quot;unit&quot;:&quot;%&quot;,&quot;size&quot;:&quot;&quot;,&quot;sizes&quot;:{&quot;start&quot;:0,&quot;end&quot;:100}},&quot;motion_fx_devices&quot;:[&quot;desktop&quot;,&quot;laptop&quot;,&quot;tablet&quot;,&quot;mobile&quot;]}\" data-widget_type=\"image.default\">\n\t\t\t\t<div class=\"elementor-widget-container\">\n\t\t\t\t\t\t\t\t\t\t\t\t\t\t\t<img decoding=\"async\" width=\"405\" height=\"296\" src=\"https:\/\/siatehnikadoo.rs\/wp-content\/uploads\/2024\/06\/favicon1.png\" class=\"attachment-full size-full wp-image-420\" alt=\"\" srcset=\"https:\/\/siatehnikadoo.rs\/wp-content\/uploads\/2024\/06\/favicon1.png 405w, https:\/\/siatehnikadoo.rs\/wp-content\/uploads\/2024\/06\/favicon1-300x219.png 300w, https:\/\/siatehnikadoo.rs\/wp-content\/uploads\/2024\/06\/favicon1-16x12.png 16w\" sizes=\"(max-width: 405px) 100vw, 405px\" \/>\t\t\t\t\t\t\t\t\t\t\t\t\t\t\t<\/div>\n\t\t\t\t<\/div>\n\t\t<div class=\"elementor-element elementor-element-ac4fcfb e-con-full e-flex e-con e-child\" data-id=\"ac4fcfb\" data-element_type=\"container\" data-e-type=\"container\">\n\t\t\t\t<div class=\"elementor-element elementor-element-31b6d5a elementor-widget elementor-widget-gallery\" data-id=\"31b6d5a\" data-element_type=\"widget\" data-e-type=\"widget\" data-settings=\"{&quot;gallery_layout&quot;:&quot;grid&quot;,&quot;columns&quot;:4,&quot;columns_tablet&quot;:2,&quot;columns_mobile&quot;:1,&quot;gap&quot;:{&quot;unit&quot;:&quot;px&quot;,&quot;size&quot;:10,&quot;sizes&quot;:[]},&quot;gap_laptop&quot;:{&quot;unit&quot;:&quot;px&quot;,&quot;size&quot;:10,&quot;sizes&quot;:[]},&quot;gap_tablet&quot;:{&quot;unit&quot;:&quot;px&quot;,&quot;size&quot;:10,&quot;sizes&quot;:[]},&quot;gap_mobile&quot;:{&quot;unit&quot;:&quot;px&quot;,&quot;size&quot;:10,&quot;sizes&quot;:[]},&quot;link_to&quot;:&quot;file&quot;,&quot;aspect_ratio&quot;:&quot;3:2&quot;,&quot;overlay_background&quot;:&quot;yes&quot;,&quot;content_hover_animation&quot;:&quot;fade-in&quot;}\" data-widget_type=\"gallery.default\">\n\t\t\t\t<div class=\"elementor-widget-container\">\n\t\t\t\t\t\t\t<div class=\"elementor-gallery__container\">\n\t\t\t\t\t\t\t<a class=\"e-gallery-item elementor-gallery-item elementor-animated-content\" href=\"https:\/\/siatehnikadoo.rs\/wp-content\/uploads\/2024\/06\/Sortirnice-za-voce-3.jpg\" data-elementor-open-lightbox=\"yes\" data-elementor-lightbox-slideshow=\"31b6d5a\" data-elementor-lightbox-title=\"Sortirnice za voce (3)\" data-e-action-hash=\"#elementor-action%3Aaction%3Dlightbox%26settings%3DeyJpZCI6NzE1LCJ1cmwiOiJodHRwczpcL1wvc2lhdGVobmlrYWRvby5yc1wvd3AtY29udGVudFwvdXBsb2Fkc1wvMjAyNFwvMDZcL1NvcnRpcm5pY2UtemEtdm9jZS0zLmpwZyIsInNsaWRlc2hvdyI6IjMxYjZkNWEifQ%3D%3D\">\n\t\t\t\t\t<div class=\"e-gallery-image elementor-gallery-item__image\" data-thumbnail=\"https:\/\/siatehnikadoo.rs\/wp-content\/uploads\/2024\/06\/Sortirnice-za-voce-3.jpg\" data-width=\"900\" data-height=\"600\" aria-label=\"\" role=\"img\" ><\/div>\n\t\t\t\t\t\t\t\t\t\t\t<div class=\"elementor-gallery-item__overlay\"><\/div>\n\t\t\t\t\t\t\t\t\t\t\t\t\t\t<\/a>\n\t\t\t\t\t\t\t<a class=\"e-gallery-item elementor-gallery-item elementor-animated-content\" href=\"https:\/\/siatehnikadoo.rs\/wp-content\/uploads\/2024\/06\/Sortirnice-za-voce-4.jpg\" data-elementor-open-lightbox=\"yes\" data-elementor-lightbox-slideshow=\"31b6d5a\" data-elementor-lightbox-title=\"Sortirnice za voce (4)\" data-e-action-hash=\"#elementor-action%3Aaction%3Dlightbox%26settings%3DeyJpZCI6NzE2LCJ1cmwiOiJodHRwczpcL1wvc2lhdGVobmlrYWRvby5yc1wvd3AtY29udGVudFwvdXBsb2Fkc1wvMjAyNFwvMDZcL1NvcnRpcm5pY2UtemEtdm9jZS00LmpwZyIsInNsaWRlc2hvdyI6IjMxYjZkNWEifQ%3D%3D\">\n\t\t\t\t\t<div class=\"e-gallery-image elementor-gallery-item__image\" data-thumbnail=\"https:\/\/siatehnikadoo.rs\/wp-content\/uploads\/2024\/06\/Sortirnice-za-voce-4.jpg\" data-width=\"900\" data-height=\"600\" aria-label=\"\" role=\"img\" ><\/div>\n\t\t\t\t\t\t\t\t\t\t\t<div class=\"elementor-gallery-item__overlay\"><\/div>\n\t\t\t\t\t\t\t\t\t\t\t\t\t\t<\/a>\n\t\t\t\t\t\t\t<a class=\"e-gallery-item elementor-gallery-item elementor-animated-content\" href=\"https:\/\/siatehnikadoo.rs\/wp-content\/uploads\/2024\/06\/Sortirnice-za-voce-5.jpg\" data-elementor-open-lightbox=\"yes\" data-elementor-lightbox-slideshow=\"31b6d5a\" data-elementor-lightbox-title=\"Sortirnice za voce (5)\" data-e-action-hash=\"#elementor-action%3Aaction%3Dlightbox%26settings%3DeyJpZCI6NzE3LCJ1cmwiOiJodHRwczpcL1wvc2lhdGVobmlrYWRvby5yc1wvd3AtY29udGVudFwvdXBsb2Fkc1wvMjAyNFwvMDZcL1NvcnRpcm5pY2UtemEtdm9jZS01LmpwZyIsInNsaWRlc2hvdyI6IjMxYjZkNWEifQ%3D%3D\">\n\t\t\t\t\t<div class=\"e-gallery-image elementor-gallery-item__image\" data-thumbnail=\"https:\/\/siatehnikadoo.rs\/wp-content\/uploads\/2024\/06\/Sortirnice-za-voce-5.jpg\" data-width=\"900\" data-height=\"600\" aria-label=\"\" role=\"img\" ><\/div>\n\t\t\t\t\t\t\t\t\t\t\t<div class=\"elementor-gallery-item__overlay\"><\/div>\n\t\t\t\t\t\t\t\t\t\t\t\t\t\t<\/a>\n\t\t\t\t\t\t\t<a class=\"e-gallery-item elementor-gallery-item elementor-animated-content\" href=\"https:\/\/siatehnikadoo.rs\/wp-content\/uploads\/2024\/06\/Sortirnice-za-voce-1.jpg\" data-elementor-open-lightbox=\"yes\" data-elementor-lightbox-slideshow=\"31b6d5a\" data-elementor-lightbox-title=\"Sortirnice za voce (1)\" data-e-action-hash=\"#elementor-action%3Aaction%3Dlightbox%26settings%3DeyJpZCI6NzE4LCJ1cmwiOiJodHRwczpcL1wvc2lhdGVobmlrYWRvby5yc1wvd3AtY29udGVudFwvdXBsb2Fkc1wvMjAyNFwvMDZcL1NvcnRpcm5pY2UtemEtdm9jZS0xLmpwZyIsInNsaWRlc2hvdyI6IjMxYjZkNWEifQ%3D%3D\">\n\t\t\t\t\t<div class=\"e-gallery-image elementor-gallery-item__image\" data-thumbnail=\"https:\/\/siatehnikadoo.rs\/wp-content\/uploads\/2024\/06\/Sortirnice-za-voce-1.jpg\" data-width=\"900\" data-height=\"600\" aria-label=\"\" role=\"img\" ><\/div>\n\t\t\t\t\t\t\t\t\t\t\t<div class=\"elementor-gallery-item__overlay\"><\/div>\n\t\t\t\t\t\t\t\t\t\t\t\t\t\t<\/a>\n\t\t\t\t\t\t\t<a class=\"e-gallery-item elementor-gallery-item elementor-animated-content\" href=\"https:\/\/siatehnikadoo.rs\/wp-content\/uploads\/2024\/06\/Sortirnice-za-voce-2.jpg\" data-elementor-open-lightbox=\"yes\" data-elementor-lightbox-slideshow=\"31b6d5a\" data-elementor-lightbox-title=\"Sortirnice za voce (2)\" data-e-action-hash=\"#elementor-action%3Aaction%3Dlightbox%26settings%3DeyJpZCI6NzE5LCJ1cmwiOiJodHRwczpcL1wvc2lhdGVobmlrYWRvby5yc1wvd3AtY29udGVudFwvdXBsb2Fkc1wvMjAyNFwvMDZcL1NvcnRpcm5pY2UtemEtdm9jZS0yLmpwZyIsInNsaWRlc2hvdyI6IjMxYjZkNWEifQ%3D%3D\">\n\t\t\t\t\t<div class=\"e-gallery-image elementor-gallery-item__image\" data-thumbnail=\"https:\/\/siatehnikadoo.rs\/wp-content\/uploads\/2024\/06\/Sortirnice-za-voce-2.jpg\" data-width=\"900\" data-height=\"600\" aria-label=\"\" role=\"img\" ><\/div>\n\t\t\t\t\t\t\t\t\t\t\t<div class=\"elementor-gallery-item__overlay\"><\/div>\n\t\t\t\t\t\t\t\t\t\t\t\t\t\t<\/a>\n\t\t\t\t\t<\/div>\n\t\t\t\t\t<\/div>\n\t\t\t\t<\/div>\n\t\t\t\t<\/div>\n\t\t\t\t\t<\/div>\n\t\t\t\t<\/div>\n\t\t<div class=\"elementor-element elementor-element-6a4278a e-flex e-con-boxed e-con e-parent\" data-id=\"6a4278a\" data-element_type=\"container\" data-e-type=\"container\" data-settings=\"{&quot;background_background&quot;:&quot;classic&quot;}\">\n\t\t\t\t\t<div class=\"e-con-inner\">\n\t\t\t\t<div class=\"elementor-element elementor-element-463fae4 elementor-widget elementor-widget-heading\" data-id=\"463fae4\" data-element_type=\"widget\" data-e-type=\"widget\" data-widget_type=\"heading.default\">\n\t\t\t\t<div class=\"elementor-widget-container\">\n\t\t\t\t\t<span class=\"elementor-heading-title elementor-size-default\">SIA TEHNIKA DOO<\/span>\t\t\t\t<\/div>\n\t\t\t\t<\/div>\n\t\t\t\t<div class=\"elementor-element elementor-element-a37a531 elementor-widget__width-initial elementor-widget-tablet__width-inherit elementor-widget elementor-widget-heading\" data-id=\"a37a531\" data-element_type=\"widget\" data-e-type=\"widget\" data-widget_type=\"heading.default\">\n\t\t\t\t<div class=\"elementor-widget-container\">\n\t\t\t\t\t<h2 class=\"elementor-heading-title elementor-size-default\">Potreban Vam je ekspert za poljoprivredne ma\u0161ine?<\/h2>\t\t\t\t<\/div>\n\t\t\t\t<\/div>\n\t\t\t\t<div class=\"elementor-element elementor-element-37f2f7a elementor-align-center elementor-mobile-align-justify elementor-widget-mobile__width-inherit elementor-widget elementor-widget-button\" data-id=\"37f2f7a\" data-element_type=\"widget\" data-e-type=\"widget\" data-widget_type=\"button.default\">\n\t\t\t\t<div class=\"elementor-widget-container\">\n\t\t\t\t\t\t\t\t\t<div class=\"elementor-button-wrapper\">\n\t\t\t\t\t<a class=\"elementor-button elementor-button-link elementor-size-sm\" href=\"https:\/\/siatehnikadoo.rs\/ru\/kontakt\/\">\n\t\t\t\t\t\t<span class=\"elementor-button-content-wrapper\">\n\t\t\t\t\t\t\t\t\t<span class=\"elementor-button-text\">Kontaktirajte nas<\/span>\n\t\t\t\t\t<\/span>\n\t\t\t\t\t<\/a>\n\t\t\t\t<\/div>\n\t\t\t\t\t\t\t\t<\/div>\n\t\t\t\t<\/div>\n\t\t\t\t\t<\/div>\n\t\t\t\t<\/div>\n\t\t\t\t<\/div>\n\t\t","protected":false},"excerpt":{"rendered":"<p>\u041b\u0438\u043d\u0438\u0438 \u0441\u043e\u0440\u0442\u0438\u0440\u043e\u0432\u043a\u0438 \u0444\u0440\u0443\u043a\u0442\u043e\u0432 \u0438 \u043e\u0432\u043e\u0449\u0435\u0439 STAS \u041b\u0438\u043d\u0438\u0438 \u0441\u043e\u0440\u0442\u0438\u0440\u043e\u0432\u043a\u0438 \u0444\u0440\u0443\u043a\u0442\u043e\u0432 \u0438 \u043e\u0432\u043e\u0449\u0435\u0439: \u044f\u0431\u043b\u043e\u043a\u0438, \u0433\u0440\u0443\u0448\u0438, \u043d\u0435\u043a\u0442\u0430\u0440\u0438\u043d\u044b, \u0447\u0435\u0440\u0435\u0448\u043d\u044f, \u0442\u043e\u043c\u0430\u0442\u044b... \u043e\u0442 \u0431\u0435\u043b\u044c\u0433\u0438\u0439\u0441\u043a\u043e\u0439 \u043a\u043e\u043c\u043f\u0430\u043d\u0438\u0438 STAS. \u041e\u0442\u043f\u0440\u0430\u0432\u0438\u0442\u044c \u0437\u0430\u043f\u0440\u043e\u0441 \u0432 SIA TEHNIKA DOO \u0412\u0430\u043c \u043d\u0443\u0436\u0435\u043d \u044d\u043a\u0441\u043f\u0435\u0440\u0442 \u043f\u043e \u0441\u0435\u043b\u044c\u0441\u043a\u043e\u0445\u043e\u0437\u044f\u0439\u0441\u0442\u0432\u0435\u043d\u043d\u043e\u0439 \u0442\u0435\u0445\u043d\u0438\u043a\u0435? \u0421\u0432\u044f\u0437\u0430\u0442\u044c\u0441\u044f \u0441 \u043d\u0430\u043c\u0438<\/p>","protected":false},"author":2,"featured_media":0,"parent":299,"menu_order":0,"comment_status":"closed","ping_status":"closed","template":"","meta":{"content-type":"","footnotes":""},"class_list":["post-502","page","type-page","status-publish","hentry"],"_links":{"self":[{"href":"https:\/\/siatehnikadoo.rs\/ru\/wp-json\/wp\/v2\/pages\/502","targetHints":{"allow":["GET"]}}],"collection":[{"href":"https:\/\/siatehnikadoo.rs\/ru\/wp-json\/wp\/v2\/pages"}],"about":[{"href":"https:\/\/siatehnikadoo.rs\/ru\/wp-json\/wp\/v2\/types\/page"}],"author":[{"embeddable":true,"href":"https:\/\/siatehnikadoo.rs\/ru\/wp-json\/wp\/v2\/users\/2"}],"replies":[{"embeddable":true,"href":"https:\/\/siatehnikadoo.rs\/ru\/wp-json\/wp\/v2\/comments?post=502"}],"version-history":[{"count":32,"href":"https:\/\/siatehnikadoo.rs\/ru\/wp-json\/wp\/v2\/pages\/502\/revisions"}],"predecessor-version":[{"id":3109,"href":"https:\/\/siatehnikadoo.rs\/ru\/wp-json\/wp\/v2\/pages\/502\/revisions\/3109"}],"up":[{"embeddable":true,"href":"https:\/\/siatehnikadoo.rs\/ru\/wp-json\/wp\/v2\/pages\/299"}],"wp:attachment":[{"href":"https:\/\/siatehnikadoo.rs\/ru\/wp-json\/wp\/v2\/media?parent=502"}],"curies":[{"name":"WP","href":"https:\/\/api.w.org\/{rel}","templated":true}]}}