{"id":3486,"date":"2025-07-04T08:58:40","date_gmt":"2025-07-04T06:58:40","guid":{"rendered":"https:\/\/siatehnikadoo.rs\/?page_id=3486"},"modified":"2025-07-04T09:11:43","modified_gmt":"2025-07-04T07:11:43","slug":"taniere-jeegee","status":"publish","type":"page","link":"https:\/\/siatehnikadoo.rs\/sk\/jeegee-tanjirace\/","title":{"rendered":"Omieta\u010di Jeegee"},"content":{"rendered":"\t\t<div data-elementor-type=\"wp-page\" data-elementor-id=\"3486\" class=\"elementor elementor-3486\" data-elementor-post-type=\"page\">\n\t\t\t\t<div class=\"elementor-element elementor-element-24fe8da e-flex e-con-boxed e-con e-parent\" data-id=\"24fe8da\" data-element_type=\"container\" data-e-type=\"container\" data-settings=\"{&quot;background_background&quot;:&quot;classic&quot;}\">\n\t\t\t\t\t<div class=\"e-con-inner\">\n\t\t\t\t<div class=\"elementor-element elementor-element-a170dec elementor-widget elementor-widget-heading\" data-id=\"a170dec\" data-element_type=\"widget\" data-e-type=\"widget\" data-widget_type=\"heading.default\">\n\t\t\t\t<div class=\"elementor-widget-container\">\n\t\t\t\t\t<h1 class=\"elementor-heading-title elementor-size-default\">JEEGEE TANJIRA\u010cE<\/h1>\t\t\t\t<\/div>\n\t\t\t\t<\/div>\n\t\t\t\t\t<\/div>\n\t\t\t\t<\/div>\n\t\t<div class=\"elementor-element elementor-element-e875bb2 e-flex e-con-boxed e-con e-parent\" data-id=\"e875bb2\" data-element_type=\"container\" data-e-type=\"container\">\n\t\t\t\t\t<div class=\"e-con-inner\">\n\t\t<div class=\"elementor-element elementor-element-7cc662d e-con-full e-flex e-con e-child\" data-id=\"7cc662d\" data-element_type=\"container\" data-e-type=\"container\">\n\t\t<div class=\"elementor-element elementor-element-8cedea1 e-con-full e-flex e-con e-child\" data-id=\"8cedea1\" data-element_type=\"container\" data-e-type=\"container\">\n\t\t\t\t<div class=\"elementor-element elementor-element-aa1372a elementor-align-left elementor-mobile-align-justify elementor-widget-mobile__width-inherit elementor-widget elementor-widget-button\" data-id=\"aa1372a\" data-element_type=\"widget\" data-e-type=\"widget\" data-widget_type=\"button.default\">\n\t\t\t\t<div class=\"elementor-widget-container\">\n\t\t\t\t\t\t\t\t\t<div class=\"elementor-button-wrapper\">\n\t\t\t\t\t<a class=\"elementor-button elementor-button-link elementor-size-sm\" href=\"#elementor-action%3Aaction%3Dpopup%3Aopen%26settings%3DeyJpZCI6IjQ1MyIsInRvZ2dsZSI6ZmFsc2V9\">\n\t\t\t\t\t\t<span class=\"elementor-button-content-wrapper\">\n\t\t\t\t\t\t\t\t\t<span class=\"elementor-button-text\">Po\u0161aljite upit<\/span>\n\t\t\t\t\t<\/span>\n\t\t\t\t\t<\/a>\n\t\t\t\t<\/div>\n\t\t\t\t\t\t\t\t<\/div>\n\t\t\t\t<\/div>\n\t\t\t\t<div class=\"elementor-element elementor-element-7003690 elementor-drop-cap-yes elementor-drop-cap-view-default elementor-widget elementor-widget-text-editor\" data-id=\"7003690\" data-element_type=\"widget\" data-e-type=\"widget\" data-settings=\"{&quot;drop_cap&quot;:&quot;yes&quot;}\" data-widget_type=\"text-editor.default\">\n\t\t\t\t<div class=\"elementor-widget-container\">\n\t\t\t\t\t\t\t\t\t<p>Jeegee Grupa je osnovana 1998. godine. Trenutno posluju u proizvo\u0111a\u010dkim pogonima od preko 120.000 m2. Fokus proizvodnje je na ma\u0161inama za osnovnu obradu zemlji\u0161ta. Jedna od najanga\u017eovanijih proizvodnih linija je linija za proizvodnju kratkih tanjira\u010da.<\/p><p><em> \u010cak 70% ukupne proizvodnje fabrike je namenjeno za izvoz \u0161irom sveta.<\/em><\/p><p><strong>Prednosti:\u00a0<\/strong><br \/>&#8211; Visoko stru\u010dan kadar<br \/>&#8211; Sna\u017ena i pouzdana infrastruktura<br \/>&#8211; Konkurentne cene<\/p>\t\t\t\t\t\t\t\t<\/div>\n\t\t\t\t<\/div>\n\t\t\t\t<\/div>\n\t\t<div class=\"elementor-element elementor-element-4324ad3 e-con-full e-flex e-con e-child\" data-id=\"4324ad3\" data-element_type=\"container\" data-e-type=\"container\">\n\t\t\t\t<div class=\"elementor-element elementor-element-162f6ff elementor-widget-tablet__width-inherit elementor-widget__width-inherit elementor-widget elementor-widget-image\" data-id=\"162f6ff\" data-element_type=\"widget\" data-e-type=\"widget\" data-widget_type=\"image.default\">\n\t\t\t\t<div class=\"elementor-widget-container\">\n\t\t\t\t\t\t\t\t\t\t\t\t\t\t\t<img fetchpriority=\"high\" decoding=\"async\" width=\"992\" height=\"709\" src=\"https:\/\/siatehnikadoo.rs\/wp-content\/uploads\/2025\/07\/1.jpg\" class=\"attachment-2048x2048 size-2048x2048 wp-image-3488\" alt=\"\" srcset=\"https:\/\/siatehnikadoo.rs\/wp-content\/uploads\/2025\/07\/1.jpg 992w, https:\/\/siatehnikadoo.rs\/wp-content\/uploads\/2025\/07\/1-300x214.jpg 300w, https:\/\/siatehnikadoo.rs\/wp-content\/uploads\/2025\/07\/1-768x549.jpg 768w, https:\/\/siatehnikadoo.rs\/wp-content\/uploads\/2025\/07\/1-18x12.jpg 18w\" sizes=\"(max-width: 992px) 100vw, 992px\" \/>\t\t\t\t\t\t\t\t\t\t\t\t\t\t\t<\/div>\n\t\t\t\t<\/div>\n\t\t\t\t<\/div>\n\t\t\t\t<div class=\"elementor-element elementor-element-a3e289e elementor-absolute elementor-widget elementor-widget-image\" data-id=\"a3e289e\" data-element_type=\"widget\" data-e-type=\"widget\" data-settings=\"{&quot;_position&quot;:&quot;absolute&quot;,&quot;motion_fx_motion_fx_scrolling&quot;:&quot;yes&quot;,&quot;motion_fx_translateX_effect&quot;:&quot;yes&quot;,&quot;motion_fx_translateX_speed&quot;:{&quot;unit&quot;:&quot;px&quot;,&quot;size&quot;:4,&quot;sizes&quot;:[]},&quot;motion_fx_translateX_affectedRange&quot;:{&quot;unit&quot;:&quot;%&quot;,&quot;size&quot;:&quot;&quot;,&quot;sizes&quot;:{&quot;start&quot;:0,&quot;end&quot;:100}},&quot;motion_fx_devices&quot;:[&quot;desktop&quot;,&quot;laptop&quot;,&quot;tablet&quot;,&quot;mobile&quot;]}\" data-widget_type=\"image.default\">\n\t\t\t\t<div class=\"elementor-widget-container\">\n\t\t\t\t\t\t\t\t\t\t\t\t\t\t\t<img decoding=\"async\" width=\"405\" height=\"296\" src=\"https:\/\/siatehnikadoo.rs\/wp-content\/uploads\/2024\/06\/favicon1.png\" class=\"attachment-full size-full wp-image-420\" alt=\"\" srcset=\"https:\/\/siatehnikadoo.rs\/wp-content\/uploads\/2024\/06\/favicon1.png 405w, https:\/\/siatehnikadoo.rs\/wp-content\/uploads\/2024\/06\/favicon1-300x219.png 300w, https:\/\/siatehnikadoo.rs\/wp-content\/uploads\/2024\/06\/favicon1-16x12.png 16w\" sizes=\"(max-width: 405px) 100vw, 405px\" \/>\t\t\t\t\t\t\t\t\t\t\t\t\t\t\t<\/div>\n\t\t\t\t<\/div>\n\t\t<div class=\"elementor-element elementor-element-58e7ffd e-con-full e-flex e-con e-child\" data-id=\"58e7ffd\" data-element_type=\"container\" data-e-type=\"container\">\n\t\t\t\t<div class=\"elementor-element elementor-element-e3423e3 elementor-widget-tablet__width-inherit elementor-widget__width-inherit elementor-widget elementor-widget-image\" data-id=\"e3423e3\" data-element_type=\"widget\" data-e-type=\"widget\" data-widget_type=\"image.default\">\n\t\t\t\t<div class=\"elementor-widget-container\">\n\t\t\t\t\t\t\t\t\t\t\t\t\t\t\t<img decoding=\"async\" width=\"1599\" height=\"1136\" src=\"https:\/\/siatehnikadoo.rs\/wp-content\/uploads\/2025\/07\/4.jpg\" class=\"attachment-2048x2048 size-2048x2048 wp-image-3491\" alt=\"\" srcset=\"https:\/\/siatehnikadoo.rs\/wp-content\/uploads\/2025\/07\/4.jpg 1599w, https:\/\/siatehnikadoo.rs\/wp-content\/uploads\/2025\/07\/4-300x213.jpg 300w, https:\/\/siatehnikadoo.rs\/wp-content\/uploads\/2025\/07\/4-1024x727.jpg 1024w, https:\/\/siatehnikadoo.rs\/wp-content\/uploads\/2025\/07\/4-768x546.jpg 768w, https:\/\/siatehnikadoo.rs\/wp-content\/uploads\/2025\/07\/4-1536x1091.jpg 1536w, https:\/\/siatehnikadoo.rs\/wp-content\/uploads\/2025\/07\/4-18x12.jpg 18w\" sizes=\"(max-width: 1599px) 100vw, 1599px\" \/>\t\t\t\t\t\t\t\t\t\t\t\t\t\t\t<\/div>\n\t\t\t\t<\/div>\n\t\t\t\t<div class=\"elementor-element elementor-element-0a51ad6 elementor-widget-tablet__width-inherit elementor-widget__width-inherit elementor-widget elementor-widget-image\" data-id=\"0a51ad6\" data-element_type=\"widget\" data-e-type=\"widget\" data-widget_type=\"image.default\">\n\t\t\t\t<div class=\"elementor-widget-container\">\n\t\t\t\t\t\t\t\t\t\t\t\t\t\t\t<img loading=\"lazy\" decoding=\"async\" width=\"1600\" height=\"1374\" src=\"https:\/\/siatehnikadoo.rs\/wp-content\/uploads\/2025\/07\/5.jpg\" class=\"attachment-2048x2048 size-2048x2048 wp-image-3492\" alt=\"\" srcset=\"https:\/\/siatehnikadoo.rs\/wp-content\/uploads\/2025\/07\/5.jpg 1600w, https:\/\/siatehnikadoo.rs\/wp-content\/uploads\/2025\/07\/5-300x258.jpg 300w, https:\/\/siatehnikadoo.rs\/wp-content\/uploads\/2025\/07\/5-1024x879.jpg 1024w, https:\/\/siatehnikadoo.rs\/wp-content\/uploads\/2025\/07\/5-768x660.jpg 768w, https:\/\/siatehnikadoo.rs\/wp-content\/uploads\/2025\/07\/5-1536x1319.jpg 1536w, https:\/\/siatehnikadoo.rs\/wp-content\/uploads\/2025\/07\/5-14x12.jpg 14w\" sizes=\"(max-width: 1600px) 100vw, 1600px\" \/>\t\t\t\t\t\t\t\t\t\t\t\t\t\t\t<\/div>\n\t\t\t\t<\/div>\n\t\t\t\t<div class=\"elementor-element elementor-element-ab50608 elementor-widget-tablet__width-inherit elementor-widget__width-inherit elementor-widget elementor-widget-image\" data-id=\"ab50608\" data-element_type=\"widget\" data-e-type=\"widget\" data-widget_type=\"image.default\">\n\t\t\t\t<div class=\"elementor-widget-container\">\n\t\t\t\t\t\t\t\t\t\t\t\t\t\t\t<img loading=\"lazy\" decoding=\"async\" width=\"1600\" height=\"950\" src=\"https:\/\/siatehnikadoo.rs\/wp-content\/uploads\/2025\/07\/2.jpg\" class=\"attachment-2048x2048 size-2048x2048 wp-image-3489\" alt=\"\" srcset=\"https:\/\/siatehnikadoo.rs\/wp-content\/uploads\/2025\/07\/2.jpg 1600w, https:\/\/siatehnikadoo.rs\/wp-content\/uploads\/2025\/07\/2-300x178.jpg 300w, https:\/\/siatehnikadoo.rs\/wp-content\/uploads\/2025\/07\/2-1024x608.jpg 1024w, https:\/\/siatehnikadoo.rs\/wp-content\/uploads\/2025\/07\/2-768x456.jpg 768w, https:\/\/siatehnikadoo.rs\/wp-content\/uploads\/2025\/07\/2-1536x912.jpg 1536w, https:\/\/siatehnikadoo.rs\/wp-content\/uploads\/2025\/07\/2-18x12.jpg 18w\" sizes=\"(max-width: 1600px) 100vw, 1600px\" \/>\t\t\t\t\t\t\t\t\t\t\t\t\t\t\t<\/div>\n\t\t\t\t<\/div>\n\t\t\t\t<\/div>\n\t\t\t\t<\/div>\n\t\t\t\t\t<\/div>\n\t\t\t\t<\/div>\n\t\t<div class=\"elementor-element elementor-element-1f4fa24 e-flex e-con-boxed e-con e-parent\" data-id=\"1f4fa24\" data-element_type=\"container\" data-e-type=\"container\">\n\t\t\t\t\t<div class=\"e-con-inner\">\n\t\t<div class=\"elementor-element elementor-element-6311d0f e-con-full e-flex e-con e-child\" data-id=\"6311d0f\" data-element_type=\"container\" data-e-type=\"container\">\n\t\t<div class=\"elementor-element elementor-element-f8729b3 e-con-full e-flex e-con e-child\" data-id=\"f8729b3\" data-element_type=\"container\" data-e-type=\"container\">\n\t\t<div class=\"elementor-element elementor-element-907f421 e-con-full e-flex e-con e-child\" data-id=\"907f421\" data-element_type=\"container\" data-e-type=\"container\">\n\t\t\t\t<div class=\"elementor-element elementor-element-b52781c elementor-drop-cap-yes elementor-drop-cap-view-default elementor-widget elementor-widget-text-editor\" data-id=\"b52781c\" data-element_type=\"widget\" data-e-type=\"widget\" data-settings=\"{&quot;drop_cap&quot;:&quot;yes&quot;}\" data-widget_type=\"text-editor.default\">\n\t\t\t\t<div class=\"elementor-widget-container\">\n\t\t\t\t\t\t\t\t\t<p>Paleta ponude kratkih tanjira\u010da sastoji se od dve serije modela pod oznakama K i B.&nbsp;<\/p><p>Serija K se nudi u radnim zahvatima 2.5-6.0 m, a serija B se nudi u radnim zahvatima 4.0-6.0 m.&nbsp;<\/p><p>Obe serije imaju nezavisno opru\u017eno ogibljenje svakog pojedina\u010dnog diska.&nbsp;<\/p><p>Pre\u010dnik diskova na seriji K je 620 mm, dok je na seriji B pre\u010dnik diska 736 mm.&nbsp;<\/p><p>Radne dubine obrade zamlji\u0161ta idu i do 20 cm.&nbsp;<\/p><p>Obe serije kratkih tanjira\u010da, namenjene su za intenzivno me\u0161anje zemlji\u0161ta sa velikom koli\u010dinom biljnih ostataka.<\/p>\t\t\t\t\t\t\t\t<\/div>\n\t\t\t\t<\/div>\n\t\t\t\t<\/div>\n\t\t<div class=\"elementor-element elementor-element-1025cac e-con-full e-flex e-con e-child\" data-id=\"1025cac\" data-element_type=\"container\" data-e-type=\"container\">\n\t\t\t\t<div class=\"elementor-element elementor-element-4f7c1bd elementor-widget-tablet__width-inherit elementor-widget__width-inherit elementor-widget elementor-widget-image\" data-id=\"4f7c1bd\" data-element_type=\"widget\" data-e-type=\"widget\" data-widget_type=\"image.default\">\n\t\t\t\t<div class=\"elementor-widget-container\">\n\t\t\t\t\t\t\t\t\t\t\t\t\t\t\t<img loading=\"lazy\" decoding=\"async\" width=\"1368\" height=\"912\" src=\"https:\/\/siatehnikadoo.rs\/wp-content\/uploads\/2025\/07\/3.jpg\" class=\"attachment-2048x2048 size-2048x2048 wp-image-3490\" alt=\"\" srcset=\"https:\/\/siatehnikadoo.rs\/wp-content\/uploads\/2025\/07\/3.jpg 1368w, https:\/\/siatehnikadoo.rs\/wp-content\/uploads\/2025\/07\/3-300x200.jpg 300w, https:\/\/siatehnikadoo.rs\/wp-content\/uploads\/2025\/07\/3-1024x683.jpg 1024w, https:\/\/siatehnikadoo.rs\/wp-content\/uploads\/2025\/07\/3-768x512.jpg 768w, https:\/\/siatehnikadoo.rs\/wp-content\/uploads\/2025\/07\/3-18x12.jpg 18w\" sizes=\"(max-width: 1368px) 100vw, 1368px\" \/>\t\t\t\t\t\t\t\t\t\t\t\t\t\t\t<\/div>\n\t\t\t\t<\/div>\n\t\t\t\t<\/div>\n\t\t\t\t<div class=\"elementor-element elementor-element-d657fb1 elementor-absolute elementor-widget elementor-widget-image\" data-id=\"d657fb1\" data-element_type=\"widget\" data-e-type=\"widget\" data-settings=\"{&quot;_position&quot;:&quot;absolute&quot;,&quot;motion_fx_motion_fx_scrolling&quot;:&quot;yes&quot;,&quot;motion_fx_translateX_effect&quot;:&quot;yes&quot;,&quot;motion_fx_translateX_speed&quot;:{&quot;unit&quot;:&quot;px&quot;,&quot;size&quot;:4,&quot;sizes&quot;:[]},&quot;motion_fx_translateX_affectedRange&quot;:{&quot;unit&quot;:&quot;%&quot;,&quot;size&quot;:&quot;&quot;,&quot;sizes&quot;:{&quot;start&quot;:0,&quot;end&quot;:100}},&quot;motion_fx_devices&quot;:[&quot;desktop&quot;,&quot;laptop&quot;,&quot;tablet&quot;,&quot;mobile&quot;]}\" data-widget_type=\"image.default\">\n\t\t\t\t<div class=\"elementor-widget-container\">\n\t\t\t\t\t\t\t\t\t\t\t\t\t\t\t<img decoding=\"async\" width=\"405\" height=\"296\" src=\"https:\/\/siatehnikadoo.rs\/wp-content\/uploads\/2024\/06\/favicon1.png\" class=\"attachment-full size-full wp-image-420\" alt=\"\" srcset=\"https:\/\/siatehnikadoo.rs\/wp-content\/uploads\/2024\/06\/favicon1.png 405w, https:\/\/siatehnikadoo.rs\/wp-content\/uploads\/2024\/06\/favicon1-300x219.png 300w, https:\/\/siatehnikadoo.rs\/wp-content\/uploads\/2024\/06\/favicon1-16x12.png 16w\" sizes=\"(max-width: 405px) 100vw, 405px\" \/>\t\t\t\t\t\t\t\t\t\t\t\t\t\t\t<\/div>\n\t\t\t\t<\/div>\n\t\t\t\t<\/div>\n\t\t\t\t<\/div>\n\t\t\t\t\t<\/div>\n\t\t\t\t<\/div>\n\t\t\t\t<\/div>\n\t\t","protected":false},"excerpt":{"rendered":"<p>JEEGEE TANJIRA\u010cE Po\u0161aljite upit Jeegee Grupa je osnovana 1998. godine. Trenutno posluju u proizvo\u0111a\u010dkim pogonima od preko 120.000 m2. Fokus proizvodnje je na ma\u0161inama za osnovnu obradu zemlji\u0161ta. Jedna od najanga\u017eovanijih proizvodnih linija je linija za proizvodnju kratkih tanjira\u010da. \u010cak 70% ukupne proizvodnje fabrike je namenjeno za izvoz \u0161irom sveta. Prednosti:\u00a0&#8211; Visoko stru\u010dan kadar&#8211; Sna\u017ena [&hellip;]<\/p>\n","protected":false},"author":2,"featured_media":0,"parent":0,"menu_order":0,"comment_status":"closed","ping_status":"closed","template":"","meta":{"content-type":"","footnotes":""},"class_list":["post-3486","page","type-page","status-publish","hentry"],"_links":{"self":[{"href":"https:\/\/siatehnikadoo.rs\/sk\/wp-json\/wp\/v2\/pages\/3486","targetHints":{"allow":["GET"]}}],"collection":[{"href":"https:\/\/siatehnikadoo.rs\/sk\/wp-json\/wp\/v2\/pages"}],"about":[{"href":"https:\/\/siatehnikadoo.rs\/sk\/wp-json\/wp\/v2\/types\/page"}],"author":[{"embeddable":true,"href":"https:\/\/siatehnikadoo.rs\/sk\/wp-json\/wp\/v2\/users\/2"}],"replies":[{"embeddable":true,"href":"https:\/\/siatehnikadoo.rs\/sk\/wp-json\/wp\/v2\/comments?post=3486"}],"version-history":[{"count":7,"href":"https:\/\/siatehnikadoo.rs\/sk\/wp-json\/wp\/v2\/pages\/3486\/revisions"}],"predecessor-version":[{"id":3500,"href":"https:\/\/siatehnikadoo.rs\/sk\/wp-json\/wp\/v2\/pages\/3486\/revisions\/3500"}],"wp:attachment":[{"href":"https:\/\/siatehnikadoo.rs\/sk\/wp-json\/wp\/v2\/media?parent=3486"}],"curies":[{"name":"pracovn\u00fd list","href":"https:\/\/api.w.org\/{rel}","templated":true}]}}