{"id":3506,"date":"2025-07-04T09:13:31","date_gmt":"2025-07-04T07:13:31","guid":{"rendered":"https:\/\/siatehnikadoo.rs\/?page_id=3506"},"modified":"2025-07-04T09:23:48","modified_gmt":"2025-07-04T07:23:48","slug":"klicic","status":"publish","type":"page","link":"https:\/\/siatehnikadoo.rs\/sk\/germinator\/","title":{"rendered":"KL\u00cd\u010cI\u010c"},"content":{"rendered":"\t\t<div data-elementor-type=\"wp-page\" data-elementor-id=\"3506\" class=\"elementor elementor-3506\" data-elementor-post-type=\"page\">\n\t\t\t\t<div class=\"elementor-element elementor-element-6549e8f e-flex e-con-boxed e-con e-parent\" data-id=\"6549e8f\" data-element_type=\"container\" data-e-type=\"container\" data-settings=\"{&quot;background_background&quot;:&quot;classic&quot;}\">\n\t\t\t\t\t<div class=\"e-con-inner\">\n\t\t\t\t<div class=\"elementor-element elementor-element-52c44b9 elementor-widget elementor-widget-heading\" data-id=\"52c44b9\" data-element_type=\"widget\" data-e-type=\"widget\" data-widget_type=\"heading.default\">\n\t\t\t\t<div class=\"elementor-widget-container\">\n\t\t\t\t\t<h1 class=\"elementor-heading-title elementor-size-default\">GERMINATOR<\/h1>\t\t\t\t<\/div>\n\t\t\t\t<\/div>\n\t\t\t\t\t<\/div>\n\t\t\t\t<\/div>\n\t\t<div class=\"elementor-element elementor-element-9756401 e-flex e-con-boxed e-con e-parent\" data-id=\"9756401\" data-element_type=\"container\" data-e-type=\"container\">\n\t\t\t\t\t<div class=\"e-con-inner\">\n\t\t<div class=\"elementor-element elementor-element-03c8626 e-con-full e-flex e-con e-child\" data-id=\"03c8626\" data-element_type=\"container\" data-e-type=\"container\">\n\t\t<div class=\"elementor-element elementor-element-5820d9f e-con-full e-flex e-con e-child\" data-id=\"5820d9f\" data-element_type=\"container\" data-e-type=\"container\">\n\t\t<div class=\"elementor-element elementor-element-a98781e e-con-full e-flex e-con e-child\" data-id=\"a98781e\" data-element_type=\"container\" data-e-type=\"container\">\n\t\t\t\t<div class=\"elementor-element elementor-element-51f1bd4 elementor-drop-cap-yes elementor-drop-cap-view-default elementor-widget elementor-widget-text-editor\" data-id=\"51f1bd4\" data-element_type=\"widget\" data-e-type=\"widget\" data-settings=\"{&quot;drop_cap&quot;:&quot;yes&quot;}\" data-widget_type=\"text-editor.default\">\n\t\t\t\t<div class=\"elementor-widget-container\">\n\t\t\t\t\t\t\t\t\t<h2 data-start=\"171\" data-end=\"234\">Germinator je te\u0161ki setvosprema\u010d za finalnu predsetvenu pripremu<\/h2><p>U samo jednom prolazu, AGROMA Germinator kreira skoro pa idealno zbijenu setvenu povr\u0161inu zemlji\u0161ta, sa rastresitim prekriva\u010dem u gornjoj zoni jednake dubine za setvu i najzahtevnijih kultura kao \u0161to su: \u0161e\u0107erna repa, uljana repica, razne povrtarske kulture itd.\u00a0<\/p><p>Dizajn ma\u0161ine obezbe\u0111uje gotovo pa idealan setveni sloj zemlji\u0161ta. Setvena podloga je tvr\u0111e strukture, radi dobijanja vlage i ujedna\u010dene dubine setve po celoj povr\u0161ini, a rastresiti gornji sloj iznad semena, obezbe\u0111uje ujedna\u010deno nicanje.<\/p><p>Ma\u0161ina je koncipirana kao vu\u010deno oru\u0111e radnog zahvata od 8m.<\/p><p>\u00a0Napred se nalazi hidrauli\u010dno sklopivi nosa\u010d oru\u0111a sa dve &#8222;piramide&#8220; (ka\u010denja u tri ta\u010dke), na koje se montiraju dva krila od po 4m radnog zahvata. Svako radno krilo se sastoji od po dve radne sekcije sa \u0161irinom od po 2m radi boljeg i preciznijeg kopiranja terena.<\/p>\t\t\t\t\t\t\t\t<\/div>\n\t\t\t\t<\/div>\n\t\t\t\t<div class=\"elementor-element elementor-element-1173dfd elementor-align-left elementor-mobile-align-justify elementor-widget-mobile__width-inherit elementor-widget elementor-widget-button\" data-id=\"1173dfd\" data-element_type=\"widget\" data-e-type=\"widget\" data-widget_type=\"button.default\">\n\t\t\t\t<div class=\"elementor-widget-container\">\n\t\t\t\t\t\t\t\t\t<div class=\"elementor-button-wrapper\">\n\t\t\t\t\t<a class=\"elementor-button elementor-button-link elementor-size-sm\" href=\"#elementor-action%3Aaction%3Dpopup%3Aopen%26settings%3DeyJpZCI6IjQ1MyIsInRvZ2dsZSI6ZmFsc2V9\">\n\t\t\t\t\t\t<span class=\"elementor-button-content-wrapper\">\n\t\t\t\t\t\t\t\t\t<span class=\"elementor-button-text\">Po\u0161aljite upit<\/span>\n\t\t\t\t\t<\/span>\n\t\t\t\t\t<\/a>\n\t\t\t\t<\/div>\n\t\t\t\t\t\t\t\t<\/div>\n\t\t\t\t<\/div>\n\t\t\t\t<\/div>\n\t\t<div class=\"elementor-element elementor-element-50e94e2 e-con-full e-flex e-con e-child\" data-id=\"50e94e2\" data-element_type=\"container\" data-e-type=\"container\">\n\t\t\t\t<div class=\"elementor-element elementor-element-96a0c1a elementor-widget-tablet__width-inherit elementor-widget__width-inherit elementor-widget elementor-widget-image\" data-id=\"96a0c1a\" data-element_type=\"widget\" data-e-type=\"widget\" data-widget_type=\"image.default\">\n\t\t\t\t<div class=\"elementor-widget-container\">\n\t\t\t\t\t\t\t\t\t\t\t\t\t\t\t<img fetchpriority=\"high\" decoding=\"async\" width=\"2048\" height=\"1536\" src=\"https:\/\/siatehnikadoo.rs\/wp-content\/uploads\/2025\/07\/DJI_0448-2048x1536.jpg\" class=\"attachment-2048x2048 size-2048x2048 wp-image-3526\" alt=\"\" srcset=\"https:\/\/siatehnikadoo.rs\/wp-content\/uploads\/2025\/07\/DJI_0448-2048x1536.jpg 2048w, https:\/\/siatehnikadoo.rs\/wp-content\/uploads\/2025\/07\/DJI_0448-300x225.jpg 300w, https:\/\/siatehnikadoo.rs\/wp-content\/uploads\/2025\/07\/DJI_0448-1024x768.jpg 1024w, https:\/\/siatehnikadoo.rs\/wp-content\/uploads\/2025\/07\/DJI_0448-768x576.jpg 768w, https:\/\/siatehnikadoo.rs\/wp-content\/uploads\/2025\/07\/DJI_0448-1536x1152.jpg 1536w, https:\/\/siatehnikadoo.rs\/wp-content\/uploads\/2025\/07\/DJI_0448-16x12.jpg 16w\" sizes=\"(max-width: 2048px) 100vw, 2048px\" \/>\t\t\t\t\t\t\t\t\t\t\t\t\t\t\t<\/div>\n\t\t\t\t<\/div>\n\t\t\t\t<\/div>\n\t\t\t\t<div class=\"elementor-element elementor-element-5da26b3 elementor-absolute elementor-widget elementor-widget-image\" data-id=\"5da26b3\" data-element_type=\"widget\" data-e-type=\"widget\" data-settings=\"{&quot;_position&quot;:&quot;absolute&quot;,&quot;motion_fx_motion_fx_scrolling&quot;:&quot;yes&quot;,&quot;motion_fx_translateX_effect&quot;:&quot;yes&quot;,&quot;motion_fx_translateX_speed&quot;:{&quot;unit&quot;:&quot;px&quot;,&quot;size&quot;:4,&quot;sizes&quot;:[]},&quot;motion_fx_translateX_affectedRange&quot;:{&quot;unit&quot;:&quot;%&quot;,&quot;size&quot;:&quot;&quot;,&quot;sizes&quot;:{&quot;start&quot;:0,&quot;end&quot;:100}},&quot;motion_fx_devices&quot;:[&quot;desktop&quot;,&quot;laptop&quot;,&quot;tablet&quot;,&quot;mobile&quot;]}\" data-widget_type=\"image.default\">\n\t\t\t\t<div class=\"elementor-widget-container\">\n\t\t\t\t\t\t\t\t\t\t\t\t\t\t\t<img decoding=\"async\" width=\"405\" height=\"296\" src=\"https:\/\/siatehnikadoo.rs\/wp-content\/uploads\/2024\/06\/favicon1.png\" class=\"attachment-full size-full wp-image-420\" alt=\"\" srcset=\"https:\/\/siatehnikadoo.rs\/wp-content\/uploads\/2024\/06\/favicon1.png 405w, https:\/\/siatehnikadoo.rs\/wp-content\/uploads\/2024\/06\/favicon1-300x219.png 300w, https:\/\/siatehnikadoo.rs\/wp-content\/uploads\/2024\/06\/favicon1-16x12.png 16w\" sizes=\"(max-width: 405px) 100vw, 405px\" \/>\t\t\t\t\t\t\t\t\t\t\t\t\t\t\t<\/div>\n\t\t\t\t<\/div>\n\t\t<div class=\"elementor-element elementor-element-94c7f6b e-con-full e-flex e-con e-child\" data-id=\"94c7f6b\" data-element_type=\"container\" data-e-type=\"container\">\n\t\t\t\t<div class=\"elementor-element elementor-element-db523e2 elementor-widget-tablet__width-inherit elementor-widget__width-inherit elementor-widget elementor-widget-image\" data-id=\"db523e2\" data-element_type=\"widget\" data-e-type=\"widget\" data-widget_type=\"image.default\">\n\t\t\t\t<div class=\"elementor-widget-container\">\n\t\t\t\t\t\t\t\t\t\t\t\t\t\t\t<img decoding=\"async\" width=\"2048\" height=\"1536\" src=\"https:\/\/siatehnikadoo.rs\/wp-content\/uploads\/2025\/07\/DJI_0445-2048x1536.jpg\" class=\"attachment-2048x2048 size-2048x2048 wp-image-3524\" alt=\"\" srcset=\"https:\/\/siatehnikadoo.rs\/wp-content\/uploads\/2025\/07\/DJI_0445-2048x1536.jpg 2048w, https:\/\/siatehnikadoo.rs\/wp-content\/uploads\/2025\/07\/DJI_0445-300x225.jpg 300w, https:\/\/siatehnikadoo.rs\/wp-content\/uploads\/2025\/07\/DJI_0445-1024x768.jpg 1024w, https:\/\/siatehnikadoo.rs\/wp-content\/uploads\/2025\/07\/DJI_0445-768x576.jpg 768w, https:\/\/siatehnikadoo.rs\/wp-content\/uploads\/2025\/07\/DJI_0445-1536x1152.jpg 1536w, https:\/\/siatehnikadoo.rs\/wp-content\/uploads\/2025\/07\/DJI_0445-16x12.jpg 16w\" sizes=\"(max-width: 2048px) 100vw, 2048px\" \/>\t\t\t\t\t\t\t\t\t\t\t\t\t\t\t<\/div>\n\t\t\t\t<\/div>\n\t\t\t\t<div class=\"elementor-element elementor-element-a304cfd elementor-widget-tablet__width-inherit elementor-widget__width-inherit elementor-widget elementor-widget-image\" data-id=\"a304cfd\" data-element_type=\"widget\" data-e-type=\"widget\" data-widget_type=\"image.default\">\n\t\t\t\t<div class=\"elementor-widget-container\">\n\t\t\t\t\t\t\t\t\t\t\t\t\t\t\t<img loading=\"lazy\" decoding=\"async\" width=\"2048\" height=\"1536\" src=\"https:\/\/siatehnikadoo.rs\/wp-content\/uploads\/2025\/07\/DJI_0456-2048x1536.jpg\" class=\"attachment-2048x2048 size-2048x2048 wp-image-3527\" alt=\"\" srcset=\"https:\/\/siatehnikadoo.rs\/wp-content\/uploads\/2025\/07\/DJI_0456-2048x1536.jpg 2048w, https:\/\/siatehnikadoo.rs\/wp-content\/uploads\/2025\/07\/DJI_0456-300x225.jpg 300w, https:\/\/siatehnikadoo.rs\/wp-content\/uploads\/2025\/07\/DJI_0456-1024x768.jpg 1024w, https:\/\/siatehnikadoo.rs\/wp-content\/uploads\/2025\/07\/DJI_0456-768x576.jpg 768w, https:\/\/siatehnikadoo.rs\/wp-content\/uploads\/2025\/07\/DJI_0456-1536x1152.jpg 1536w, https:\/\/siatehnikadoo.rs\/wp-content\/uploads\/2025\/07\/DJI_0456-16x12.jpg 16w\" sizes=\"(max-width: 2048px) 100vw, 2048px\" \/>\t\t\t\t\t\t\t\t\t\t\t\t\t\t\t<\/div>\n\t\t\t\t<\/div>\n\t\t\t\t<div class=\"elementor-element elementor-element-657c0c3 elementor-widget-tablet__width-inherit elementor-widget__width-inherit elementor-widget elementor-widget-image\" data-id=\"657c0c3\" data-element_type=\"widget\" data-e-type=\"widget\" data-widget_type=\"image.default\">\n\t\t\t\t<div class=\"elementor-widget-container\">\n\t\t\t\t\t\t\t\t\t\t\t\t\t\t\t<img loading=\"lazy\" decoding=\"async\" width=\"2048\" height=\"1536\" src=\"https:\/\/siatehnikadoo.rs\/wp-content\/uploads\/2025\/07\/DJI_0401-2048x1536.jpg\" class=\"attachment-2048x2048 size-2048x2048 wp-image-3522\" alt=\"\" srcset=\"https:\/\/siatehnikadoo.rs\/wp-content\/uploads\/2025\/07\/DJI_0401-2048x1536.jpg 2048w, https:\/\/siatehnikadoo.rs\/wp-content\/uploads\/2025\/07\/DJI_0401-300x225.jpg 300w, https:\/\/siatehnikadoo.rs\/wp-content\/uploads\/2025\/07\/DJI_0401-1024x768.jpg 1024w, https:\/\/siatehnikadoo.rs\/wp-content\/uploads\/2025\/07\/DJI_0401-768x576.jpg 768w, https:\/\/siatehnikadoo.rs\/wp-content\/uploads\/2025\/07\/DJI_0401-1536x1152.jpg 1536w, https:\/\/siatehnikadoo.rs\/wp-content\/uploads\/2025\/07\/DJI_0401-16x12.jpg 16w\" sizes=\"(max-width: 2048px) 100vw, 2048px\" \/>\t\t\t\t\t\t\t\t\t\t\t\t\t\t\t<\/div>\n\t\t\t\t<\/div>\n\t\t\t\t<\/div>\n\t\t\t\t<\/div>\n\t\t\t\t<\/div>\n\t\t\t\t\t<\/div>\n\t\t\t\t<\/div>\n\t\t<div class=\"elementor-element elementor-element-b3c8aaa e-flex e-con-boxed e-con e-parent\" data-id=\"b3c8aaa\" data-element_type=\"container\" data-e-type=\"container\">\n\t\t\t\t\t<div class=\"e-con-inner\">\n\t\t<div class=\"elementor-element elementor-element-42d49d1 e-con-full e-flex e-con e-child\" data-id=\"42d49d1\" data-element_type=\"container\" data-e-type=\"container\">\n\t\t<div class=\"elementor-element elementor-element-59cc90c e-con-full e-flex e-con e-child\" data-id=\"59cc90c\" data-element_type=\"container\" data-e-type=\"container\">\n\t\t<div class=\"elementor-element elementor-element-8a55432 e-con-full e-flex e-con e-child\" data-id=\"8a55432\" data-element_type=\"container\" data-e-type=\"container\">\n\t\t<div class=\"elementor-element elementor-element-3d0e8dd e-con-full e-flex e-con e-child\" data-id=\"3d0e8dd\" data-element_type=\"container\" data-e-type=\"container\">\n\t\t\t\t<div class=\"elementor-element elementor-element-3ee9a71 elementor-drop-cap-yes elementor-drop-cap-view-default elementor-widget elementor-widget-text-editor\" data-id=\"3ee9a71\" data-element_type=\"widget\" data-e-type=\"widget\" data-settings=\"{&quot;drop_cap&quot;:&quot;yes&quot;}\" data-widget_type=\"text-editor.default\">\n\t\t\t\t<div class=\"elementor-widget-container\">\n\t\t\t\t\t\t\t\t\t<p>Radni organi (ravne germinatorske moti\u010dice) su spojene preko zglobnog \u010detvorougla za sam ram ma\u0161ine, \u0161to obezbe\u0111uje precizno vo\u0111enje i ujedna\u010denu radnu dubinu, i to je veoma bitna \u010dinjenica koja se ti\u010de ujedna\u010denog nicanja.\u00a0<\/p><p>Ravnaju\u0107e daske se pode\u0161avaju mehani\u010dki putem navojnog vretena i bez alata.<\/p><p>Ispred ma\u0161ine, opciono, mogu da se postave 1 ili 2 para radnih organa, naj\u010de\u0161\u0107e u obliku pa\u010dije noge za potiranje traga to\u010dkova traktora.\u00a0<\/p><p>Na samoj ma\u0161ini prvo ide letvi\u010dasti valjak za mrvljenje zemlji\u0161ta pre\u010dnika 270 mm koji ima veliku obimnu brzinu.<\/p><p>Iza prednjeg valjka nalazi se podesiva daska za ravnanje, a iza ravnaju\u0107e daske nalaze se radni organi u obliku ravnih germinatorskih moti\u010dica postavljenih u 3 reda.<\/p><p>Iza radnih organa ponovo dolazi letvi\u010dasti rotor, a iza njega se nalazi druga ravnaju\u0107a daska.<\/p><p>Na samom kraju ma\u0161ine nalazi se te\u0161ki liveni \u201cCrosskill\u201d valjak pre\u010dnika 400 mm i koji u najve\u0107oj meri slu\u017ei za stabilizaciju setvenog sloja zemlji\u0161ta.<\/p>\t\t\t\t\t\t\t\t<\/div>\n\t\t\t\t<\/div>\n\t\t\t\t<\/div>\n\t\t<div class=\"elementor-element elementor-element-cefe153 e-con-full e-flex e-con e-child\" data-id=\"cefe153\" data-element_type=\"container\" data-e-type=\"container\">\n\t\t\t\t<div class=\"elementor-element elementor-element-d17ae2e elementor-widget-tablet__width-inherit elementor-widget__width-inherit elementor-widget elementor-widget-image\" data-id=\"d17ae2e\" data-element_type=\"widget\" data-e-type=\"widget\" data-widget_type=\"image.default\">\n\t\t\t\t<div class=\"elementor-widget-container\">\n\t\t\t\t\t\t\t\t\t\t\t\t\t\t\t<img loading=\"lazy\" decoding=\"async\" width=\"2048\" height=\"1152\" src=\"https:\/\/siatehnikadoo.rs\/wp-content\/uploads\/2025\/07\/DJI_0099-2048x1152.jpg\" class=\"attachment-2048x2048 size-2048x2048 wp-image-3512\" alt=\"\" srcset=\"https:\/\/siatehnikadoo.rs\/wp-content\/uploads\/2025\/07\/DJI_0099-2048x1152.jpg 2048w, https:\/\/siatehnikadoo.rs\/wp-content\/uploads\/2025\/07\/DJI_0099-300x169.jpg 300w, https:\/\/siatehnikadoo.rs\/wp-content\/uploads\/2025\/07\/DJI_0099-1024x576.jpg 1024w, https:\/\/siatehnikadoo.rs\/wp-content\/uploads\/2025\/07\/DJI_0099-768x432.jpg 768w, https:\/\/siatehnikadoo.rs\/wp-content\/uploads\/2025\/07\/DJI_0099-1536x864.jpg 1536w, https:\/\/siatehnikadoo.rs\/wp-content\/uploads\/2025\/07\/DJI_0099-18x10.jpg 18w\" sizes=\"(max-width: 2048px) 100vw, 2048px\" \/>\t\t\t\t\t\t\t\t\t\t\t\t\t\t\t<\/div>\n\t\t\t\t<\/div>\n\t\t\t\t<\/div>\n\t\t\t\t<div class=\"elementor-element elementor-element-e93513e elementor-absolute elementor-widget elementor-widget-image\" data-id=\"e93513e\" data-element_type=\"widget\" data-e-type=\"widget\" data-settings=\"{&quot;_position&quot;:&quot;absolute&quot;,&quot;motion_fx_motion_fx_scrolling&quot;:&quot;yes&quot;,&quot;motion_fx_translateX_effect&quot;:&quot;yes&quot;,&quot;motion_fx_translateX_speed&quot;:{&quot;unit&quot;:&quot;px&quot;,&quot;size&quot;:4,&quot;sizes&quot;:[]},&quot;motion_fx_translateX_affectedRange&quot;:{&quot;unit&quot;:&quot;%&quot;,&quot;size&quot;:&quot;&quot;,&quot;sizes&quot;:{&quot;start&quot;:0,&quot;end&quot;:100}},&quot;motion_fx_devices&quot;:[&quot;desktop&quot;,&quot;laptop&quot;,&quot;tablet&quot;,&quot;mobile&quot;]}\" data-widget_type=\"image.default\">\n\t\t\t\t<div class=\"elementor-widget-container\">\n\t\t\t\t\t\t\t\t\t\t\t\t\t\t\t<img decoding=\"async\" width=\"405\" height=\"296\" src=\"https:\/\/siatehnikadoo.rs\/wp-content\/uploads\/2024\/06\/favicon1.png\" class=\"attachment-full size-full wp-image-420\" alt=\"\" srcset=\"https:\/\/siatehnikadoo.rs\/wp-content\/uploads\/2024\/06\/favicon1.png 405w, https:\/\/siatehnikadoo.rs\/wp-content\/uploads\/2024\/06\/favicon1-300x219.png 300w, https:\/\/siatehnikadoo.rs\/wp-content\/uploads\/2024\/06\/favicon1-16x12.png 16w\" sizes=\"(max-width: 405px) 100vw, 405px\" \/>\t\t\t\t\t\t\t\t\t\t\t\t\t\t\t<\/div>\n\t\t\t\t<\/div>\n\t\t\t\t<\/div>\n\t\t\t\t<\/div>\n\t\t\t\t<\/div>\n\t\t\t\t\t<\/div>\n\t\t\t\t<\/div>\n\t\t\t\t<\/div>\n\t\t","protected":false},"excerpt":{"rendered":"<p>GERMINATOR Germinator je te\u0161ki setvosprema\u010d za finalnu predsetvenu pripremu U samo jednom prolazu, AGROMA Germinator kreira skoro pa idealno zbijenu setvenu povr\u0161inu zemlji\u0161ta, sa rastresitim prekriva\u010dem u gornjoj zoni jednake dubine za setvu i najzahtevnijih kultura kao \u0161to su: \u0161e\u0107erna repa, uljana repica, razne povrtarske kulture itd.\u00a0 Dizajn ma\u0161ine obezbe\u0111uje gotovo pa idealan setveni sloj [&hellip;]<\/p>\n","protected":false},"author":2,"featured_media":0,"parent":0,"menu_order":0,"comment_status":"closed","ping_status":"closed","template":"","meta":{"content-type":"","footnotes":""},"class_list":["post-3506","page","type-page","status-publish","hentry"],"_links":{"self":[{"href":"https:\/\/siatehnikadoo.rs\/sk\/wp-json\/wp\/v2\/pages\/3506","targetHints":{"allow":["GET"]}}],"collection":[{"href":"https:\/\/siatehnikadoo.rs\/sk\/wp-json\/wp\/v2\/pages"}],"about":[{"href":"https:\/\/siatehnikadoo.rs\/sk\/wp-json\/wp\/v2\/types\/page"}],"author":[{"embeddable":true,"href":"https:\/\/siatehnikadoo.rs\/sk\/wp-json\/wp\/v2\/users\/2"}],"replies":[{"embeddable":true,"href":"https:\/\/siatehnikadoo.rs\/sk\/wp-json\/wp\/v2\/comments?post=3506"}],"version-history":[{"count":4,"href":"https:\/\/siatehnikadoo.rs\/sk\/wp-json\/wp\/v2\/pages\/3506\/revisions"}],"predecessor-version":[{"id":3531,"href":"https:\/\/siatehnikadoo.rs\/sk\/wp-json\/wp\/v2\/pages\/3506\/revisions\/3531"}],"wp:attachment":[{"href":"https:\/\/siatehnikadoo.rs\/sk\/wp-json\/wp\/v2\/media?parent=3506"}],"curies":[{"name":"pracovn\u00fd list","href":"https:\/\/api.w.org\/{rel}","templated":true}]}}