{"id":492,"date":"2024-06-18T12:17:26","date_gmt":"2024-06-18T12:17:26","guid":{"rendered":"https:\/\/kljajic.element-web.com\/?page_id=492"},"modified":"2025-06-19T11:23:04","modified_gmt":"2025-06-19T09:23:04","slug":"ovocne-sejkry","status":"publish","type":"page","link":"https:\/\/siatehnikadoo.rs\/sk\/masine\/vocarske-masine\/tresaci-voca\/","title":{"rendered":"Ovocn\u00e9 \u0161ejkry"},"content":{"rendered":"\t\t<div data-elementor-type=\"wp-page\" data-elementor-id=\"492\" class=\"elementor elementor-492\" data-elementor-post-type=\"page\">\n\t\t\t\t<div class=\"elementor-element elementor-element-296d455 e-flex e-con-boxed e-con e-parent\" data-id=\"296d455\" data-element_type=\"container\" data-e-type=\"container\" data-settings=\"{&quot;background_background&quot;:&quot;classic&quot;}\">\n\t\t\t\t\t<div class=\"e-con-inner\">\n\t\t\t\t\t<\/div>\n\t\t\t\t<\/div>\n\t\t<div class=\"elementor-element elementor-element-329ebe1 e-flex e-con-boxed e-con e-parent\" data-id=\"329ebe1\" data-element_type=\"container\" data-e-type=\"container\">\n\t\t\t\t\t<div class=\"e-con-inner\">\n\t\t<div class=\"elementor-element elementor-element-3e93e26 e-con-full e-flex e-con e-child\" data-id=\"3e93e26\" data-element_type=\"container\" data-e-type=\"container\">\n\t\t\t\t<div class=\"elementor-element elementor-element-417b112 elementor-widget elementor-widget-heading\" data-id=\"417b112\" data-element_type=\"widget\" data-e-type=\"widget\" data-widget_type=\"heading.default\">\n\t\t\t\t<div class=\"elementor-widget-container\">\n\t\t\t\t\t<h3 class=\"elementor-heading-title elementor-size-default\">MUNCKHOF i LIPCO tresa\u010di vo\u0107a\n<\/h3>\t\t\t\t<\/div>\n\t\t\t\t<\/div>\n\t\t\t\t<div class=\"elementor-element elementor-element-edd9f1c elementor-drop-cap-yes elementor-drop-cap-view-default elementor-widget elementor-widget-text-editor\" data-id=\"edd9f1c\" data-element_type=\"widget\" data-e-type=\"widget\" data-settings=\"{&quot;drop_cap&quot;:&quot;yes&quot;}\" data-widget_type=\"text-editor.default\">\n\t\t\t\t<div class=\"elementor-widget-container\">\n\t\t\t\t\t\t\t\t\t<p>T<strong>resa\u010d za vo\u0107e LIPCO<\/strong> namenjen je berbi vi\u0161anja, \u0161ljiva i drugog vo\u0107a sa stablima pre\u010dnika do 35 cm. Odlikuje se visokim u\u010dinkom i montira se na zadnji kraj traktora. Opremljen je hidrauli\u010dnim sistemom za zakretanje ruke tresa\u010da, a pogon dobija preko kardana traktora, koriste\u0107i sopstveni hidrauli\u010dni sistem. Minimalna potrebna snaga traktora je 40 kW.<\/p><p>Opcionalno mo\u017ee biti opremljen jedinicom za odvajanje li\u0161\u0107a i grana iz otre\u0161enih plodova, kao i kalibratorom za vi\u0161nju. Plodovi se mogu odlagati u gajbice, box-palete ili ba\u010dve. U pore\u0111enju sa konvencionalnim re\u0161enjima, ovaj model posti\u017ee i do tri puta ve\u0107i u\u010dinak.<\/p><p><strong>MUNCKHOF tresa\u010d za vo\u0107e<\/strong> je potpuno automatski i samohodni ure\u0111aj sa prikolicom za box-palete. Efikasno odvaja li\u0161\u0107e i grane od plodova, dok sna\u017eno i temeljno trese stablo otresaju\u0107i plod. Frekvencija i amplituda rada tresa\u010da mogu se prilagoditi razli\u010ditim uslovima na terenu.<\/p><p>Pored vi\u0161anja, koristi se i za berbu \u0161ljiva, kajsija, maslina i drugog vo\u0107a namenjenog industrijskoj preradi.<\/p>\t\t\t\t\t\t\t\t<\/div>\n\t\t\t\t<\/div>\n\t\t\t\t<div class=\"elementor-element elementor-element-5f4e808 elementor-align-left elementor-mobile-align-justify elementor-widget-mobile__width-inherit elementor-widget elementor-widget-button\" data-id=\"5f4e808\" data-element_type=\"widget\" data-e-type=\"widget\" data-widget_type=\"button.default\">\n\t\t\t\t<div class=\"elementor-widget-container\">\n\t\t\t\t\t\t\t\t\t<div class=\"elementor-button-wrapper\">\n\t\t\t\t\t<a class=\"elementor-button elementor-button-link elementor-size-sm\" href=\"#elementor-action%3Aaction%3Dpopup%3Aopen%26settings%3DeyJpZCI6IjQ1MyIsInRvZ2dsZSI6ZmFsc2V9\">\n\t\t\t\t\t\t<span class=\"elementor-button-content-wrapper\">\n\t\t\t\t\t\t\t\t\t<span class=\"elementor-button-text\">Po\u0161aljite upit<\/span>\n\t\t\t\t\t<\/span>\n\t\t\t\t\t<\/a>\n\t\t\t\t<\/div>\n\t\t\t\t\t\t\t\t<\/div>\n\t\t\t\t<\/div>\n\t\t\t\t<\/div>\n\t\t<div class=\"elementor-element elementor-element-3f2245d e-con-full e-flex e-con e-child\" data-id=\"3f2245d\" data-element_type=\"container\" data-e-type=\"container\">\n\t\t\t\t<div class=\"elementor-element elementor-element-3fe09bd elementor-widget-tablet__width-inherit elementor-widget__width-inherit elementor-widget elementor-widget-image\" data-id=\"3fe09bd\" data-element_type=\"widget\" data-e-type=\"widget\" data-widget_type=\"image.default\">\n\t\t\t\t<div class=\"elementor-widget-container\">\n\t\t\t\t\t\t\t\t\t\t\t\t\t\t\t<img fetchpriority=\"high\" decoding=\"async\" width=\"900\" height=\"600\" src=\"https:\/\/siatehnikadoo.rs\/wp-content\/uploads\/2024\/06\/DSCI0480-Munckhoftresac.jpg\" class=\"attachment-full size-full wp-image-670\" alt=\"\" srcset=\"https:\/\/siatehnikadoo.rs\/wp-content\/uploads\/2024\/06\/DSCI0480-Munckhoftresac.jpg 900w, https:\/\/siatehnikadoo.rs\/wp-content\/uploads\/2024\/06\/DSCI0480-Munckhoftresac-300x200.jpg 300w, https:\/\/siatehnikadoo.rs\/wp-content\/uploads\/2024\/06\/DSCI0480-Munckhoftresac-768x512.jpg 768w\" sizes=\"(max-width: 900px) 100vw, 900px\" \/>\t\t\t\t\t\t\t\t\t\t\t\t\t\t\t<\/div>\n\t\t\t\t<\/div>\n\t\t\t\t<\/div>\n\t\t\t\t<div class=\"elementor-element elementor-element-a8b4ef5 elementor-absolute elementor-widget elementor-widget-image\" data-id=\"a8b4ef5\" data-element_type=\"widget\" data-e-type=\"widget\" data-settings=\"{&quot;_position&quot;:&quot;absolute&quot;,&quot;motion_fx_motion_fx_scrolling&quot;:&quot;yes&quot;,&quot;motion_fx_translateX_effect&quot;:&quot;yes&quot;,&quot;motion_fx_translateX_speed&quot;:{&quot;unit&quot;:&quot;px&quot;,&quot;size&quot;:4,&quot;sizes&quot;:[]},&quot;motion_fx_translateX_affectedRange&quot;:{&quot;unit&quot;:&quot;%&quot;,&quot;size&quot;:&quot;&quot;,&quot;sizes&quot;:{&quot;start&quot;:0,&quot;end&quot;:100}},&quot;motion_fx_devices&quot;:[&quot;desktop&quot;,&quot;laptop&quot;,&quot;tablet&quot;,&quot;mobile&quot;]}\" data-widget_type=\"image.default\">\n\t\t\t\t<div class=\"elementor-widget-container\">\n\t\t\t\t\t\t\t\t\t\t\t\t\t\t\t<img decoding=\"async\" width=\"405\" height=\"296\" src=\"https:\/\/siatehnikadoo.rs\/wp-content\/uploads\/2024\/06\/favicon1.png\" class=\"attachment-full size-full wp-image-420\" alt=\"\" srcset=\"https:\/\/siatehnikadoo.rs\/wp-content\/uploads\/2024\/06\/favicon1.png 405w, https:\/\/siatehnikadoo.rs\/wp-content\/uploads\/2024\/06\/favicon1-300x219.png 300w, https:\/\/siatehnikadoo.rs\/wp-content\/uploads\/2024\/06\/favicon1-16x12.png 16w\" sizes=\"(max-width: 405px) 100vw, 405px\" \/>\t\t\t\t\t\t\t\t\t\t\t\t\t\t\t<\/div>\n\t\t\t\t<\/div>\n\t\t<div class=\"elementor-element elementor-element-7dded7d e-con-full e-flex e-con e-child\" data-id=\"7dded7d\" data-element_type=\"container\" data-e-type=\"container\">\n\t\t\t\t<div class=\"elementor-element elementor-element-baba9ad elementor-widget elementor-widget-gallery\" data-id=\"baba9ad\" data-element_type=\"widget\" data-e-type=\"widget\" data-settings=\"{&quot;gallery_layout&quot;:&quot;grid&quot;,&quot;columns&quot;:4,&quot;columns_tablet&quot;:2,&quot;columns_mobile&quot;:1,&quot;gap&quot;:{&quot;unit&quot;:&quot;px&quot;,&quot;size&quot;:10,&quot;sizes&quot;:[]},&quot;gap_laptop&quot;:{&quot;unit&quot;:&quot;px&quot;,&quot;size&quot;:10,&quot;sizes&quot;:[]},&quot;gap_tablet&quot;:{&quot;unit&quot;:&quot;px&quot;,&quot;size&quot;:10,&quot;sizes&quot;:[]},&quot;gap_mobile&quot;:{&quot;unit&quot;:&quot;px&quot;,&quot;size&quot;:10,&quot;sizes&quot;:[]},&quot;link_to&quot;:&quot;file&quot;,&quot;aspect_ratio&quot;:&quot;3:2&quot;,&quot;overlay_background&quot;:&quot;yes&quot;,&quot;content_hover_animation&quot;:&quot;fade-in&quot;}\" data-widget_type=\"gallery.default\">\n\t\t\t\t<div class=\"elementor-widget-container\">\n\t\t\t\t\t\t\t<div class=\"elementor-gallery__container\">\n\t\t\t\t\t\t\t<a class=\"e-gallery-item elementor-gallery-item elementor-animated-content\" href=\"https:\/\/siatehnikadoo.rs\/wp-content\/uploads\/2024\/06\/Untitled-4.jpg\" data-elementor-open-lightbox=\"yes\" data-elementor-lightbox-slideshow=\"baba9ad\" data-elementor-lightbox-title=\"Untitled-4\" data-e-action-hash=\"#elementor-action%3Aaction%3Dlightbox%26settings%3DeyJpZCI6NjY4LCJ1cmwiOiJodHRwczpcL1wvc2lhdGVobmlrYWRvby5yc1wvd3AtY29udGVudFwvdXBsb2Fkc1wvMjAyNFwvMDZcL1VudGl0bGVkLTQuanBnIiwic2xpZGVzaG93IjoiYmFiYTlhZCJ9\">\n\t\t\t\t\t<div class=\"e-gallery-image elementor-gallery-item__image\" data-thumbnail=\"https:\/\/siatehnikadoo.rs\/wp-content\/uploads\/2024\/06\/Untitled-4.jpg\" data-width=\"900\" data-height=\"600\" aria-label=\"\" role=\"img\" ><\/div>\n\t\t\t\t\t\t\t\t\t\t\t<div class=\"elementor-gallery-item__overlay\"><\/div>\n\t\t\t\t\t\t\t\t\t\t\t\t\t\t<\/a>\n\t\t\t\t\t\t\t<a class=\"e-gallery-item elementor-gallery-item elementor-animated-content\" href=\"https:\/\/siatehnikadoo.rs\/wp-content\/uploads\/2024\/06\/1-glavna-slika.jpg\" data-elementor-open-lightbox=\"yes\" data-elementor-lightbox-slideshow=\"baba9ad\" data-elementor-lightbox-title=\"1-glavna-slika\" data-e-action-hash=\"#elementor-action%3Aaction%3Dlightbox%26settings%3DeyJpZCI6NjY5LCJ1cmwiOiJodHRwczpcL1wvc2lhdGVobmlrYWRvby5yc1wvd3AtY29udGVudFwvdXBsb2Fkc1wvMjAyNFwvMDZcLzEtZ2xhdm5hLXNsaWthLmpwZyIsInNsaWRlc2hvdyI6ImJhYmE5YWQifQ%3D%3D\">\n\t\t\t\t\t<div class=\"e-gallery-image elementor-gallery-item__image\" data-thumbnail=\"https:\/\/siatehnikadoo.rs\/wp-content\/uploads\/2024\/06\/1-glavna-slika.jpg\" data-width=\"900\" data-height=\"600\" aria-label=\"\" role=\"img\" ><\/div>\n\t\t\t\t\t\t\t\t\t\t\t<div class=\"elementor-gallery-item__overlay\"><\/div>\n\t\t\t\t\t\t\t\t\t\t\t\t\t\t<\/a>\n\t\t\t\t\t\t\t<a class=\"e-gallery-item elementor-gallery-item elementor-animated-content\" href=\"https:\/\/siatehnikadoo.rs\/wp-content\/uploads\/2024\/06\/DSCI0480-Munckhoftresac.jpg\" data-elementor-open-lightbox=\"yes\" data-elementor-lightbox-slideshow=\"baba9ad\" data-elementor-lightbox-title=\"DSCI0480-Munckhoftresac\" data-e-action-hash=\"#elementor-action%3Aaction%3Dlightbox%26settings%3DeyJpZCI6NjcwLCJ1cmwiOiJodHRwczpcL1wvc2lhdGVobmlrYWRvby5yc1wvd3AtY29udGVudFwvdXBsb2Fkc1wvMjAyNFwvMDZcL0RTQ0kwNDgwLU11bmNraG9mdHJlc2FjLmpwZyIsInNsaWRlc2hvdyI6ImJhYmE5YWQifQ%3D%3D\">\n\t\t\t\t\t<div class=\"e-gallery-image elementor-gallery-item__image\" data-thumbnail=\"https:\/\/siatehnikadoo.rs\/wp-content\/uploads\/2024\/06\/DSCI0480-Munckhoftresac.jpg\" data-width=\"900\" data-height=\"600\" aria-label=\"\" role=\"img\" ><\/div>\n\t\t\t\t\t\t\t\t\t\t\t<div class=\"elementor-gallery-item__overlay\"><\/div>\n\t\t\t\t\t\t\t\t\t\t\t\t\t\t<\/a>\n\t\t\t\t\t\t\t<a class=\"e-gallery-item elementor-gallery-item elementor-animated-content\" href=\"https:\/\/siatehnikadoo.rs\/wp-content\/uploads\/2024\/06\/DSCI0500.jpg\" data-elementor-open-lightbox=\"yes\" data-elementor-lightbox-slideshow=\"baba9ad\" data-elementor-lightbox-title=\"DSCI0500\" data-e-action-hash=\"#elementor-action%3Aaction%3Dlightbox%26settings%3DeyJpZCI6NjcxLCJ1cmwiOiJodHRwczpcL1wvc2lhdGVobmlrYWRvby5yc1wvd3AtY29udGVudFwvdXBsb2Fkc1wvMjAyNFwvMDZcL0RTQ0kwNTAwLmpwZyIsInNsaWRlc2hvdyI6ImJhYmE5YWQifQ%3D%3D\">\n\t\t\t\t\t<div class=\"e-gallery-image elementor-gallery-item__image\" data-thumbnail=\"https:\/\/siatehnikadoo.rs\/wp-content\/uploads\/2024\/06\/DSCI0500.jpg\" data-width=\"900\" data-height=\"600\" aria-label=\"\" role=\"img\" ><\/div>\n\t\t\t\t\t\t\t\t\t\t\t<div class=\"elementor-gallery-item__overlay\"><\/div>\n\t\t\t\t\t\t\t\t\t\t\t\t\t\t<\/a>\n\t\t\t\t\t\t\t<a class=\"e-gallery-item elementor-gallery-item elementor-animated-content\" href=\"https:\/\/siatehnikadoo.rs\/wp-content\/uploads\/2024\/06\/Untitled-1.jpg\" data-elementor-open-lightbox=\"yes\" data-elementor-lightbox-slideshow=\"baba9ad\" data-elementor-lightbox-title=\"Untitled-1\" data-e-action-hash=\"#elementor-action%3Aaction%3Dlightbox%26settings%3DeyJpZCI6NjcyLCJ1cmwiOiJodHRwczpcL1wvc2lhdGVobmlrYWRvby5yc1wvd3AtY29udGVudFwvdXBsb2Fkc1wvMjAyNFwvMDZcL1VudGl0bGVkLTEuanBnIiwic2xpZGVzaG93IjoiYmFiYTlhZCJ9\">\n\t\t\t\t\t<div class=\"e-gallery-image elementor-gallery-item__image\" data-thumbnail=\"https:\/\/siatehnikadoo.rs\/wp-content\/uploads\/2024\/06\/Untitled-1.jpg\" data-width=\"900\" data-height=\"600\" aria-label=\"\" role=\"img\" ><\/div>\n\t\t\t\t\t\t\t\t\t\t\t<div class=\"elementor-gallery-item__overlay\"><\/div>\n\t\t\t\t\t\t\t\t\t\t\t\t\t\t<\/a>\n\t\t\t\t\t\t\t<a class=\"e-gallery-item elementor-gallery-item elementor-animated-content\" href=\"https:\/\/siatehnikadoo.rs\/wp-content\/uploads\/2024\/06\/Untitled-2.jpg\" data-elementor-open-lightbox=\"yes\" data-elementor-lightbox-slideshow=\"baba9ad\" data-elementor-lightbox-title=\"Untitled-2\" data-e-action-hash=\"#elementor-action%3Aaction%3Dlightbox%26settings%3DeyJpZCI6NjczLCJ1cmwiOiJodHRwczpcL1wvc2lhdGVobmlrYWRvby5yc1wvd3AtY29udGVudFwvdXBsb2Fkc1wvMjAyNFwvMDZcL1VudGl0bGVkLTIuanBnIiwic2xpZGVzaG93IjoiYmFiYTlhZCJ9\">\n\t\t\t\t\t<div class=\"e-gallery-image elementor-gallery-item__image\" data-thumbnail=\"https:\/\/siatehnikadoo.rs\/wp-content\/uploads\/2024\/06\/Untitled-2.jpg\" data-width=\"900\" data-height=\"600\" aria-label=\"\" role=\"img\" ><\/div>\n\t\t\t\t\t\t\t\t\t\t\t<div class=\"elementor-gallery-item__overlay\"><\/div>\n\t\t\t\t\t\t\t\t\t\t\t\t\t\t<\/a>\n\t\t\t\t\t<\/div>\n\t\t\t\t\t<\/div>\n\t\t\t\t<\/div>\n\t\t\t\t<\/div>\n\t\t\t\t\t<\/div>\n\t\t\t\t<\/div>\n\t\t<div class=\"elementor-element elementor-element-100188b e-flex e-con-boxed e-con e-parent\" data-id=\"100188b\" data-element_type=\"container\" data-e-type=\"container\" data-settings=\"{&quot;background_background&quot;:&quot;classic&quot;}\">\n\t\t\t\t\t<div class=\"e-con-inner\">\n\t\t\t\t<div class=\"elementor-element elementor-element-2dcce59 elementor-widget elementor-widget-heading\" data-id=\"2dcce59\" data-element_type=\"widget\" data-e-type=\"widget\" data-widget_type=\"heading.default\">\n\t\t\t\t<div class=\"elementor-widget-container\">\n\t\t\t\t\t<span class=\"elementor-heading-title elementor-size-default\">SIA TEHNIKA DOO<\/span>\t\t\t\t<\/div>\n\t\t\t\t<\/div>\n\t\t\t\t<div class=\"elementor-element elementor-element-f62af59 elementor-widget__width-initial elementor-widget-tablet__width-inherit elementor-widget elementor-widget-heading\" data-id=\"f62af59\" data-element_type=\"widget\" data-e-type=\"widget\" data-widget_type=\"heading.default\">\n\t\t\t\t<div class=\"elementor-widget-container\">\n\t\t\t\t\t<h2 class=\"elementor-heading-title elementor-size-default\">Potreban Vam je ekspert za poljoprivredne ma\u0161ine?<\/h2>\t\t\t\t<\/div>\n\t\t\t\t<\/div>\n\t\t\t\t<div class=\"elementor-element elementor-element-b7df70d elementor-align-center elementor-mobile-align-justify elementor-widget-mobile__width-inherit elementor-widget elementor-widget-button\" data-id=\"b7df70d\" data-element_type=\"widget\" data-e-type=\"widget\" data-widget_type=\"button.default\">\n\t\t\t\t<div class=\"elementor-widget-container\">\n\t\t\t\t\t\t\t\t\t<div class=\"elementor-button-wrapper\">\n\t\t\t\t\t<a class=\"elementor-button elementor-button-link elementor-size-sm\" href=\"https:\/\/siatehnikadoo.rs\/sk\/kontakt\/\">\n\t\t\t\t\t\t<span class=\"elementor-button-content-wrapper\">\n\t\t\t\t\t\t\t\t\t<span class=\"elementor-button-text\">Kontaktirajte nas<\/span>\n\t\t\t\t\t<\/span>\n\t\t\t\t\t<\/a>\n\t\t\t\t<\/div>\n\t\t\t\t\t\t\t\t<\/div>\n\t\t\t\t<\/div>\n\t\t\t\t\t<\/div>\n\t\t\t\t<\/div>\n\t\t\t\t<\/div>\n\t\t","protected":false},"excerpt":{"rendered":"<p>MUNCKHOF i LIPCO tresa\u010di vo\u0107a Tresa\u010d za vo\u0107e LIPCO namenjen je berbi vi\u0161anja, \u0161ljiva i drugog vo\u0107a sa stablima pre\u010dnika do 35 cm. Odlikuje se visokim u\u010dinkom i montira se na zadnji kraj traktora. Opremljen je hidrauli\u010dnim sistemom za zakretanje ruke tresa\u010da, a pogon dobija preko kardana traktora, koriste\u0107i sopstveni hidrauli\u010dni sistem. Minimalna potrebna snaga [&hellip;]<\/p>\n","protected":false},"author":2,"featured_media":0,"parent":299,"menu_order":0,"comment_status":"closed","ping_status":"closed","template":"","meta":{"content-type":"","footnotes":""},"class_list":["post-492","page","type-page","status-publish","hentry"],"_links":{"self":[{"href":"https:\/\/siatehnikadoo.rs\/sk\/wp-json\/wp\/v2\/pages\/492","targetHints":{"allow":["GET"]}}],"collection":[{"href":"https:\/\/siatehnikadoo.rs\/sk\/wp-json\/wp\/v2\/pages"}],"about":[{"href":"https:\/\/siatehnikadoo.rs\/sk\/wp-json\/wp\/v2\/types\/page"}],"author":[{"embeddable":true,"href":"https:\/\/siatehnikadoo.rs\/sk\/wp-json\/wp\/v2\/users\/2"}],"replies":[{"embeddable":true,"href":"https:\/\/siatehnikadoo.rs\/sk\/wp-json\/wp\/v2\/comments?post=492"}],"version-history":[{"count":35,"href":"https:\/\/siatehnikadoo.rs\/sk\/wp-json\/wp\/v2\/pages\/492\/revisions"}],"predecessor-version":[{"id":3433,"href":"https:\/\/siatehnikadoo.rs\/sk\/wp-json\/wp\/v2\/pages\/492\/revisions\/3433"}],"up":[{"embeddable":true,"href":"https:\/\/siatehnikadoo.rs\/sk\/wp-json\/wp\/v2\/pages\/299"}],"wp:attachment":[{"href":"https:\/\/siatehnikadoo.rs\/sk\/wp-json\/wp\/v2\/media?parent=492"}],"curies":[{"name":"pracovn\u00fd list","href":"https:\/\/api.w.org\/{rel}","templated":true}]}}