{"id":496,"date":"2024-06-18T12:17:56","date_gmt":"2024-06-18T12:17:56","guid":{"rendered":"https:\/\/kljajic.element-web.com\/?page_id=496"},"modified":"2025-06-19T11:45:16","modified_gmt":"2025-06-19T09:45:16","slug":"plosiny-na-zber-ovocia","status":"publish","type":"page","link":"https:\/\/siatehnikadoo.rs\/sk\/masine\/vocarske-masine\/platforme-za-berbu-voca\/","title":{"rendered":"Plo\u0161iny na zber ovocia"},"content":{"rendered":"\t\t<div data-elementor-type=\"wp-page\" data-elementor-id=\"496\" class=\"elementor elementor-496\" data-elementor-post-type=\"page\">\n\t\t\t\t<div class=\"elementor-element elementor-element-eea647e e-flex e-con-boxed e-con e-parent\" data-id=\"eea647e\" data-element_type=\"container\" data-e-type=\"container\" data-settings=\"{&quot;background_background&quot;:&quot;classic&quot;}\">\n\t\t\t\t\t<div class=\"e-con-inner\">\n\t\t\t\t\t<\/div>\n\t\t\t\t<\/div>\n\t\t<div class=\"elementor-element elementor-element-1db7bfd e-flex e-con-boxed e-con e-parent\" data-id=\"1db7bfd\" data-element_type=\"container\" data-e-type=\"container\">\n\t\t\t\t\t<div class=\"e-con-inner\">\n\t\t<div class=\"elementor-element elementor-element-fb37885 e-con-full e-flex e-con e-child\" data-id=\"fb37885\" data-element_type=\"container\" data-e-type=\"container\">\n\t\t\t\t<div class=\"elementor-element elementor-element-9399bd0 elementor-widget elementor-widget-heading\" data-id=\"9399bd0\" data-element_type=\"widget\" data-e-type=\"widget\" data-widget_type=\"heading.default\">\n\t\t\t\t<div class=\"elementor-widget-container\">\n\t\t\t\t\t<h3 class=\"elementor-heading-title elementor-size-default\">PLUK-O-TRAK kompanije Munckhof\n<\/h3>\t\t\t\t<\/div>\n\t\t\t\t<\/div>\n\t\t\t\t<div class=\"elementor-element elementor-element-95ff66e elementor-drop-cap-yes elementor-drop-cap-view-default elementor-widget elementor-widget-text-editor\" data-id=\"95ff66e\" data-element_type=\"widget\" data-e-type=\"widget\" data-settings=\"{&quot;drop_cap&quot;:&quot;yes&quot;}\" data-widget_type=\"text-editor.default\">\n\t\t\t\t<div class=\"elementor-widget-container\">\n\t\t\t\t\t\t\t\t\t<p>P<strong>LUK-O-TRAK<\/strong> kompanije Munckhof je samohodna platforma za berbu vo\u0107a sa preko 40 godina tradicije, garantuju\u0107i efikasnost i kvalitet potvr\u0111en od strane zvani\u010dnih institucija u EU.<\/p><p>Ovaj sistem zna\u010dajno olak\u0161ava organizaciju berbe, nema potrebe za istovarom praznih boks-paleta, kao ni problema sa polupraznim ili prepunim paletama. U pore\u0111enju sa tradicionalnim metodama, smanjuje broj prolazaka kroz redove i minimizira o\u0161te\u0107enje zemlji\u0161ta. Jedan bera\u010d mo\u017ee ubrati izme\u0111u 200 i 300 kg plodova po satu, dok visinu i pravac berbene trake prilago\u0111ava svojim potrebama.<\/p><p>Pored berbe, PLUK-O-TRAK se koristi i za ru\u010dno prore\u0111ivanje plodova, rezidbu, kao i skidanje i postavljanje protivgradnih mre\u017ea.<\/p><p>Sistemi berbe sa platformama <strong>HERCULES<\/strong>, <strong>TROY<\/strong> i <strong>ARCAS<\/strong> belgijske kompanije <strong>BAB<\/strong>, zajedno sa vo\u0107arskim prikolicama, omogu\u0107avaju ni\u017ee tro\u0161kove u pore\u0111enju sa drugim metodama, posti\u017eu\u0107i visoke prinose od 200-300 kg jabuka po radniku na sat. Uz to, prati se tok plodova od berbe do prodaje, a boks-palete se nikada ne postavljaju direktno na zemlju.<\/p>\t\t\t\t\t\t\t\t<\/div>\n\t\t\t\t<\/div>\n\t\t\t\t<div class=\"elementor-element elementor-element-8d201a0 elementor-align-left elementor-mobile-align-justify elementor-widget-mobile__width-inherit elementor-widget elementor-widget-button\" data-id=\"8d201a0\" data-element_type=\"widget\" data-e-type=\"widget\" data-widget_type=\"button.default\">\n\t\t\t\t<div class=\"elementor-widget-container\">\n\t\t\t\t\t\t\t\t\t<div class=\"elementor-button-wrapper\">\n\t\t\t\t\t<a class=\"elementor-button elementor-button-link elementor-size-sm\" href=\"#elementor-action%3Aaction%3Dpopup%3Aopen%26settings%3DeyJpZCI6IjQ1MyIsInRvZ2dsZSI6ZmFsc2V9\">\n\t\t\t\t\t\t<span class=\"elementor-button-content-wrapper\">\n\t\t\t\t\t\t\t\t\t<span class=\"elementor-button-text\">Po\u0161aljite upit<\/span>\n\t\t\t\t\t<\/span>\n\t\t\t\t\t<\/a>\n\t\t\t\t<\/div>\n\t\t\t\t\t\t\t\t<\/div>\n\t\t\t\t<\/div>\n\t\t\t\t<\/div>\n\t\t<div class=\"elementor-element elementor-element-1ab946e e-con-full e-flex e-con e-child\" data-id=\"1ab946e\" data-element_type=\"container\" data-e-type=\"container\">\n\t\t\t\t<div class=\"elementor-element elementor-element-c5fa189 elementor-widget-tablet__width-inherit elementor-widget__width-inherit elementor-widget elementor-widget-image\" data-id=\"c5fa189\" data-element_type=\"widget\" data-e-type=\"widget\" data-widget_type=\"image.default\">\n\t\t\t\t<div class=\"elementor-widget-container\">\n\t\t\t\t\t\t\t\t\t\t\t\t\t\t\t<img fetchpriority=\"high\" decoding=\"async\" width=\"900\" height=\"600\" src=\"https:\/\/siatehnikadoo.rs\/wp-content\/uploads\/2024\/06\/BAB-HERCULES-samohodna-platforma.jpg\" class=\"attachment-full size-full wp-image-691\" alt=\"\" srcset=\"https:\/\/siatehnikadoo.rs\/wp-content\/uploads\/2024\/06\/BAB-HERCULES-samohodna-platforma.jpg 900w, https:\/\/siatehnikadoo.rs\/wp-content\/uploads\/2024\/06\/BAB-HERCULES-samohodna-platforma-300x200.jpg 300w, https:\/\/siatehnikadoo.rs\/wp-content\/uploads\/2024\/06\/BAB-HERCULES-samohodna-platforma-768x512.jpg 768w\" sizes=\"(max-width: 900px) 100vw, 900px\" \/>\t\t\t\t\t\t\t\t\t\t\t\t\t\t\t<\/div>\n\t\t\t\t<\/div>\n\t\t\t\t<\/div>\n\t\t\t\t<div class=\"elementor-element elementor-element-188c698 elementor-absolute elementor-widget elementor-widget-image\" data-id=\"188c698\" data-element_type=\"widget\" data-e-type=\"widget\" data-settings=\"{&quot;_position&quot;:&quot;absolute&quot;,&quot;motion_fx_motion_fx_scrolling&quot;:&quot;yes&quot;,&quot;motion_fx_translateX_effect&quot;:&quot;yes&quot;,&quot;motion_fx_translateX_speed&quot;:{&quot;unit&quot;:&quot;px&quot;,&quot;size&quot;:4,&quot;sizes&quot;:[]},&quot;motion_fx_translateX_affectedRange&quot;:{&quot;unit&quot;:&quot;%&quot;,&quot;size&quot;:&quot;&quot;,&quot;sizes&quot;:{&quot;start&quot;:0,&quot;end&quot;:100}},&quot;motion_fx_devices&quot;:[&quot;desktop&quot;,&quot;laptop&quot;,&quot;tablet&quot;,&quot;mobile&quot;]}\" data-widget_type=\"image.default\">\n\t\t\t\t<div class=\"elementor-widget-container\">\n\t\t\t\t\t\t\t\t\t\t\t\t\t\t\t<img decoding=\"async\" width=\"405\" height=\"296\" src=\"https:\/\/siatehnikadoo.rs\/wp-content\/uploads\/2024\/06\/favicon1.png\" class=\"attachment-full size-full wp-image-420\" alt=\"\" srcset=\"https:\/\/siatehnikadoo.rs\/wp-content\/uploads\/2024\/06\/favicon1.png 405w, https:\/\/siatehnikadoo.rs\/wp-content\/uploads\/2024\/06\/favicon1-300x219.png 300w, https:\/\/siatehnikadoo.rs\/wp-content\/uploads\/2024\/06\/favicon1-16x12.png 16w\" sizes=\"(max-width: 405px) 100vw, 405px\" \/>\t\t\t\t\t\t\t\t\t\t\t\t\t\t\t<\/div>\n\t\t\t\t<\/div>\n\t\t\t\t\t<\/div>\n\t\t\t\t<\/div>\n\t\t<div class=\"elementor-element elementor-element-18a1a36 e-flex e-con-boxed e-con e-parent\" data-id=\"18a1a36\" data-element_type=\"container\" data-e-type=\"container\" data-settings=\"{&quot;background_background&quot;:&quot;classic&quot;}\">\n\t\t\t\t\t<div class=\"e-con-inner\">\n\t\t\t\t<div class=\"elementor-element elementor-element-ed28448 elementor-widget elementor-widget-heading\" data-id=\"ed28448\" data-element_type=\"widget\" data-e-type=\"widget\" data-widget_type=\"heading.default\">\n\t\t\t\t<div class=\"elementor-widget-container\">\n\t\t\t\t\t<span class=\"elementor-heading-title elementor-size-default\">SIA TEHNIKA DOO<\/span>\t\t\t\t<\/div>\n\t\t\t\t<\/div>\n\t\t\t\t<div class=\"elementor-element elementor-element-31927b8 elementor-widget__width-initial elementor-widget-tablet__width-inherit elementor-widget elementor-widget-heading\" data-id=\"31927b8\" data-element_type=\"widget\" data-e-type=\"widget\" data-widget_type=\"heading.default\">\n\t\t\t\t<div class=\"elementor-widget-container\">\n\t\t\t\t\t<h2 class=\"elementor-heading-title elementor-size-default\">Potreban Vam je ekspert za poljoprivredne ma\u0161ine?<\/h2>\t\t\t\t<\/div>\n\t\t\t\t<\/div>\n\t\t\t\t<div class=\"elementor-element elementor-element-7facd74 elementor-align-center elementor-mobile-align-justify elementor-widget-mobile__width-inherit elementor-widget elementor-widget-button\" data-id=\"7facd74\" data-element_type=\"widget\" data-e-type=\"widget\" data-widget_type=\"button.default\">\n\t\t\t\t<div class=\"elementor-widget-container\">\n\t\t\t\t\t\t\t\t\t<div class=\"elementor-button-wrapper\">\n\t\t\t\t\t<a class=\"elementor-button elementor-button-link elementor-size-sm\" href=\"https:\/\/siatehnikadoo.rs\/sk\/kontakt\/\">\n\t\t\t\t\t\t<span class=\"elementor-button-content-wrapper\">\n\t\t\t\t\t\t\t\t\t<span class=\"elementor-button-text\">Kontaktirajte nas<\/span>\n\t\t\t\t\t<\/span>\n\t\t\t\t\t<\/a>\n\t\t\t\t<\/div>\n\t\t\t\t\t\t\t\t<\/div>\n\t\t\t\t<\/div>\n\t\t\t\t\t<\/div>\n\t\t\t\t<\/div>\n\t\t\t\t<\/div>\n\t\t","protected":false},"excerpt":{"rendered":"<p>PLUK-O-TRAK kompanije Munckhof PLUK-O-TRAK kompanije Munckhof je samohodna platforma za berbu vo\u0107a sa preko 40 godina tradicije, garantuju\u0107i efikasnost i kvalitet potvr\u0111en od strane zvani\u010dnih institucija u EU. Ovaj sistem zna\u010dajno olak\u0161ava organizaciju berbe, nema potrebe za istovarom praznih boks-paleta, kao ni problema sa polupraznim ili prepunim paletama. U pore\u0111enju sa tradicionalnim metodama, smanjuje broj [&hellip;]<\/p>\n","protected":false},"author":2,"featured_media":0,"parent":299,"menu_order":0,"comment_status":"closed","ping_status":"closed","template":"","meta":{"content-type":"","footnotes":""},"class_list":["post-496","page","type-page","status-publish","hentry"],"_links":{"self":[{"href":"https:\/\/siatehnikadoo.rs\/sk\/wp-json\/wp\/v2\/pages\/496","targetHints":{"allow":["GET"]}}],"collection":[{"href":"https:\/\/siatehnikadoo.rs\/sk\/wp-json\/wp\/v2\/pages"}],"about":[{"href":"https:\/\/siatehnikadoo.rs\/sk\/wp-json\/wp\/v2\/types\/page"}],"author":[{"embeddable":true,"href":"https:\/\/siatehnikadoo.rs\/sk\/wp-json\/wp\/v2\/users\/2"}],"replies":[{"embeddable":true,"href":"https:\/\/siatehnikadoo.rs\/sk\/wp-json\/wp\/v2\/comments?post=496"}],"version-history":[{"count":35,"href":"https:\/\/siatehnikadoo.rs\/sk\/wp-json\/wp\/v2\/pages\/496\/revisions"}],"predecessor-version":[{"id":3436,"href":"https:\/\/siatehnikadoo.rs\/sk\/wp-json\/wp\/v2\/pages\/496\/revisions\/3436"}],"up":[{"embeddable":true,"href":"https:\/\/siatehnikadoo.rs\/sk\/wp-json\/wp\/v2\/pages\/299"}],"wp:attachment":[{"href":"https:\/\/siatehnikadoo.rs\/sk\/wp-json\/wp\/v2\/media?parent=496"}],"curies":[{"name":"pracovn\u00fd list","href":"https:\/\/api.w.org\/{rel}","templated":true}]}}