{"id":939,"date":"2024-06-19T09:13:25","date_gmt":"2024-06-19T09:13:25","guid":{"rendered":"https:\/\/kljajic.element-web.com\/?page_id=939"},"modified":"2025-06-19T12:39:33","modified_gmt":"2025-06-19T10:39:33","slug":"hlavickovy-vozik","status":"publish","type":"page","link":"https:\/\/siatehnikadoo.rs\/sk\/masine\/pocetna\/kolica-za-heder\/","title":{"rendered":"Z\u00e1hlavn\u00fd voz\u00edk"},"content":{"rendered":"\t\t<div data-elementor-type=\"wp-page\" data-elementor-id=\"939\" class=\"elementor elementor-939\" data-elementor-post-type=\"page\">\n\t\t\t\t<div class=\"elementor-element elementor-element-9999c9c e-flex e-con-boxed e-con e-parent\" data-id=\"9999c9c\" data-element_type=\"container\" data-e-type=\"container\" data-settings=\"{&quot;background_background&quot;:&quot;classic&quot;}\">\n\t\t\t\t\t<div class=\"e-con-inner\">\n\t\t\t\t\t<\/div>\n\t\t\t\t<\/div>\n\t\t<div class=\"elementor-element elementor-element-35695f0 e-flex e-con-boxed e-con e-parent\" data-id=\"35695f0\" data-element_type=\"container\" data-e-type=\"container\">\n\t\t\t\t\t<div class=\"e-con-inner\">\n\t\t<div class=\"elementor-element elementor-element-ca32d07 e-con-full e-flex e-con e-child\" data-id=\"ca32d07\" data-element_type=\"container\" data-e-type=\"container\">\n\t\t\t\t<div class=\"elementor-element elementor-element-ece4262 elementor-drop-cap-yes elementor-drop-cap-view-default elementor-widget elementor-widget-text-editor\" data-id=\"ece4262\" data-element_type=\"widget\" data-e-type=\"widget\" data-settings=\"{&quot;drop_cap&quot;:&quot;yes&quot;}\" data-widget_type=\"text-editor.default\">\n\t\t\t\t<div class=\"elementor-widget-container\">\n\t\t\t\t\t\t\t\t\t<p>Kolica za heder olak\u0161avaju jednostavan i siguran transport hedera sa jedne parcele na drugu, \u0161tede\u0107i vreme i energiju poljoprivrednika. Njihova stabilna i robusna konstrukcija pru\u017ea sigurnost \u010dak i na neravnom terenu.<\/p><p>U ponudi imamo kolica posebno prilago\u0111ena za vrhunske hedere za kukuruz italijanskog proizvo\u0111a\u010da TECNOMAIS, \u010dime se osigurava maksimalna efikasnost i bezbednost pri transportu i rukovanju. Izra\u0111ena od visokokvalitetnih materijala, ova kolica su izdr\u017eljiva i dugotrajna, pru\u017eaju\u0107i vam sigurnu investiciju za dugi niz godina.<\/p>\t\t\t\t\t\t\t\t<\/div>\n\t\t\t\t<\/div>\n\t\t\t\t<div class=\"elementor-element elementor-element-89f2815 elementor-align-left elementor-mobile-align-justify elementor-widget-mobile__width-inherit elementor-widget elementor-widget-button\" data-id=\"89f2815\" data-element_type=\"widget\" data-e-type=\"widget\" data-widget_type=\"button.default\">\n\t\t\t\t<div class=\"elementor-widget-container\">\n\t\t\t\t\t\t\t\t\t<div class=\"elementor-button-wrapper\">\n\t\t\t\t\t<a class=\"elementor-button elementor-button-link elementor-size-sm\" href=\"#elementor-action%3Aaction%3Dpopup%3Aopen%26settings%3DeyJpZCI6IjQ1MyIsInRvZ2dsZSI6ZmFsc2V9\">\n\t\t\t\t\t\t<span class=\"elementor-button-content-wrapper\">\n\t\t\t\t\t\t\t\t\t<span class=\"elementor-button-text\">Po\u0161aljite upit<\/span>\n\t\t\t\t\t<\/span>\n\t\t\t\t\t<\/a>\n\t\t\t\t<\/div>\n\t\t\t\t\t\t\t\t<\/div>\n\t\t\t\t<\/div>\n\t\t\t\t<\/div>\n\t\t<div class=\"elementor-element elementor-element-d4c6436 e-con-full e-flex e-con e-child\" data-id=\"d4c6436\" data-element_type=\"container\" data-e-type=\"container\">\n\t\t\t\t<div class=\"elementor-element elementor-element-0423f2b elementor-widget-tablet__width-inherit elementor-widget__width-inherit elementor-widget elementor-widget-image\" data-id=\"0423f2b\" data-element_type=\"widget\" data-e-type=\"widget\" data-widget_type=\"image.default\">\n\t\t\t\t<div class=\"elementor-widget-container\">\n\t\t\t\t\t\t\t\t\t\t\t\t\t\t\t<img fetchpriority=\"high\" decoding=\"async\" width=\"1600\" height=\"1200\" src=\"https:\/\/siatehnikadoo.rs\/wp-content\/uploads\/2024\/11\/kolica-za-heder_Tecnomais_Poljoservis-Kljakic.jpg\" class=\"attachment-full size-full wp-image-2894\" alt=\"\" srcset=\"https:\/\/siatehnikadoo.rs\/wp-content\/uploads\/2024\/11\/kolica-za-heder_Tecnomais_Poljoservis-Kljakic.jpg 1600w, https:\/\/siatehnikadoo.rs\/wp-content\/uploads\/2024\/11\/kolica-za-heder_Tecnomais_Poljoservis-Kljakic-300x225.jpg 300w, https:\/\/siatehnikadoo.rs\/wp-content\/uploads\/2024\/11\/kolica-za-heder_Tecnomais_Poljoservis-Kljakic-1024x768.jpg 1024w, https:\/\/siatehnikadoo.rs\/wp-content\/uploads\/2024\/11\/kolica-za-heder_Tecnomais_Poljoservis-Kljakic-768x576.jpg 768w, https:\/\/siatehnikadoo.rs\/wp-content\/uploads\/2024\/11\/kolica-za-heder_Tecnomais_Poljoservis-Kljakic-1536x1152.jpg 1536w\" sizes=\"(max-width: 1600px) 100vw, 1600px\" \/>\t\t\t\t\t\t\t\t\t\t\t\t\t\t\t<\/div>\n\t\t\t\t<\/div>\n\t\t\t\t<\/div>\n\t\t\t\t<div class=\"elementor-element elementor-element-2e1547f elementor-absolute elementor-widget elementor-widget-image\" data-id=\"2e1547f\" data-element_type=\"widget\" data-e-type=\"widget\" data-settings=\"{&quot;_position&quot;:&quot;absolute&quot;,&quot;motion_fx_motion_fx_scrolling&quot;:&quot;yes&quot;,&quot;motion_fx_translateX_effect&quot;:&quot;yes&quot;,&quot;motion_fx_translateX_speed&quot;:{&quot;unit&quot;:&quot;px&quot;,&quot;size&quot;:4,&quot;sizes&quot;:[]},&quot;motion_fx_translateX_affectedRange&quot;:{&quot;unit&quot;:&quot;%&quot;,&quot;size&quot;:&quot;&quot;,&quot;sizes&quot;:{&quot;start&quot;:0,&quot;end&quot;:100}},&quot;motion_fx_devices&quot;:[&quot;desktop&quot;,&quot;laptop&quot;,&quot;tablet&quot;,&quot;mobile&quot;]}\" data-widget_type=\"image.default\">\n\t\t\t\t<div class=\"elementor-widget-container\">\n\t\t\t\t\t\t\t\t\t\t\t\t\t\t\t<img decoding=\"async\" width=\"405\" height=\"296\" src=\"https:\/\/siatehnikadoo.rs\/wp-content\/uploads\/2024\/06\/favicon1.png\" class=\"attachment-full size-full wp-image-420\" alt=\"\" srcset=\"https:\/\/siatehnikadoo.rs\/wp-content\/uploads\/2024\/06\/favicon1.png 405w, https:\/\/siatehnikadoo.rs\/wp-content\/uploads\/2024\/06\/favicon1-300x219.png 300w, https:\/\/siatehnikadoo.rs\/wp-content\/uploads\/2024\/06\/favicon1-16x12.png 16w\" sizes=\"(max-width: 405px) 100vw, 405px\" \/>\t\t\t\t\t\t\t\t\t\t\t\t\t\t\t<\/div>\n\t\t\t\t<\/div>\n\t\t<div class=\"elementor-element elementor-element-a6af5f1 e-con-full e-flex e-con e-child\" data-id=\"a6af5f1\" data-element_type=\"container\" data-e-type=\"container\">\n\t\t\t\t<div class=\"elementor-element elementor-element-b738f27 elementor-widget elementor-widget-gallery\" data-id=\"b738f27\" data-element_type=\"widget\" data-e-type=\"widget\" data-settings=\"{&quot;gallery_layout&quot;:&quot;grid&quot;,&quot;columns&quot;:4,&quot;columns_tablet&quot;:2,&quot;columns_mobile&quot;:1,&quot;gap&quot;:{&quot;unit&quot;:&quot;px&quot;,&quot;size&quot;:10,&quot;sizes&quot;:[]},&quot;gap_laptop&quot;:{&quot;unit&quot;:&quot;px&quot;,&quot;size&quot;:10,&quot;sizes&quot;:[]},&quot;gap_tablet&quot;:{&quot;unit&quot;:&quot;px&quot;,&quot;size&quot;:10,&quot;sizes&quot;:[]},&quot;gap_mobile&quot;:{&quot;unit&quot;:&quot;px&quot;,&quot;size&quot;:10,&quot;sizes&quot;:[]},&quot;link_to&quot;:&quot;file&quot;,&quot;aspect_ratio&quot;:&quot;3:2&quot;,&quot;overlay_background&quot;:&quot;yes&quot;,&quot;content_hover_animation&quot;:&quot;fade-in&quot;}\" data-widget_type=\"gallery.default\">\n\t\t\t\t<div class=\"elementor-widget-container\">\n\t\t\t\t\t\t\t<div class=\"elementor-gallery__container\">\n\t\t\t\t\t\t\t<a class=\"e-gallery-item elementor-gallery-item elementor-animated-content\" href=\"https:\/\/siatehnikadoo.rs\/wp-content\/uploads\/2024\/11\/kolica-za-heder_Tecnomais_Poljoservis-Kljakic.jpg\" data-elementor-open-lightbox=\"yes\" data-elementor-lightbox-slideshow=\"b738f27\" data-elementor-lightbox-title=\"kolica za heder_Tecnomais_Poljoservis Kljakic\" data-e-action-hash=\"#elementor-action%3Aaction%3Dlightbox%26settings%3DeyJpZCI6Mjg5NCwidXJsIjoiaHR0cHM6XC9cL3NpYXRlaG5pa2Fkb28ucnNcL3dwLWNvbnRlbnRcL3VwbG9hZHNcLzIwMjRcLzExXC9rb2xpY2EtemEtaGVkZXJfVGVjbm9tYWlzX1BvbGpvc2VydmlzLUtsamFraWMuanBnIiwic2xpZGVzaG93IjoiYjczOGYyNyJ9\">\n\t\t\t\t\t<div class=\"e-gallery-image elementor-gallery-item__image\" data-thumbnail=\"https:\/\/siatehnikadoo.rs\/wp-content\/uploads\/2024\/11\/kolica-za-heder_Tecnomais_Poljoservis-Kljakic.jpg\" data-width=\"1600\" data-height=\"1200\" aria-label=\"\" role=\"img\" ><\/div>\n\t\t\t\t\t\t\t\t\t\t\t<div class=\"elementor-gallery-item__overlay\"><\/div>\n\t\t\t\t\t\t\t\t\t\t\t\t\t\t<\/a>\n\t\t\t\t\t\t\t<a class=\"e-gallery-item elementor-gallery-item elementor-animated-content\" href=\"https:\/\/siatehnikadoo.rs\/wp-content\/uploads\/2024\/11\/heder_Kljakic.jpg\" data-elementor-open-lightbox=\"yes\" data-elementor-lightbox-slideshow=\"b738f27\" data-elementor-lightbox-title=\"heder_Kljakic\" data-e-action-hash=\"#elementor-action%3Aaction%3Dlightbox%26settings%3DeyJpZCI6Mjg4OCwidXJsIjoiaHR0cHM6XC9cL3NpYXRlaG5pa2Fkb28ucnNcL3dwLWNvbnRlbnRcL3VwbG9hZHNcLzIwMjRcLzExXC9oZWRlcl9LbGpha2ljLmpwZyIsInNsaWRlc2hvdyI6ImI3MzhmMjcifQ%3D%3D\">\n\t\t\t\t\t<div class=\"e-gallery-image elementor-gallery-item__image\" data-thumbnail=\"https:\/\/siatehnikadoo.rs\/wp-content\/uploads\/2024\/11\/heder_Kljakic.jpg\" data-width=\"1600\" data-height=\"1200\" aria-label=\"\" role=\"img\" ><\/div>\n\t\t\t\t\t\t\t\t\t\t\t<div class=\"elementor-gallery-item__overlay\"><\/div>\n\t\t\t\t\t\t\t\t\t\t\t\t\t\t<\/a>\n\t\t\t\t\t\t\t<a class=\"e-gallery-item elementor-gallery-item elementor-animated-content\" href=\"https:\/\/siatehnikadoo.rs\/wp-content\/uploads\/2024\/11\/kolica-za-heder_Poljoservis.jpg\" data-elementor-open-lightbox=\"yes\" data-elementor-lightbox-slideshow=\"b738f27\" data-elementor-lightbox-title=\"kolica za heder_Poljoservis\" data-e-action-hash=\"#elementor-action%3Aaction%3Dlightbox%26settings%3DeyJpZCI6Mjg5MywidXJsIjoiaHR0cHM6XC9cL3NpYXRlaG5pa2Fkb28ucnNcL3dwLWNvbnRlbnRcL3VwbG9hZHNcLzIwMjRcLzExXC9rb2xpY2EtemEtaGVkZXJfUG9sam9zZXJ2aXMuanBnIiwic2xpZGVzaG93IjoiYjczOGYyNyJ9\">\n\t\t\t\t\t<div class=\"e-gallery-image elementor-gallery-item__image\" data-thumbnail=\"https:\/\/siatehnikadoo.rs\/wp-content\/uploads\/2024\/11\/kolica-za-heder_Poljoservis.jpg\" data-width=\"1600\" data-height=\"900\" aria-label=\"\" role=\"img\" ><\/div>\n\t\t\t\t\t\t\t\t\t\t\t<div class=\"elementor-gallery-item__overlay\"><\/div>\n\t\t\t\t\t\t\t\t\t\t\t\t\t\t<\/a>\n\t\t\t\t\t\t\t<a class=\"e-gallery-item elementor-gallery-item elementor-animated-content\" href=\"https:\/\/siatehnikadoo.rs\/wp-content\/uploads\/2024\/11\/kolica-za-heder_Kljakic.jpg\" data-elementor-open-lightbox=\"yes\" data-elementor-lightbox-slideshow=\"b738f27\" data-elementor-lightbox-title=\"kolica za heder_Kljakic\" data-e-action-hash=\"#elementor-action%3Aaction%3Dlightbox%26settings%3DeyJpZCI6Mjg5MiwidXJsIjoiaHR0cHM6XC9cL3NpYXRlaG5pa2Fkb28ucnNcL3dwLWNvbnRlbnRcL3VwbG9hZHNcLzIwMjRcLzExXC9rb2xpY2EtemEtaGVkZXJfS2xqYWtpYy5qcGciLCJzbGlkZXNob3ciOiJiNzM4ZjI3In0%3D\">\n\t\t\t\t\t<div class=\"e-gallery-image elementor-gallery-item__image\" data-thumbnail=\"https:\/\/siatehnikadoo.rs\/wp-content\/uploads\/2024\/11\/kolica-za-heder_Kljakic.jpg\" data-width=\"1140\" data-height=\"855\" aria-label=\"\" role=\"img\" ><\/div>\n\t\t\t\t\t\t\t\t\t\t\t<div class=\"elementor-gallery-item__overlay\"><\/div>\n\t\t\t\t\t\t\t\t\t\t\t\t\t\t<\/a>\n\t\t\t\t\t\t\t<a class=\"e-gallery-item elementor-gallery-item elementor-animated-content\" href=\"https:\/\/siatehnikadoo.rs\/wp-content\/uploads\/2024\/11\/kolica-za-heder_Kljakic-1.jpg\" data-elementor-open-lightbox=\"yes\" data-elementor-lightbox-slideshow=\"b738f27\" data-elementor-lightbox-title=\"kolica za heder_Kljakic (1)\" data-e-action-hash=\"#elementor-action%3Aaction%3Dlightbox%26settings%3DeyJpZCI6Mjg5MSwidXJsIjoiaHR0cHM6XC9cL3NpYXRlaG5pa2Fkb28ucnNcL3dwLWNvbnRlbnRcL3VwbG9hZHNcLzIwMjRcLzExXC9rb2xpY2EtemEtaGVkZXJfS2xqYWtpYy0xLmpwZyIsInNsaWRlc2hvdyI6ImI3MzhmMjcifQ%3D%3D\">\n\t\t\t\t\t<div class=\"e-gallery-image elementor-gallery-item__image\" data-thumbnail=\"https:\/\/siatehnikadoo.rs\/wp-content\/uploads\/2024\/11\/kolica-za-heder_Kljakic-1.jpg\" data-width=\"1182\" data-height=\"886\" aria-label=\"\" role=\"img\" ><\/div>\n\t\t\t\t\t\t\t\t\t\t\t<div class=\"elementor-gallery-item__overlay\"><\/div>\n\t\t\t\t\t\t\t\t\t\t\t\t\t\t<\/a>\n\t\t\t\t\t\t\t<a class=\"e-gallery-item elementor-gallery-item elementor-animated-content\" href=\"https:\/\/siatehnikadoo.rs\/wp-content\/uploads\/2024\/11\/kolica-za-heder-3_Poljoservis-Kljakic.jpg\" data-elementor-open-lightbox=\"yes\" data-elementor-lightbox-slideshow=\"b738f27\" data-elementor-lightbox-title=\"kolica za heder 3_Poljoservis Kljakic\" data-e-action-hash=\"#elementor-action%3Aaction%3Dlightbox%26settings%3DeyJpZCI6Mjg5MCwidXJsIjoiaHR0cHM6XC9cL3NpYXRlaG5pa2Fkb28ucnNcL3dwLWNvbnRlbnRcL3VwbG9hZHNcLzIwMjRcLzExXC9rb2xpY2EtemEtaGVkZXItM19Qb2xqb3NlcnZpcy1LbGpha2ljLmpwZyIsInNsaWRlc2hvdyI6ImI3MzhmMjcifQ%3D%3D\">\n\t\t\t\t\t<div class=\"e-gallery-image elementor-gallery-item__image\" data-thumbnail=\"https:\/\/siatehnikadoo.rs\/wp-content\/uploads\/2024\/11\/kolica-za-heder-3_Poljoservis-Kljakic.jpg\" data-width=\"1600\" data-height=\"1200\" aria-label=\"\" role=\"img\" ><\/div>\n\t\t\t\t\t\t\t\t\t\t\t<div class=\"elementor-gallery-item__overlay\"><\/div>\n\t\t\t\t\t\t\t\t\t\t\t\t\t\t<\/a>\n\t\t\t\t\t\t\t<a class=\"e-gallery-item elementor-gallery-item elementor-animated-content\" href=\"https:\/\/siatehnikadoo.rs\/wp-content\/uploads\/2024\/11\/kolica-za-heder-2_Kljakic.jpg\" data-elementor-open-lightbox=\"yes\" data-elementor-lightbox-slideshow=\"b738f27\" data-elementor-lightbox-title=\"kolica za heder 2_Kljakic\" data-e-action-hash=\"#elementor-action%3Aaction%3Dlightbox%26settings%3DeyJpZCI6Mjg4OSwidXJsIjoiaHR0cHM6XC9cL3NpYXRlaG5pa2Fkb28ucnNcL3dwLWNvbnRlbnRcL3VwbG9hZHNcLzIwMjRcLzExXC9rb2xpY2EtemEtaGVkZXItMl9LbGpha2ljLmpwZyIsInNsaWRlc2hvdyI6ImI3MzhmMjcifQ%3D%3D\">\n\t\t\t\t\t<div class=\"e-gallery-image elementor-gallery-item__image\" data-thumbnail=\"https:\/\/siatehnikadoo.rs\/wp-content\/uploads\/2024\/11\/kolica-za-heder-2_Kljakic.jpg\" data-width=\"1520\" data-height=\"1140\" aria-label=\"\" role=\"img\" ><\/div>\n\t\t\t\t\t\t\t\t\t\t\t<div class=\"elementor-gallery-item__overlay\"><\/div>\n\t\t\t\t\t\t\t\t\t\t\t\t\t\t<\/a>\n\t\t\t\t\t<\/div>\n\t\t\t\t\t<\/div>\n\t\t\t\t<\/div>\n\t\t\t\t<\/div>\n\t\t\t\t\t<\/div>\n\t\t\t\t<\/div>\n\t\t<div class=\"elementor-element elementor-element-995bc91 e-flex e-con-boxed e-con e-parent\" data-id=\"995bc91\" data-element_type=\"container\" data-e-type=\"container\" data-settings=\"{&quot;background_background&quot;:&quot;classic&quot;}\">\n\t\t\t\t\t<div class=\"e-con-inner\">\n\t\t\t\t<div class=\"elementor-element elementor-element-05ef95e elementor-widget elementor-widget-heading\" data-id=\"05ef95e\" data-element_type=\"widget\" data-e-type=\"widget\" data-widget_type=\"heading.default\">\n\t\t\t\t<div class=\"elementor-widget-container\">\n\t\t\t\t\t<span class=\"elementor-heading-title elementor-size-default\">SIA TEHNIKA DOO<\/span>\t\t\t\t<\/div>\n\t\t\t\t<\/div>\n\t\t\t\t<div class=\"elementor-element elementor-element-6557a5f elementor-widget__width-initial elementor-widget-tablet__width-inherit elementor-widget elementor-widget-heading\" data-id=\"6557a5f\" data-element_type=\"widget\" data-e-type=\"widget\" data-widget_type=\"heading.default\">\n\t\t\t\t<div class=\"elementor-widget-container\">\n\t\t\t\t\t<h2 class=\"elementor-heading-title elementor-size-default\">Potreban Vam je ekspert za poljoprivredne ma\u0161ine?<\/h2>\t\t\t\t<\/div>\n\t\t\t\t<\/div>\n\t\t\t\t<div class=\"elementor-element elementor-element-d6d2896 elementor-align-center elementor-mobile-align-justify elementor-widget-mobile__width-inherit elementor-widget elementor-widget-button\" data-id=\"d6d2896\" data-element_type=\"widget\" data-e-type=\"widget\" data-widget_type=\"button.default\">\n\t\t\t\t<div class=\"elementor-widget-container\">\n\t\t\t\t\t\t\t\t\t<div class=\"elementor-button-wrapper\">\n\t\t\t\t\t<a class=\"elementor-button elementor-button-link elementor-size-sm\" href=\"https:\/\/siatehnikadoo.rs\/sk\/kontakt\/\">\n\t\t\t\t\t\t<span class=\"elementor-button-content-wrapper\">\n\t\t\t\t\t\t\t\t\t<span class=\"elementor-button-text\">Kontaktirajte nas<\/span>\n\t\t\t\t\t<\/span>\n\t\t\t\t\t<\/a>\n\t\t\t\t<\/div>\n\t\t\t\t\t\t\t\t<\/div>\n\t\t\t\t<\/div>\n\t\t\t\t\t<\/div>\n\t\t\t\t<\/div>\n\t\t\t\t<\/div>\n\t\t","protected":false},"excerpt":{"rendered":"<p>Kolica za heder olak\u0161avaju jednostavan i siguran transport hedera sa jedne parcele na drugu, \u0161tede\u0107i vreme i energiju poljoprivrednika. Njihova stabilna i robusna konstrukcija pru\u017ea sigurnost \u010dak i na neravnom terenu. U ponudi imamo kolica posebno prilago\u0111ena za vrhunske hedere za kukuruz italijanskog proizvo\u0111a\u010da TECNOMAIS, \u010dime se osigurava maksimalna efikasnost i bezbednost pri transportu i [&hellip;]<\/p>\n","protected":false},"author":2,"featured_media":0,"parent":297,"menu_order":0,"comment_status":"closed","ping_status":"closed","template":"","meta":{"content-type":"","footnotes":""},"class_list":["post-939","page","type-page","status-publish","hentry"],"_links":{"self":[{"href":"https:\/\/siatehnikadoo.rs\/sk\/wp-json\/wp\/v2\/pages\/939","targetHints":{"allow":["GET"]}}],"collection":[{"href":"https:\/\/siatehnikadoo.rs\/sk\/wp-json\/wp\/v2\/pages"}],"about":[{"href":"https:\/\/siatehnikadoo.rs\/sk\/wp-json\/wp\/v2\/types\/page"}],"author":[{"embeddable":true,"href":"https:\/\/siatehnikadoo.rs\/sk\/wp-json\/wp\/v2\/users\/2"}],"replies":[{"embeddable":true,"href":"https:\/\/siatehnikadoo.rs\/sk\/wp-json\/wp\/v2\/comments?post=939"}],"version-history":[{"count":30,"href":"https:\/\/siatehnikadoo.rs\/sk\/wp-json\/wp\/v2\/pages\/939\/revisions"}],"predecessor-version":[{"id":3463,"href":"https:\/\/siatehnikadoo.rs\/sk\/wp-json\/wp\/v2\/pages\/939\/revisions\/3463"}],"up":[{"embeddable":true,"href":"https:\/\/siatehnikadoo.rs\/sk\/wp-json\/wp\/v2\/pages\/297"}],"wp:attachment":[{"href":"https:\/\/siatehnikadoo.rs\/sk\/wp-json\/wp\/v2\/media?parent=939"}],"curies":[{"name":"pracovn\u00fd list","href":"https:\/\/api.w.org\/{rel}","templated":true}]}}